{"id":1829,"date":"2017-03-21T10:43:46","date_gmt":"2017-03-21T09:43:46","guid":{"rendered":"http:\/\/ligue-golfgrandest.org\/?page_id=1829"},"modified":"2025-01-09T14:33:46","modified_gmt":"2025-01-09T13:33:46","slug":"golf-cherisey","status":"publish","type":"page","link":"https:\/\/ligue-golfgrandest.org\/index.php\/clubs\/lorraine\/golf-cherisey\/","title":{"rendered":"UGolf Ch\u00e2teau de Metz-Cherisey"},"content":{"rendered":"\n<div class=\"wp-block-columns is-layout-flex wp-container-core-columns-is-layout-9d6595d7 wp-block-columns-is-layout-flex\">\n<div class=\"wp-block-column is-layout-flow wp-block-column-is-layout-flow\"><div class=\"wp-block-image\">\n<figure class=\"aligncenter\"><a href=\"http:\/\/ligue-golfgrandest.org\/wp-content\/uploads\/2018\/05\/14-UGOLF-METZ-CHERISEY.png\"><img loading=\"lazy\" decoding=\"async\" width=\"250\" height=\"160\" src=\"http:\/\/ligue-golfgrandest.org\/wp-content\/uploads\/2018\/05\/14-UGOLF-METZ-CHERISEY.png\" alt=\"\" class=\"wp-image-10746\"\/><\/a><\/figure><\/div><\/div>\n\n\n\n<div class=\"wp-block-column is-layout-flow wp-block-column-is-layout-flow\">\n<h3 class=\"wp-block-heading\" id=\"asso-sportive\">Asso. Sportive<\/h3>\n\n\n\n<p>Ch\u00e2teau de Ch\u00e9risey<br>38 rue Principale<br>57420 CH\u00c9RISEY<br>Pr\u00e9sident AS : Patrick GRIMM<br><a href=\"mailto:asgolfcherisey@gmail.com\">asgolfcherisey@gmail.com<\/a><\/p>\n\n\n\n<p><a href=\"http:\/\/www.golfmetzcherisey.fr\">www.golfmetzcherisey.fr<\/a><br>Facebook : <a href=\"https:\/\/www.facebook.com\/profile.php?id=100057400520784\" data-type=\"link\" data-id=\"https:\/\/www.facebook.com\/profile.php?id=100057400520784\">Association Sportive Golf de Metz Ch\u00e9risey<\/a><\/p>\n\n\n\n<p><a href=\"https:\/\/web.ffgolf.org\/ffgolf\/tee\/tee.php?gk=3f351b91f08b41ddef70787d4d6bbaea\">D\u00e9parts comp\u00e9titions<\/a><br><a href=\"https:\/\/pages.ffgolf.org\/resultats\/liste-competitions\/3f351b91f08b41ddef70787d4d6bbaea\">R\u00e9sultats comp\u00e9titions<\/a><\/p>\n<\/div>\n\n\n\n<div class=\"wp-block-column is-layout-flow wp-block-column-is-layout-flow\">\n<h3 class=\"wp-block-heading\" id=\"le-club\">Le Club<\/h3>\n\n\n\n<p>1 parcours 18 trous<br>1 practice<br>1 restaurant<br>Directeur : Julien LIST<br><a href=\"mailto:contact@exclusivgolf-cherisey.fr\">contact.cherisey@ugolf.eu<\/a><br><a href=\"https:\/\/jouer.golf\/\" target=\"_blank\" rel=\"noreferrer noopener\">https:\/\/jouer.golf\/<\/a><br><a href=\"https:\/\/jouer.golf\/golf\/ugolf-chateau-de-metz-cherisey\/\">Ch\u00e2teau de Metz Ch\u00e9risey<\/a><br>Facebook : <a href=\"https:\/\/www.facebook.com\/pages\/Golf-Metz-Cherisey\/364827116970975\" data-type=\"link\" data-id=\"https:\/\/www.facebook.com\/pages\/Golf-Metz-Cherisey\/364827116970975\">Golf Metz Cherisey<\/a><br>03 87 52 70 18<\/p>\n<\/div>\n<\/div>\n\n\n\n<figure class=\"wp-block-gallery has-nested-images columns-3 is-cropped wp-block-gallery-1 is-layout-flex wp-block-gallery-is-layout-flex\">\n<figure class=\"wp-block-image size-large\"><a href=\"https:\/\/ligue-golfgrandest.org\/wp-content\/uploads\/2017\/03\/14-Cherisey-3.jpg\"><img loading=\"lazy\" decoding=\"async\" width=\"800\" height=\"600\" data-id=\"1827\" src=\"https:\/\/ligue-golfgrandest.org\/wp-content\/uploads\/2017\/03\/14-Cherisey-3.jpg\" alt=\"\" class=\"wp-image-1827\" srcset=\"https:\/\/ligue-golfgrandest.org\/wp-content\/uploads\/2017\/03\/14-Cherisey-3.jpg 800w, https:\/\/ligue-golfgrandest.org\/wp-content\/uploads\/2017\/03\/14-Cherisey-3-350x263.jpg 350w, https:\/\/ligue-golfgrandest.org\/wp-content\/uploads\/2017\/03\/14-Cherisey-3-768x576.jpg 768w\" sizes=\"auto, (max-width: 800px) 100vw, 800px\" \/><\/a><\/figure>\n\n\n\n<figure class=\"wp-block-image size-large\"><a href=\"https:\/\/ligue-golfgrandest.org\/wp-content\/uploads\/2017\/03\/14-CHERISEY-2.jpg\"><img loading=\"lazy\" decoding=\"async\" width=\"800\" height=\"600\" data-id=\"1826\" src=\"https:\/\/ligue-golfgrandest.org\/wp-content\/uploads\/2017\/03\/14-CHERISEY-2.jpg\" alt=\"\" class=\"wp-image-1826\" srcset=\"https:\/\/ligue-golfgrandest.org\/wp-content\/uploads\/2017\/03\/14-CHERISEY-2.jpg 800w, https:\/\/ligue-golfgrandest.org\/wp-content\/uploads\/2017\/03\/14-CHERISEY-2-350x263.jpg 350w, https:\/\/ligue-golfgrandest.org\/wp-content\/uploads\/2017\/03\/14-CHERISEY-2-768x576.jpg 768w\" sizes=\"auto, (max-width: 800px) 100vw, 800px\" \/><\/a><\/figure>\n\n\n\n<figure class=\"wp-block-image size-large\"><a href=\"https:\/\/ligue-golfgrandest.org\/wp-content\/uploads\/2017\/03\/14-Cherisey-2.jpg\"><img loading=\"lazy\" decoding=\"async\" width=\"800\" height=\"600\" data-id=\"1825\" src=\"https:\/\/ligue-golfgrandest.org\/wp-content\/uploads\/2017\/03\/14-Cherisey-2.jpg\" alt=\"\" class=\"wp-image-1825\" srcset=\"https:\/\/ligue-golfgrandest.org\/wp-content\/uploads\/2017\/03\/14-Cherisey-2.jpg 800w, https:\/\/ligue-golfgrandest.org\/wp-content\/uploads\/2017\/03\/14-Cherisey-2-350x263.jpg 350w, https:\/\/ligue-golfgrandest.org\/wp-content\/uploads\/2017\/03\/14-Cherisey-2-768x576.jpg 768w\" sizes=\"auto, (max-width: 800px) 100vw, 800px\" \/><\/a><\/figure>\n<\/figure>\n\n\n\n<iframe src=\"https:\/\/www.google.com\/maps\/embed?pb=!1m18!1m12!1m3!1d46996.83966429854!2d6.221897150295316!3d49.01364215281558!2m3!1f0!2f0!3f0!3m2!1i1024!2i768!4f13.1!3m3!1m2!1s0x4794c29c568a1ea1%3A0x7e6add0597eb029e!2sUGOLF%20Ch%C3%A2teau%20de%20Metz%20Ch%C3%A9risey%20(Golf%20de%20Metz%20Ch%C3%A9risey)!5e0!3m2!1sfr!2sfr!4v1642672809671!5m2!1sfr!2sfr\" width=\"100%\" height=\"450\" style=\"border:0;\" allowfullscreen=\"\" loading=\"lazy\"><\/iframe>\n","protected":false},"excerpt":{"rendered":"<p>Asso. Sportive Ch\u00e2teau de Ch\u00e9risey38 rue Principale57420 CH\u00c9RISEYPr\u00e9sident AS : Patrick GRIMMasgolfcherisey@gmail.com www.golfmetzcherisey.frFacebook : Association Sportive Golf de Metz Ch\u00e9risey D\u00e9parts comp\u00e9titionsR\u00e9sultats comp\u00e9titions Le Club 1 parcours 18 trous1 practice1 restaurantDirecteur : Julien LISTcontact.cherisey@ugolf.euhttps:\/\/jouer.golf\/Ch\u00e2teau de Metz Ch\u00e9riseyFacebook : Golf Metz Cherisey03 87 52 70 18<\/p>\n","protected":false},"author":3,"featured_media":0,"parent":137,"menu_order":14,"comment_status":"closed","ping_status":"closed","template":"page-templates\/page-full-width.php","meta":{"footnotes":""},"class_list":["post-1829","page","type-page","status-publish","hentry"],"_links":{"self":[{"href":"https:\/\/ligue-golfgrandest.org\/index.php\/wp-json\/wp\/v2\/pages\/1829","targetHints":{"allow":["GET"]}}],"collection":[{"href":"https:\/\/ligue-golfgrandest.org\/index.php\/wp-json\/wp\/v2\/pages"}],"about":[{"href":"https:\/\/ligue-golfgrandest.org\/index.php\/wp-json\/wp\/v2\/types\/page"}],"author":[{"embeddable":true,"href":"https:\/\/ligue-golfgrandest.org\/index.php\/wp-json\/wp\/v2\/users\/3"}],"replies":[{"embeddable":true,"href":"https:\/\/ligue-golfgrandest.org\/index.php\/wp-json\/wp\/v2\/comments?post=1829"}],"version-history":[{"count":0,"href":"https:\/\/ligue-golfgrandest.org\/index.php\/wp-json\/wp\/v2\/pages\/1829\/revisions"}],"up":[{"embeddable":true,"href":"https:\/\/ligue-golfgrandest.org\/index.php\/wp-json\/wp\/v2\/pages\/137"}],"wp:attachment":[{"href":"https:\/\/ligue-golfgrandest.org\/index.php\/wp-json\/wp\/v2\/media?parent=1829"}],"curies":[{"name":"wp","href":"https:\/\/api.w.org\/{rel}","templated":true}]}}