{"id":174,"date":"2017-01-20T14:04:47","date_gmt":"2017-01-20T13:04:47","guid":{"rendered":"http:\/\/ligue-golfgrandest.org\/?page_id=174"},"modified":"2026-02-27T10:04:39","modified_gmt":"2026-02-27T09:04:39","slug":"marne-51","status":"publish","type":"page","link":"https:\/\/ligue-golfgrandest.org\/index.php\/comites-dpt\/marne-51\/","title":{"rendered":"CT MARNE\/ARDENNES | 51\/08"},"content":{"rendered":"\n<div class=\"wp-block-columns is-layout-flex wp-container-core-columns-is-layout-9d6595d7 wp-block-columns-is-layout-flex\">\n<div class=\"wp-block-column is-layout-flow wp-block-column-is-layout-flow\" style=\"flex-basis:33.33%\">\n<figure class=\"wp-block-image size-full\"><img loading=\"lazy\" decoding=\"async\" width=\"442\" height=\"260\" src=\"https:\/\/ligue-golfgrandest.org\/wp-content\/uploads\/2024\/09\/LOGO-CT51-08.png\" alt=\"\" class=\"wp-image-56400\"\/><\/figure>\n<\/div>\n\n\n\n<div class=\"wp-block-column is-layout-flow wp-block-column-is-layout-flow\" style=\"flex-basis:66.66%\">\n<h3 class=\"wp-block-heading has-black-color has-text-color\" id=\"cd-de-golf-de-la-marne\">Comit\u00e9 Territorial de Golf Marne\/Ardennes<\/h3>\n\n\n\n<p>Guillaume BRAVO<br>16 rue de Tabur<br>51 400 Sept Saulx<br><a href=\"mailto:cd51@ligue-golfgrandest.org\">cd51@ligue-golfgrandest.org<\/a><\/p>\n\n\n\n<p><strong>Facebook<\/strong> : <a href=\"https:\/\/www.facebook.com\/profile.php?id=100073327296141\">Comit\u00e9Golf Marne<\/a><br><strong>Page internet :<\/strong> <a href=\"https:\/\/ctgolf5108.fr\/\">https:\/\/ctgolf5108.fr\/<\/a><\/p>\n<\/div>\n<\/div>\n\n\n\n<div class=\"wp-block-columns is-layout-flex wp-container-core-columns-is-layout-9d6595d7 wp-block-columns-is-layout-flex\">\n<div class=\"wp-block-column is-layout-flow wp-block-column-is-layout-flow\" style=\"flex-basis:33.33%\">\n<figure class=\"wp-block-image size-medium\"><img loading=\"lazy\" decoding=\"async\" width=\"215\" height=\"300\" src=\"https:\/\/ligue-golfgrandest.org\/wp-content\/uploads\/2024\/11\/Guillaume-BRAVO-e1732014398591-215x300.png\" alt=\"\" class=\"wp-image-57128\" srcset=\"https:\/\/ligue-golfgrandest.org\/wp-content\/uploads\/2024\/11\/Guillaume-BRAVO-e1732014398591-215x300.png 215w, https:\/\/ligue-golfgrandest.org\/wp-content\/uploads\/2024\/11\/Guillaume-BRAVO-e1732014398591.png 525w\" sizes=\"auto, (max-width: 215px) 100vw, 215px\" \/><\/figure>\n\n\n\n<h2 class=\"wp-block-heading has-small-font-size\"><strong>Guillaume BRAVO<\/strong> : Pr\u00e9sident<\/h2>\n<\/div>\n\n\n\n<div class=\"wp-block-column is-layout-flow wp-block-column-is-layout-flow\" style=\"flex-basis:66.66%\">\n<h3 class=\"wp-block-heading\" id=\"le-comite\">Le Comit\u00e9 <\/h3>\n\n\n\n<p><strong>Guillaume BRAVO<\/strong> : Pr\u00e9sident &#8211; Commission Jeunes et EDG &#8211; Site internet R\u00e9seaux &#8211; relations Ligue<\/p>\n\n\n\n<p><strong>Sophie LELARGE<\/strong> : Vice-pr\u00e9sidente &#8211; Commission f\u00e9minine<\/p>\n\n\n\n<p><strong>Nathalie SALAUN<\/strong> : Tr\u00e9sori\u00e8re &#8211; Commission \u00e9conomie, communication\/graphisme<\/p>\n\n\n\n<p><strong>Aurore BRUSCHI<\/strong> : Secr\u00e9taire &#8211; Commission scolaire (primaire)<\/p>\n\n\n\n<p><strong>Fran\u00e7ois-Xavier JACQUESSON<\/strong> : Commission scolaire (secondaire)<\/p>\n\n\n\n<p><strong>Antoine BRUSCHI<\/strong> : Commission relations partenaires<\/p>\n<\/div>\n<\/div>\n\n\n\n<h3 class=\"wp-block-heading\" id=\"les-communiques-du-comite-departemental\">Les communiqu\u00e9s du Comit\u00e9 D\u00e9partemental<\/h3>\n\n\n\n<p>Assembl\u00e9e G\u00e9n\u00e9rale 2026 > <a href=\"https:\/\/ligue-golfgrandest.org\/wp-content\/uploads\/2026\/02\/PV-AG-2026-ct-golf-51.08.pdf\">Proc\u00e8s verbal<\/a><\/p>\n\n\n\n<p><a href=\"https:\/\/ligue-golfgrandest.org\/wp-content\/uploads\/2024\/10\/PAA-2024_CT5108vf.pdf\">Bilan actions 2024 <\/a>|<\/p>\n\n\n\n<p><strong>\u00c9LECTIONS 2024 <\/strong>: <a href=\"https:\/\/ligue-golfgrandest.org\/wp-content\/uploads\/2024\/11\/PV-AG-elective-CT-5108.pdf\">PV AG \u00e9lective<\/a> | <a href=\"https:\/\/ligue-golfgrandest.org\/wp-content\/uploads\/2024\/11\/pres-ag-elective-03.11.24.pdf\">Pr\u00e9sentation AG<\/a> <\/p>\n\n\n\n<p><a href=\"https:\/\/ligue-golfgrandest.org\/wp-content\/uploads\/2024\/09\/reglement-operations-electorales-cct5108-2024.pdf\">R\u00e8glement des op\u00e9rations \u00e9lectorales<\/a> | <a href=\"https:\/\/ligue-golfgrandest.org\/wp-content\/uploads\/2024\/09\/modele-declaration-honneur-comite-v29052024.pdf\">D\u00e9claration sur l&rsquo;honneur<\/a> | <a href=\"https:\/\/ligue-golfgrandest.org\/wp-content\/uploads\/2024\/09\/appel-a-candidatures-ct5108-2024.pdf\">Appel \u00e0 Candidature<\/a><\/p>\n\n\n\n<p><strong>Nouveaux <a href=\"https:\/\/ligue-golfgrandest.org\/wp-content\/uploads\/2024\/07\/STATUTS-DU-COMITE-TERRITORIAL-DE-GOLF-DE-MARNE-ARDENNES-5108.pdf\">Statuts<\/a> et <a href=\"https:\/\/ligue-golfgrandest.org\/wp-content\/uploads\/2024\/07\/REGLEMENT-INTERIEUR-DU-COMITE-TERRITORIAL-DE-GOLF-DE-MARNE-ARDENNES.pdf\">RI<\/a> du CT 51\/08 |<\/strong><\/p>\n\n\n\n<p><strong>20 mars 2024 <\/strong>&#8211; <a href=\"https:\/\/ligue-golfgrandest.org\/wp-content\/uploads\/2024\/07\/2024_CD51PVAGO.pdf\">PV AGO<\/a> | <a href=\"https:\/\/ligue-golfgrandest.org\/wp-content\/uploads\/2024\/07\/2024_CD51PVAGE.pdf\">PV AGE<\/a><\/p>\n\n\n\n<p><strong>Ca bouge en Marne&#8230;.<\/strong><\/p>\n\n\n\n<p>Lanc\u00e9e depuis 2019 mais arr\u00eat\u00e9e suite aux contraintes sanitaires, l&rsquo;action golf en milieu scolaire a pu se concr\u00e9tiser&nbsp;cette ann\u00e9e. Deux demi-journ\u00e9es et quatre fois deux heures&nbsp;de formation&nbsp;pour les&nbsp;professeurs des \u00e9coles ont eu lieu au printemps sur les golfs de B\u00e9zannes et de Mourmelon.&nbsp;21&nbsp;enseignants y ont particip\u00e9 et ont mis en place, dans leur \u00e9tablissement et&nbsp;pour chacune de leur classe,&nbsp;un cycle de huit s\u00e9ances. Deux journ\u00e9es \u00ab\u00a0rencontre\u00a0\u00bb le 10 Juin 2021 \u00e0 B\u00e9zannes et le 17 Juin 2021 \u00e0 Mourmelon ont permis \u00e0 ces 21 classes soit plus de&nbsp;cinq cents \u00e9l\u00e8ves de primaire de&nbsp;d\u00e9couvrir un des deux&nbsp;golfs, de participer \u00e0 des ateliers et \u00e0 une comp\u00e9tition sur un vrai&nbsp;parcours&nbsp;adapt\u00e9 \u00e0 leur mat\u00e9riel et leur niveau. Un grand merci aux directeurs de ces deux clubs&nbsp;et \u00e0 leurs collaborateurs pour leur accueil et leur implication ainsi qu&rsquo;aux Pros qui ont encadr\u00e9 ces deux journ\u00e9es et \u00e0 M. Viet Christophe le d\u00e9l\u00e9gu\u00e9 USEP 51 cheville ouvri\u00e8re de l&rsquo;action. C&rsquo;\u00e9tait une premi\u00e8re mais certainement&nbsp;pas une derni\u00e8re.<\/p>\n\n\n\n<figure class=\"wp-block-gallery has-nested-images columns-5 is-cropped wp-block-gallery-1 is-layout-flex wp-block-gallery-is-layout-flex\">\n<figure class=\"wp-block-image size-large\"><a href=\"https:\/\/ligue-golfgrandest.org\/wp-content\/uploads\/2021\/06\/20210610_091949-scaled.jpg\"><img loading=\"lazy\" decoding=\"async\" width=\"1600\" height=\"778\" data-id=\"33531\" src=\"https:\/\/ligue-golfgrandest.org\/wp-content\/uploads\/2021\/06\/20210610_091949-1600x778.jpg\" alt=\"\" class=\"wp-image-33531\" srcset=\"https:\/\/ligue-golfgrandest.org\/wp-content\/uploads\/2021\/06\/20210610_091949-1600x778.jpg 1600w, https:\/\/ligue-golfgrandest.org\/wp-content\/uploads\/2021\/06\/20210610_091949-530x258.jpg 530w, https:\/\/ligue-golfgrandest.org\/wp-content\/uploads\/2021\/06\/20210610_091949-768x373.jpg 768w, https:\/\/ligue-golfgrandest.org\/wp-content\/uploads\/2021\/06\/20210610_091949-1536x747.jpg 1536w, https:\/\/ligue-golfgrandest.org\/wp-content\/uploads\/2021\/06\/20210610_091949-2048x996.jpg 2048w\" sizes=\"auto, (max-width: 1600px) 100vw, 1600px\" \/><\/a><\/figure>\n\n\n\n<figure class=\"wp-block-image size-large\"><a href=\"https:\/\/ligue-golfgrandest.org\/wp-content\/uploads\/2021\/06\/20210610_095144-scaled.jpg\"><img loading=\"lazy\" decoding=\"async\" width=\"1600\" height=\"778\" data-id=\"33532\" src=\"https:\/\/ligue-golfgrandest.org\/wp-content\/uploads\/2021\/06\/20210610_095144-1600x778.jpg\" alt=\"\" class=\"wp-image-33532\" srcset=\"https:\/\/ligue-golfgrandest.org\/wp-content\/uploads\/2021\/06\/20210610_095144-1600x778.jpg 1600w, https:\/\/ligue-golfgrandest.org\/wp-content\/uploads\/2021\/06\/20210610_095144-530x258.jpg 530w, https:\/\/ligue-golfgrandest.org\/wp-content\/uploads\/2021\/06\/20210610_095144-768x373.jpg 768w, https:\/\/ligue-golfgrandest.org\/wp-content\/uploads\/2021\/06\/20210610_095144-1536x747.jpg 1536w, https:\/\/ligue-golfgrandest.org\/wp-content\/uploads\/2021\/06\/20210610_095144-2048x996.jpg 2048w\" sizes=\"auto, (max-width: 1600px) 100vw, 1600px\" \/><\/a><\/figure>\n\n\n\n<figure class=\"wp-block-image size-large\"><a href=\"https:\/\/ligue-golfgrandest.org\/wp-content\/uploads\/2021\/06\/20210617_110726-scaled.jpg\"><img loading=\"lazy\" decoding=\"async\" width=\"1600\" height=\"778\" data-id=\"33534\" src=\"https:\/\/ligue-golfgrandest.org\/wp-content\/uploads\/2021\/06\/20210617_110726-1600x778.jpg\" alt=\"\" class=\"wp-image-33534\" srcset=\"https:\/\/ligue-golfgrandest.org\/wp-content\/uploads\/2021\/06\/20210617_110726-1600x778.jpg 1600w, https:\/\/ligue-golfgrandest.org\/wp-content\/uploads\/2021\/06\/20210617_110726-530x258.jpg 530w, https:\/\/ligue-golfgrandest.org\/wp-content\/uploads\/2021\/06\/20210617_110726-768x373.jpg 768w, https:\/\/ligue-golfgrandest.org\/wp-content\/uploads\/2021\/06\/20210617_110726-1536x747.jpg 1536w, https:\/\/ligue-golfgrandest.org\/wp-content\/uploads\/2021\/06\/20210617_110726-2048x996.jpg 2048w\" sizes=\"auto, (max-width: 1600px) 100vw, 1600px\" \/><\/a><\/figure>\n\n\n\n<figure class=\"wp-block-image size-large\"><a href=\"https:\/\/ligue-golfgrandest.org\/wp-content\/uploads\/2021\/06\/20210617_151428-scaled.jpg\"><img loading=\"lazy\" decoding=\"async\" width=\"1600\" height=\"778\" data-id=\"33536\" src=\"https:\/\/ligue-golfgrandest.org\/wp-content\/uploads\/2021\/06\/20210617_151428-1600x778.jpg\" alt=\"\" class=\"wp-image-33536\" srcset=\"https:\/\/ligue-golfgrandest.org\/wp-content\/uploads\/2021\/06\/20210617_151428-1600x778.jpg 1600w, https:\/\/ligue-golfgrandest.org\/wp-content\/uploads\/2021\/06\/20210617_151428-530x258.jpg 530w, https:\/\/ligue-golfgrandest.org\/wp-content\/uploads\/2021\/06\/20210617_151428-768x373.jpg 768w, https:\/\/ligue-golfgrandest.org\/wp-content\/uploads\/2021\/06\/20210617_151428-1536x747.jpg 1536w, https:\/\/ligue-golfgrandest.org\/wp-content\/uploads\/2021\/06\/20210617_151428-2048x996.jpg 2048w\" sizes=\"auto, (max-width: 1600px) 100vw, 1600px\" \/><\/a><\/figure>\n\n\n\n<figure class=\"wp-block-image size-large\"><a href=\"https:\/\/ligue-golfgrandest.org\/wp-content\/uploads\/2021\/06\/IMG-20210617-WA0006.jpg\"><img loading=\"lazy\" decoding=\"async\" width=\"1600\" height=\"1200\" data-id=\"33538\" src=\"https:\/\/ligue-golfgrandest.org\/wp-content\/uploads\/2021\/06\/IMG-20210617-WA0006-1600x1200.jpg\" alt=\"\" class=\"wp-image-33538\" srcset=\"https:\/\/ligue-golfgrandest.org\/wp-content\/uploads\/2021\/06\/IMG-20210617-WA0006.jpg 1600w, https:\/\/ligue-golfgrandest.org\/wp-content\/uploads\/2021\/06\/IMG-20210617-WA0006-400x300.jpg 400w, https:\/\/ligue-golfgrandest.org\/wp-content\/uploads\/2021\/06\/IMG-20210617-WA0006-768x576.jpg 768w, https:\/\/ligue-golfgrandest.org\/wp-content\/uploads\/2021\/06\/IMG-20210617-WA0006-1536x1152.jpg 1536w\" sizes=\"auto, (max-width: 1600px) 100vw, 1600px\" \/><\/a><\/figure>\n<\/figure>\n\n\n\n<p>10 octobre 2020 : Election du CD51&nbsp; &#8211; <a href=\"https:\/\/ligue-golfgrandest.org\/wp-content\/uploads\/2020\/11\/PV-AGE-10-10-2020.pdf\">Proc\u00e8s Verbal de l&rsquo;AG \u00e9lective<\/a> |<br>10 octobre 2020 : Election du CD51&nbsp; &#8211; <a href=\"https:\/\/ligue-golfgrandest.org\/wp-content\/uploads\/2020\/11\/PV-INST-BD-07-11-2020.pdf\">Proc\u00e8s Verbal d&rsquo;installation du Comit\u00e9 Directeur<\/a> |<\/p>\n\n\n\n<h6 class=\"wp-block-heading\" id=\"carte-ecole-de-golf-juniors-cd51\"><strong>CARTE ECOLE DE GOLF JUNIORS CD51<\/strong><\/h6>\n\n\n\n<p>R\u00e9serv\u00e9e aux membres des Ecoles de Golf de la Marne, cette carte va vous permettre de d\u00e9couvrir, gratuitement, les golfs de notre d\u00e9partement &gt; <a href=\"http:\/\/ligue-golfgrandest.org\/wp-content\/uploads\/2019\/02\/Carte-Ecole-de-GolfV2.pdf\">la carte \u00e9cole de golf Juniors CD51<\/a> |<\/p>\n\n\n<p><!-- \/wp:post-content --><\/p>","protected":false},"excerpt":{"rendered":"<p>Comit\u00e9 Territorial de Golf Marne\/Ardennes Guillaume BRAVO16 rue de Tabur51 400 Sept Saulxcd51@ligue-golfgrandest.org Facebook : Comit\u00e9Golf MarnePage internet : https:\/\/ctgolf5108.fr\/ Guillaume BRAVO : Pr\u00e9sident Le Comit\u00e9 Guillaume BRAVO : Pr\u00e9sident &#8211; Commission Jeunes et EDG &#8211; Site internet R\u00e9seaux &#8211; relations Ligue Sophie LELARGE : Vice-pr\u00e9sidente &#8211; Commission f\u00e9minine Nathalie SALAUN : Tr\u00e9sori\u00e8re &#8211; Commission [&hellip;]<\/p>\n","protected":false},"author":3,"featured_media":0,"parent":156,"menu_order":0,"comment_status":"closed","ping_status":"closed","template":"page-templates\/page-full-width.php","meta":{"footnotes":""},"class_list":["post-174","page","type-page","status-publish","hentry"],"_links":{"self":[{"href":"https:\/\/ligue-golfgrandest.org\/index.php\/wp-json\/wp\/v2\/pages\/174","targetHints":{"allow":["GET"]}}],"collection":[{"href":"https:\/\/ligue-golfgrandest.org\/index.php\/wp-json\/wp\/v2\/pages"}],"about":[{"href":"https:\/\/ligue-golfgrandest.org\/index.php\/wp-json\/wp\/v2\/types\/page"}],"author":[{"embeddable":true,"href":"https:\/\/ligue-golfgrandest.org\/index.php\/wp-json\/wp\/v2\/users\/3"}],"replies":[{"embeddable":true,"href":"https:\/\/ligue-golfgrandest.org\/index.php\/wp-json\/wp\/v2\/comments?post=174"}],"version-history":[{"count":1,"href":"https:\/\/ligue-golfgrandest.org\/index.php\/wp-json\/wp\/v2\/pages\/174\/revisions"}],"predecessor-version":[{"id":61806,"href":"https:\/\/ligue-golfgrandest.org\/index.php\/wp-json\/wp\/v2\/pages\/174\/revisions\/61806"}],"up":[{"embeddable":true,"href":"https:\/\/ligue-golfgrandest.org\/index.php\/wp-json\/wp\/v2\/pages\/156"}],"wp:attachment":[{"href":"https:\/\/ligue-golfgrandest.org\/index.php\/wp-json\/wp\/v2\/media?parent=174"}],"curies":[{"name":"wp","href":"https:\/\/api.w.org\/{rel}","templated":true}]}}