{"id":172,"date":"2017-01-20T14:02:27","date_gmt":"2017-01-20T13:02:27","guid":{"rendered":"http:\/\/ligue-golfgrandest.org\/?page_id=172"},"modified":"2026-04-07T16:20:27","modified_gmt":"2026-04-07T14:20:27","slug":"haut-rhin-68","status":"publish","type":"page","link":"https:\/\/ligue-golfgrandest.org\/index.php\/comites-dpt\/haut-rhin-68\/","title":{"rendered":"HAUT RHIN | 68"},"content":{"rendered":"\n<div class=\"wp-block-columns is-layout-flex wp-container-core-columns-is-layout-9d6595d7 wp-block-columns-is-layout-flex\">\n<div class=\"wp-block-column is-layout-flow wp-block-column-is-layout-flow\" style=\"flex-basis:33.33%\">\n<figure class=\"wp-block-image size-large\"><img decoding=\"async\" src=\"http:\/\/ligue-golfgrandest.org\/wp-content\/uploads\/2017\/01\/CD68WEB.jpg\" alt=\"\" class=\"wp-image-1769\"\/><\/figure>\n<\/div>\n\n\n\n<div class=\"wp-block-column is-layout-flow wp-block-column-is-layout-flow\" style=\"flex-basis:66.66%\">\n<h3 class=\"wp-block-heading has-black-color has-text-color\" id=\"cd-de-golf-du-haut-rhin\">CD de Golf du Haut-Rhin<\/h3>\n\n\n\n<p>Jean-Denis BECQ<br>13 rue Victor Hugo<br>68 400 RIEDISHEIM<br>06 74 71 28 38<br><a href=\"mailto:becqjeandenis@gmail.com \">jean-denis.becq@orange.fr<\/a><br><a href=\"mailto:cd68@ligue-golfgrandest.org \">cd68@ligue-golfgrandest.org <\/a><\/p>\n\n\n\n<p><strong>Facebook<\/strong>&nbsp;:&nbsp;<a href=\"https:\/\/www.facebook.com\/cd68.ffgolf\">Comit\u00e9 D\u00e9partemental de Golf du Haut-Rhin &#8211; ffgolf<\/a><br><\/p>\n<\/div>\n<\/div>\n\n\n\n<div class=\"wp-block-columns is-layout-flex wp-container-core-columns-is-layout-9d6595d7 wp-block-columns-is-layout-flex\">\n<div class=\"wp-block-column is-layout-flow wp-block-column-is-layout-flow\" style=\"flex-basis:33.33%\">\n<figure class=\"wp-block-image size-large is-resized\"><img loading=\"lazy\" decoding=\"async\" width=\"857\" height=\"1200\" src=\"https:\/\/ligue-golfgrandest.org\/wp-content\/uploads\/2022\/01\/BECQ-857x1200.jpg\" alt=\"\" class=\"wp-image-37296\" style=\"width:214px;height:300px\" srcset=\"https:\/\/ligue-golfgrandest.org\/wp-content\/uploads\/2022\/01\/BECQ-857x1200.jpg 857w, https:\/\/ligue-golfgrandest.org\/wp-content\/uploads\/2022\/01\/BECQ-214x300.jpg 214w, https:\/\/ligue-golfgrandest.org\/wp-content\/uploads\/2022\/01\/BECQ-768x1075.jpg 768w, https:\/\/ligue-golfgrandest.org\/wp-content\/uploads\/2022\/01\/BECQ-1097x1536.jpg 1097w, https:\/\/ligue-golfgrandest.org\/wp-content\/uploads\/2022\/01\/BECQ-1463x2048.jpg 1463w, https:\/\/ligue-golfgrandest.org\/wp-content\/uploads\/2022\/01\/BECQ-scaled.jpg 1829w\" sizes=\"auto, (max-width: 857px) 100vw, 857px\" \/><\/figure>\n\n\n\n<p><strong>Jean-Denis BECQ<\/strong> : Pr\u00e9sident<\/p>\n<\/div>\n\n\n\n<div class=\"wp-block-column is-layout-flow wp-block-column-is-layout-flow\" style=\"flex-basis:66.66%\">\n<h3 class=\"wp-block-heading\" id=\"le-comite\">Le Comit\u00e9 <\/h3>\n\n\n\n<ul class=\"wp-block-list\">\n<li><strong>Jean-Denis BECQ<\/strong> : Pr\u00e9sident<\/li>\n\n\n\n<li><strong>Romain BECQ<\/strong> : Tr\u00e9sorier<\/li>\n\n\n\n<li><strong>Thierry PFENDLER<\/strong> : Secr\u00e9taire G\u00e9n\u00e9ral<\/li>\n\n\n\n<li><strong>Fabien CONSTANS<\/strong> : Scolaire Primaire<\/li>\n<\/ul>\n<\/div>\n<\/div>\n\n\n\n<h3 class=\"wp-block-heading\" id=\"les-communiques-du-comite-departemental\">Les communiqu\u00e9s du Comit\u00e9 D\u00e9partemental<\/h3>\n\n\n\n<p><a href=\"https:\/\/ligue-golfgrandest.org\/wp-content\/uploads\/2025\/04\/Realisations-2024.pdf\">Bilan r\u00e9alisations 2024<\/a> |<\/p>\n\n\n\n<p><a href=\"https:\/\/ligue-golfgrandest.org\/wp-content\/uploads\/2024\/07\/statut-modifie-AGE-12-mars-2024.pdf\">Nouveaux Statuts CD68<\/a> |<\/p>\n\n\n\n<p><strong>12 mars 2024 &#8211;<\/strong> <a href=\"https:\/\/ligue-golfgrandest.org\/wp-content\/uploads\/2024\/07\/PV-AGO-CD-68-2024.pdf\">PV AGO<\/a> | <a href=\"https:\/\/ligue-golfgrandest.org\/wp-content\/uploads\/2024\/07\/PV-AGE-12-mars-2024.pdf\">PV AGE<\/a><\/p>\n\n\n\n<p>26 mai 2021 &#8211; <a href=\"https:\/\/ligue-golfgrandest.org\/wp-content\/uploads\/2021\/06\/Compte-rendu-AG-e\u0301lective-CD68-GOLF-le-26-mai-2021.pdf\">Assembl\u00e9e G\u00e9n\u00e9rale Elective<\/a> | <a href=\"https:\/\/ligue-golfgrandest.org\/wp-content\/uploads\/2021\/06\/pv-de-lag-enterinnant-les-membres.pdf\">Election d&rsquo;une nouvelle liste <\/a><\/p>\n\n\n\n<p>11-12 septembre 2021<\/p>\n\n\n\n<p>Notre week end Vital Sport du 11 et 12 septembre s&rsquo;est tr\u00e8s bien pass\u00e9. Nous avons initi\u00e9 entre 180 et 200 jeunes lors de cette journ\u00e9e. Un grand merci \u00e0 Fabien Constant qui a anim\u00e9 pendant ces deux journ\u00e9es notre stand, aid\u00e9 par St\u00e9phane, Thierry, Romain et moi m\u00eame.<\/p>\n\n\n\n<p>Merci \u00e0 Fr\u00e9d\u00e9ric NEFF pour son aide dans la journ\u00e9e de dimanche.<\/p>\n\n\n\n<figure class=\"wp-block-gallery has-nested-images columns-default is-cropped wp-block-gallery-1 is-layout-flex wp-block-gallery-is-layout-flex\">\n<figure class=\"wp-block-image size-large\"><a href=\"https:\/\/ligue-golfgrandest.org\/wp-content\/uploads\/2021\/09\/1.jpg\"><img loading=\"lazy\" decoding=\"async\" width=\"690\" height=\"927\" data-id=\"35667\" src=\"https:\/\/ligue-golfgrandest.org\/wp-content\/uploads\/2021\/09\/1.jpg\" alt=\"\" class=\"wp-image-35667\" srcset=\"https:\/\/ligue-golfgrandest.org\/wp-content\/uploads\/2021\/09\/1.jpg 690w, https:\/\/ligue-golfgrandest.org\/wp-content\/uploads\/2021\/09\/1-223x300.jpg 223w\" sizes=\"auto, (max-width: 690px) 100vw, 690px\" \/><\/a><\/figure>\n\n\n\n<figure class=\"wp-block-image size-large\"><a href=\"https:\/\/ligue-golfgrandest.org\/wp-content\/uploads\/2021\/09\/2.jpg\"><img loading=\"lazy\" decoding=\"async\" width=\"690\" height=\"928\" data-id=\"35668\" src=\"https:\/\/ligue-golfgrandest.org\/wp-content\/uploads\/2021\/09\/2.jpg\" alt=\"\" class=\"wp-image-35668\" srcset=\"https:\/\/ligue-golfgrandest.org\/wp-content\/uploads\/2021\/09\/2.jpg 690w, https:\/\/ligue-golfgrandest.org\/wp-content\/uploads\/2021\/09\/2-223x300.jpg 223w\" sizes=\"auto, (max-width: 690px) 100vw, 690px\" \/><\/a><\/figure>\n\n\n\n<figure class=\"wp-block-image size-large\"><a href=\"https:\/\/ligue-golfgrandest.org\/wp-content\/uploads\/2021\/09\/3.jpg\"><img loading=\"lazy\" decoding=\"async\" width=\"688\" height=\"919\" data-id=\"35669\" src=\"https:\/\/ligue-golfgrandest.org\/wp-content\/uploads\/2021\/09\/3.jpg\" alt=\"\" class=\"wp-image-35669\" srcset=\"https:\/\/ligue-golfgrandest.org\/wp-content\/uploads\/2021\/09\/3.jpg 688w, https:\/\/ligue-golfgrandest.org\/wp-content\/uploads\/2021\/09\/3-225x300.jpg 225w\" sizes=\"auto, (max-width: 688px) 100vw, 688px\" \/><\/a><\/figure>\n<\/figure>\n","protected":false},"excerpt":{"rendered":"<p>CD de Golf du Haut-Rhin Jean-Denis BECQ13 rue Victor Hugo68 400 RIEDISHEIM06 74 71 28 38jean-denis.becq@orange.frcd68@ligue-golfgrandest.org Facebook&nbsp;:&nbsp;Comit\u00e9 D\u00e9partemental de Golf du Haut-Rhin &#8211; ffgolf Jean-Denis BECQ : Pr\u00e9sident Le Comit\u00e9 Les communiqu\u00e9s du Comit\u00e9 D\u00e9partemental Bilan r\u00e9alisations 2024 | Nouveaux Statuts CD68 | 12 mars 2024 &#8211; PV AGO | PV AGE 26 mai 2021 [&hellip;]<\/p>\n","protected":false},"author":3,"featured_media":0,"parent":156,"menu_order":0,"comment_status":"closed","ping_status":"closed","template":"page-templates\/page-full-width.php","meta":{"footnotes":""},"class_list":["post-172","page","type-page","status-publish","hentry"],"_links":{"self":[{"href":"https:\/\/ligue-golfgrandest.org\/index.php\/wp-json\/wp\/v2\/pages\/172","targetHints":{"allow":["GET"]}}],"collection":[{"href":"https:\/\/ligue-golfgrandest.org\/index.php\/wp-json\/wp\/v2\/pages"}],"about":[{"href":"https:\/\/ligue-golfgrandest.org\/index.php\/wp-json\/wp\/v2\/types\/page"}],"author":[{"embeddable":true,"href":"https:\/\/ligue-golfgrandest.org\/index.php\/wp-json\/wp\/v2\/users\/3"}],"replies":[{"embeddable":true,"href":"https:\/\/ligue-golfgrandest.org\/index.php\/wp-json\/wp\/v2\/comments?post=172"}],"version-history":[{"count":1,"href":"https:\/\/ligue-golfgrandest.org\/index.php\/wp-json\/wp\/v2\/pages\/172\/revisions"}],"predecessor-version":[{"id":62197,"href":"https:\/\/ligue-golfgrandest.org\/index.php\/wp-json\/wp\/v2\/pages\/172\/revisions\/62197"}],"up":[{"embeddable":true,"href":"https:\/\/ligue-golfgrandest.org\/index.php\/wp-json\/wp\/v2\/pages\/156"}],"wp:attachment":[{"href":"https:\/\/ligue-golfgrandest.org\/index.php\/wp-json\/wp\/v2\/media?parent=172"}],"curies":[{"name":"wp","href":"https:\/\/api.w.org\/{rel}","templated":true}]}}