{"id":1703,"date":"2017-03-20T10:57:45","date_gmt":"2017-03-20T09:57:45","guid":{"rendered":"http:\/\/ligue-golfgrandest.org\/?page_id=1703"},"modified":"2024-07-03T17:07:23","modified_gmt":"2024-07-03T15:07:23","slug":"golf-chateau-preisch","status":"publish","type":"page","link":"https:\/\/ligue-golfgrandest.org\/index.php\/clubs\/lorraine\/golf-chateau-preisch\/","title":{"rendered":"Golf Ch\u00e2teau de Preisch"},"content":{"rendered":"\n<div class=\"wp-block-columns is-layout-flex wp-container-core-columns-is-layout-9d6595d7 wp-block-columns-is-layout-flex\">\n<div class=\"wp-block-column is-layout-flow wp-block-column-is-layout-flow\"><div class=\"wp-block-image\">\n<figure class=\"alignleft\"><img decoding=\"async\" src=\"http:\/\/ligue-golfgrandest.org\/wp-content\/uploads\/2020\/04\/preisch.jpg\" alt=\"\" class=\"wp-image-1705\"\/><\/figure><\/div><\/div>\n\n\n\n<div class=\"wp-block-column is-layout-flow wp-block-column-is-layout-flow\">\n<h3 class=\"wp-block-heading\">Asso. Sportive<\/h3>\n\n\n\n<p>1 rue du Vieux Moulin<br>57570 BASSE RENTGEN<br>Pr\u00e9sident AS : Marc WATHELET<br><a href=\"mailto:davidwinandy@me.com\" target=\"_blank\" rel=\"noreferrer noopener\">marc.wathelet27@gmail.com<\/a><\/p>\n\n\n\n<p><a href=\"https:\/\/www.golf-de-preisch.com\/fr\/calendrier\">D\u00e9parts comp\u00e9titions<\/a><br>R\u00e9sultats comp\u00e9titions<\/p>\n<\/div>\n\n\n\n<div class=\"wp-block-column is-layout-flow wp-block-column-is-layout-flow\">\n<h3 class=\"wp-block-heading\">Le Club<\/h3>\n\n\n\n<p>3 parcours 9 Trous<br>1 parcours compact<br>1 centre indoor<br>1 restaurant<br>Directeur : Franck NICOL<br><a href=\"mailto:info@golf-de-preisch.com\" target=\"_blank\" rel=\"noreferrer noopener\">info@golf-de-preisch.com<\/a><br><a href=\"http:\/\/www.golf-de-preisch.com\/\" target=\"_blank\" rel=\"noreferrer noopener\">www.golf-de-preisch.com<\/a><br>Facebook : <a href=\"https:\/\/www.facebook.com\/golfpreisch\" data-type=\"link\" data-id=\"https:\/\/www.facebook.com\/golfpreisch\">Golf de Preisch<\/a> <br>03 82 83 00 00<\/p>\n<\/div>\n<\/div>\n\n\n\n<figure class=\"wp-block-gallery has-nested-images columns-default is-cropped wp-block-gallery-1 is-layout-flex wp-block-gallery-is-layout-flex\">\n<figure class=\"wp-block-image size-full\"><a href=\"https:\/\/ligue-golfgrandest.org\/wp-content\/uploads\/2017\/03\/10-Preisch-3.jpg\"><img loading=\"lazy\" decoding=\"async\" width=\"800\" height=\"600\" data-id=\"1709\" src=\"https:\/\/ligue-golfgrandest.org\/wp-content\/uploads\/2017\/03\/10-Preisch-3.jpg\" alt=\"\" class=\"wp-image-1709\" srcset=\"https:\/\/ligue-golfgrandest.org\/wp-content\/uploads\/2017\/03\/10-Preisch-3.jpg 800w, https:\/\/ligue-golfgrandest.org\/wp-content\/uploads\/2017\/03\/10-Preisch-3-350x263.jpg 350w, https:\/\/ligue-golfgrandest.org\/wp-content\/uploads\/2017\/03\/10-Preisch-3-768x576.jpg 768w\" sizes=\"auto, (max-width: 800px) 100vw, 800px\" \/><\/a><\/figure>\n\n\n\n<figure class=\"wp-block-image size-full\"><a href=\"https:\/\/ligue-golfgrandest.org\/wp-content\/uploads\/2017\/03\/10-Preisch-2.jpg\"><img loading=\"lazy\" decoding=\"async\" width=\"800\" height=\"600\" data-id=\"1708\" src=\"https:\/\/ligue-golfgrandest.org\/wp-content\/uploads\/2017\/03\/10-Preisch-2.jpg\" alt=\"\" class=\"wp-image-1708\" srcset=\"https:\/\/ligue-golfgrandest.org\/wp-content\/uploads\/2017\/03\/10-Preisch-2.jpg 800w, https:\/\/ligue-golfgrandest.org\/wp-content\/uploads\/2017\/03\/10-Preisch-2-350x263.jpg 350w, https:\/\/ligue-golfgrandest.org\/wp-content\/uploads\/2017\/03\/10-Preisch-2-768x576.jpg 768w\" sizes=\"auto, (max-width: 800px) 100vw, 800px\" \/><\/a><\/figure>\n\n\n\n<figure class=\"wp-block-image size-full\"><a href=\"https:\/\/ligue-golfgrandest.org\/wp-content\/uploads\/2017\/03\/10-Preisch-1.jpg\"><img loading=\"lazy\" decoding=\"async\" width=\"800\" height=\"600\" data-id=\"1707\" src=\"https:\/\/ligue-golfgrandest.org\/wp-content\/uploads\/2017\/03\/10-Preisch-1.jpg\" alt=\"\" class=\"wp-image-1707\" srcset=\"https:\/\/ligue-golfgrandest.org\/wp-content\/uploads\/2017\/03\/10-Preisch-1.jpg 800w, https:\/\/ligue-golfgrandest.org\/wp-content\/uploads\/2017\/03\/10-Preisch-1-350x263.jpg 350w, https:\/\/ligue-golfgrandest.org\/wp-content\/uploads\/2017\/03\/10-Preisch-1-768x576.jpg 768w\" sizes=\"auto, (max-width: 800px) 100vw, 800px\" \/><\/a><\/figure>\n<\/figure>\n\n\n\n<iframe src=\"https:\/\/www.google.com\/maps\/embed?pb=!1m18!1m12!1m3!1d32430.843852417118!2d6.200730549404063!3d49.50500668427005!2m3!1f0!2f0!3f0!3m2!1i1024!2i768!4f13.1!3m3!1m2!1s0x479538edea02ba97%3A0x8d215d78adc6f5aa!2sGolf%20de%20Preisch!5e0!3m2!1sfr!2sfr!4v1642671798775!5m2!1sfr!2sfr\" width=\"100%\" height=\"450\" style=\"border:0;\" allowfullscreen=\"\" loading=\"lazy\"><\/iframe>\n","protected":false},"excerpt":{"rendered":"<p>Asso. Sportive 1 rue du Vieux Moulin57570 BASSE RENTGENPr\u00e9sident AS : Marc WATHELETmarc.wathelet27@gmail.com D\u00e9parts comp\u00e9titionsR\u00e9sultats comp\u00e9titions Le Club 3 parcours 9 Trous1 parcours compact1 centre indoor1 restaurantDirecteur : Franck NICOLinfo@golf-de-preisch.comwww.golf-de-preisch.comFacebook : Golf de Preisch 03 82 83 00 00<\/p>\n","protected":false},"author":3,"featured_media":0,"parent":137,"menu_order":10,"comment_status":"closed","ping_status":"closed","template":"page-templates\/page-full-width.php","meta":{"footnotes":""},"class_list":["post-1703","page","type-page","status-publish","hentry"],"_links":{"self":[{"href":"https:\/\/ligue-golfgrandest.org\/index.php\/wp-json\/wp\/v2\/pages\/1703","targetHints":{"allow":["GET"]}}],"collection":[{"href":"https:\/\/ligue-golfgrandest.org\/index.php\/wp-json\/wp\/v2\/pages"}],"about":[{"href":"https:\/\/ligue-golfgrandest.org\/index.php\/wp-json\/wp\/v2\/types\/page"}],"author":[{"embeddable":true,"href":"https:\/\/ligue-golfgrandest.org\/index.php\/wp-json\/wp\/v2\/users\/3"}],"replies":[{"embeddable":true,"href":"https:\/\/ligue-golfgrandest.org\/index.php\/wp-json\/wp\/v2\/comments?post=1703"}],"version-history":[{"count":0,"href":"https:\/\/ligue-golfgrandest.org\/index.php\/wp-json\/wp\/v2\/pages\/1703\/revisions"}],"up":[{"embeddable":true,"href":"https:\/\/ligue-golfgrandest.org\/index.php\/wp-json\/wp\/v2\/pages\/137"}],"wp:attachment":[{"href":"https:\/\/ligue-golfgrandest.org\/index.php\/wp-json\/wp\/v2\/media?parent=1703"}],"curies":[{"name":"wp","href":"https:\/\/api.w.org\/{rel}","templated":true}]}}