{"id":1687,"date":"2017-03-20T10:27:23","date_gmt":"2017-03-20T09:27:23","guid":{"rendered":"http:\/\/ligue-golfgrandest.org\/?page_id=1687"},"modified":"2025-03-22T08:09:39","modified_gmt":"2025-03-22T07:09:39","slug":"golf-longwy","status":"publish","type":"page","link":"https:\/\/ligue-golfgrandest.org\/index.php\/clubs\/lorraine\/golf-longwy\/","title":{"rendered":"UGolf de Longwy"},"content":{"rendered":"\n<div class=\"wp-block-columns is-layout-flex wp-container-core-columns-is-layout-9d6595d7 wp-block-columns-is-layout-flex\">\n<div class=\"wp-block-column is-layout-flow wp-block-column-is-layout-flow\"><div class=\"wp-block-image\">\n<figure class=\"alignleft size-medium\"><img loading=\"lazy\" decoding=\"async\" width=\"186\" height=\"300\" src=\"https:\/\/ligue-golfgrandest.org\/wp-content\/uploads\/2025\/03\/logo-golf-longwy-186x300.png\" alt=\"\" class=\"wp-image-58176\" style=\"aspect-ratio:3\/4;object-fit:cover\" srcset=\"https:\/\/ligue-golfgrandest.org\/wp-content\/uploads\/2025\/03\/logo-golf-longwy-186x300.png 186w, https:\/\/ligue-golfgrandest.org\/wp-content\/uploads\/2025\/03\/logo-golf-longwy.png 738w\" sizes=\"auto, (max-width: 186px) 100vw, 186px\" \/><\/figure><\/div><\/div>\n\n\n\n<div class=\"wp-block-column is-layout-flow wp-block-column-is-layout-flow\">\n<h3 class=\"wp-block-heading\">Asso. Sportive<\/h3>\n\n\n\n<p>Rue de la Croix Chaudron<br>54400 LONGWY<br>Pr\u00e9sident AS : Daniel GREGO<br><a href=\"mailto:contact@asgolflongwy.fr\">contact@asgolflongwy.fr<\/a><\/p>\n\n\n\n<p><a href=\"https:\/\/pages.ffgolf.org\/departs\/golf\/54f6d4ef787e20bc2d1041b5eb4bd293\" data-type=\"link\" data-id=\"https:\/\/pages.ffgolf.org\/departs\/golf\/54f6d4ef787e20bc2d1041b5eb4bd293\">D\u00e9parts comp\u00e9titions<\/a><br><a href=\"https:\/\/pages.ffgolf.org\/resultats\/liste-competitions\/54f6d4ef787e20bc2d1041b5eb4bd293\" data-type=\"link\" data-id=\"https:\/\/pages.ffgolf.org\/resultats\/liste-competitions\/54f6d4ef787e20bc2d1041b5eb4bd293\">R\u00e9sultats comp\u00e9titions<\/a><\/p>\n\n\n\n<p>Facebook : <a href=\"https:\/\/www.facebook.com\/search\/top?q=golf%20de%20longwy\" data-type=\"link\" data-id=\"https:\/\/www.facebook.com\/search\/top?q=golf%20de%20longwy\">Association sportive du Golf de Longwy<\/a><\/p>\n<\/div>\n\n\n\n<div class=\"wp-block-column is-layout-flow wp-block-column-is-layout-flow\">\n<h3 class=\"wp-block-heading\">Le Club<\/h3>\n\n\n\n<p>1 parcours 18 Trous<br>1 parcours compact 9 Trous<br>1 restaurant<br>Directeur : Va\u00efk DECOUAN<br><a href=\"mailto:contact.longwy@ugolf.eu\">contact.longwy@ugolf.eu<\/a><br><a rel=\"noreferrer noopener\" href=\"mailto:vdecouan@ugolf.eu\">vdecouan@ugolf.eu<\/a><br><a href=\"https:\/\/jouer.golf\/golf\/ugolf-longwy\/\">https:\/\/jouer.golf\/golf\/ugolf-longwy\/<\/a><br>Facebook : <a href=\"https:\/\/www.facebook.com\/UGOLFLongwy\" data-type=\"link\" data-id=\"https:\/\/www.facebook.com\/UGOLFLongwy\">UGOLF Longwy International<\/a><br>03 82 26 83 95<\/p>\n<\/div>\n<\/div>\n\n\n\n<figure class=\"wp-block-gallery has-nested-images columns-default is-cropped wp-block-gallery-1 is-layout-flex wp-block-gallery-is-layout-flex\">\n<figure class=\"wp-block-image size-full\"><a href=\"https:\/\/ligue-golfgrandest.org\/wp-content\/uploads\/2017\/03\/4-Longwy-4.jpg\"><img loading=\"lazy\" decoding=\"async\" width=\"800\" height=\"600\" data-id=\"1888\" src=\"https:\/\/ligue-golfgrandest.org\/wp-content\/uploads\/2017\/03\/4-Longwy-4.jpg\" alt=\"\" class=\"wp-image-1888\" srcset=\"https:\/\/ligue-golfgrandest.org\/wp-content\/uploads\/2017\/03\/4-Longwy-4.jpg 800w, https:\/\/ligue-golfgrandest.org\/wp-content\/uploads\/2017\/03\/4-Longwy-4-350x263.jpg 350w, https:\/\/ligue-golfgrandest.org\/wp-content\/uploads\/2017\/03\/4-Longwy-4-768x576.jpg 768w\" sizes=\"auto, (max-width: 800px) 100vw, 800px\" \/><\/a><\/figure>\n\n\n\n<figure class=\"wp-block-image size-full\"><a href=\"https:\/\/ligue-golfgrandest.org\/wp-content\/uploads\/2017\/03\/4-Longwy-3.jpg\"><img loading=\"lazy\" decoding=\"async\" width=\"800\" height=\"600\" data-id=\"1691\" src=\"https:\/\/ligue-golfgrandest.org\/wp-content\/uploads\/2017\/03\/4-Longwy-3.jpg\" alt=\"\" class=\"wp-image-1691\" srcset=\"https:\/\/ligue-golfgrandest.org\/wp-content\/uploads\/2017\/03\/4-Longwy-3.jpg 800w, https:\/\/ligue-golfgrandest.org\/wp-content\/uploads\/2017\/03\/4-Longwy-3-350x263.jpg 350w, https:\/\/ligue-golfgrandest.org\/wp-content\/uploads\/2017\/03\/4-Longwy-3-768x576.jpg 768w\" sizes=\"auto, (max-width: 800px) 100vw, 800px\" \/><\/a><\/figure>\n\n\n\n<figure class=\"wp-block-image size-full\"><a href=\"https:\/\/ligue-golfgrandest.org\/wp-content\/uploads\/2017\/03\/4-Longwy.jpg\"><img loading=\"lazy\" decoding=\"async\" width=\"800\" height=\"600\" data-id=\"1690\" src=\"https:\/\/ligue-golfgrandest.org\/wp-content\/uploads\/2017\/03\/4-Longwy.jpg\" alt=\"\" class=\"wp-image-1690\" srcset=\"https:\/\/ligue-golfgrandest.org\/wp-content\/uploads\/2017\/03\/4-Longwy.jpg 800w, https:\/\/ligue-golfgrandest.org\/wp-content\/uploads\/2017\/03\/4-Longwy-350x263.jpg 350w, https:\/\/ligue-golfgrandest.org\/wp-content\/uploads\/2017\/03\/4-Longwy-768x576.jpg 768w\" sizes=\"auto, (max-width: 800px) 100vw, 800px\" \/><\/a><\/figure>\n<\/figure>\n\n\n\n<p><\/p>\n\n\n\n<iframe src=\"https:\/\/www.google.com\/maps\/embed?pb=!1m18!1m12!1m3!1d46520.51513725392!2d5.773155631630603!3d49.516290932019345!2m3!1f0!2f0!3f0!3m2!1i1024!2i768!4f13.1!3m3!1m2!1s0x47eac86418095589%3A0xfd7987ee252ac50d!2sGolf%20International%20de%20Longwy!5e0!3m2!1sfr!2sfr!4v1642682733860!5m2!1sfr!2sfr\" width=\"100%\" height=\"450\" style=\"border:0;\" allowfullscreen=\"\" loading=\"lazy\"><\/iframe>\n","protected":false},"excerpt":{"rendered":"<p>Asso. Sportive Rue de la Croix Chaudron54400 LONGWYPr\u00e9sident AS : Daniel GREGOcontact@asgolflongwy.fr D\u00e9parts comp\u00e9titionsR\u00e9sultats comp\u00e9titions Facebook : Association sportive du Golf de Longwy Le Club 1 parcours 18 Trous1 parcours compact 9 Trous1 restaurantDirecteur : Va\u00efk DECOUANcontact.longwy@ugolf.euvdecouan@ugolf.euhttps:\/\/jouer.golf\/golf\/ugolf-longwy\/Facebook : UGOLF Longwy International03 82 26 83 95<\/p>\n","protected":false},"author":3,"featured_media":0,"parent":137,"menu_order":4,"comment_status":"closed","ping_status":"closed","template":"page-templates\/page-full-width.php","meta":{"footnotes":""},"class_list":["post-1687","page","type-page","status-publish","hentry"],"_links":{"self":[{"href":"https:\/\/ligue-golfgrandest.org\/index.php\/wp-json\/wp\/v2\/pages\/1687","targetHints":{"allow":["GET"]}}],"collection":[{"href":"https:\/\/ligue-golfgrandest.org\/index.php\/wp-json\/wp\/v2\/pages"}],"about":[{"href":"https:\/\/ligue-golfgrandest.org\/index.php\/wp-json\/wp\/v2\/types\/page"}],"author":[{"embeddable":true,"href":"https:\/\/ligue-golfgrandest.org\/index.php\/wp-json\/wp\/v2\/users\/3"}],"replies":[{"embeddable":true,"href":"https:\/\/ligue-golfgrandest.org\/index.php\/wp-json\/wp\/v2\/comments?post=1687"}],"version-history":[{"count":0,"href":"https:\/\/ligue-golfgrandest.org\/index.php\/wp-json\/wp\/v2\/pages\/1687\/revisions"}],"up":[{"embeddable":true,"href":"https:\/\/ligue-golfgrandest.org\/index.php\/wp-json\/wp\/v2\/pages\/137"}],"wp:attachment":[{"href":"https:\/\/ligue-golfgrandest.org\/index.php\/wp-json\/wp\/v2\/media?parent=1687"}],"curies":[{"name":"wp","href":"https:\/\/api.w.org\/{rel}","templated":true}]}}