{"id":168,"date":"2017-01-20T14:01:26","date_gmt":"2017-01-20T13:01:26","guid":{"rendered":"http:\/\/ligue-golfgrandest.org\/?page_id=168"},"modified":"2025-02-13T11:50:34","modified_gmt":"2025-02-13T10:50:34","slug":"bas-rhin-67","status":"publish","type":"page","link":"https:\/\/ligue-golfgrandest.org\/index.php\/comites-dpt\/bas-rhin-67\/","title":{"rendered":"BAS RHIN | 67"},"content":{"rendered":"\n<div class=\"wp-block-columns is-layout-flex wp-container-core-columns-is-layout-9d6595d7 wp-block-columns-is-layout-flex\">\n<div class=\"wp-block-column is-layout-flow wp-block-column-is-layout-flow\" style=\"flex-basis:33.33%\">\n<figure class=\"wp-block-image size-large\"><img decoding=\"async\" src=\"http:\/\/ligue-golfgrandest.org\/wp-content\/uploads\/2017\/01\/CD67WEB.jpg\" alt=\"\" class=\"wp-image-1769\"\/><\/figure>\n<\/div>\n\n\n\n<div class=\"wp-block-column is-layout-flow wp-block-column-is-layout-flow\" style=\"flex-basis:66.66%\">\n<h3 class=\"wp-block-heading has-black-color has-text-color\" id=\"cd-de-golf-du-bas-rhin\">CD de Golf du Bas-Rhin<\/h3>\n\n\n\n<p>Michel SALOMON<br>7a rue Paulette Fischer<br>67 000 Strasbourg<br>06 03 852 852<br><a href=\"mailto:francais.guy@orange.fr\">michelsalomon67@gmail.com<\/a><br><a href=\"mailto:cd88@ligue-golfgrandest.org\">cd67@ligue-golfgrandest.org<\/a><br><strong>Facebook<\/strong> : <a href=\"https:\/\/www.facebook.com\/CDgolf67\">Comit\u00e9 D\u00e9partemental de Golf du Bas-Rhin<\/a><\/p>\n<\/div>\n<\/div>\n\n\n\n<div class=\"wp-block-columns is-layout-flex wp-container-core-columns-is-layout-9d6595d7 wp-block-columns-is-layout-flex\">\n<div class=\"wp-block-column is-layout-flow wp-block-column-is-layout-flow\" style=\"flex-basis:33.33%\">\n<figure class=\"wp-block-image size-large is-resized\"><img loading=\"lazy\" decoding=\"async\" width=\"857\" height=\"1200\" src=\"https:\/\/ligue-golfgrandest.org\/wp-content\/uploads\/2022\/01\/SALOMON-857x1200.jpg\" alt=\"\" class=\"wp-image-37297\" style=\"width:214px;height:300px\" srcset=\"https:\/\/ligue-golfgrandest.org\/wp-content\/uploads\/2022\/01\/SALOMON-857x1200.jpg 857w, https:\/\/ligue-golfgrandest.org\/wp-content\/uploads\/2022\/01\/SALOMON-214x300.jpg 214w, https:\/\/ligue-golfgrandest.org\/wp-content\/uploads\/2022\/01\/SALOMON-768x1075.jpg 768w, https:\/\/ligue-golfgrandest.org\/wp-content\/uploads\/2022\/01\/SALOMON-1097x1536.jpg 1097w, https:\/\/ligue-golfgrandest.org\/wp-content\/uploads\/2022\/01\/SALOMON-1463x2048.jpg 1463w, https:\/\/ligue-golfgrandest.org\/wp-content\/uploads\/2022\/01\/SALOMON-scaled.jpg 1829w\" sizes=\"auto, (max-width: 857px) 100vw, 857px\" \/><\/figure>\n\n\n\n<p><strong>Michel SALOMON<\/strong> : Pr\u00e9sident<\/p>\n<\/div>\n\n\n\n<div class=\"wp-block-column is-layout-flow wp-block-column-is-layout-flow\" style=\"flex-basis:66.66%\">\n<h3 class=\"wp-block-heading\" id=\"le-comite\">Le Comit\u00e9 <\/h3>\n\n\n\n<ul class=\"wp-block-list\">\n<li><strong>Michel SALOMON :<\/strong> Pr\u00e9sident<\/li>\n\n\n\n<li><strong>Sophie DUONG MERLET<\/strong> : Tr\u00e9sori\u00e8re<\/li>\n\n\n\n<li><strong><strong>Elisabeth BINDSCHEDLER<\/strong><\/strong> : Secr\u00e9taire G\u00e9n\u00e9rale <\/li>\n\n\n\n<li><strong>Guy L\u00c9OPOLD<\/strong> : Vice-Pr\u00e9sident &amp; Commission Sportive<\/li>\n\n\n\n<li><strong>Jean-Yves KAST<\/strong> : Responsable Golf Scolaire<\/li>\n<\/ul>\n<\/div>\n<\/div>\n\n\n\n<h3 class=\"wp-block-heading\" id=\"les-communiques-du-comite-departemental\">Les communiqu\u00e9s du Comit\u00e9 D\u00e9partemental<\/h3>\n\n\n\n<p><a href=\"https:\/\/ligue-golfgrandest.org\/wp-content\/uploads\/2024\/10\/recap_2024-CD67.pdf\">Bilan actions 2024<\/a> | <a href=\"https:\/\/ligue-golfgrandest.org\/wp-content\/uploads\/2025\/02\/CR_AGO_5-fevrier.pdf\">CR AG du 05 f\u00e9vrier 2025<\/a><\/p>\n\n\n\n<p><strong>ELECTIONS 2024<\/strong> : <a href=\"https:\/\/ligue-golfgrandest.org\/wp-content\/uploads\/2024\/12\/CR-AG-Elective.pdf\">PV AG \u00e9lective<\/a><\/p>\n\n\n\n<p>16 f\u00e9vrier 2024 : Assembl\u00e9e G\u00e9n\u00e9rale &#8211; <a href=\"https:\/\/ligue-golfgrandest.org\/wp-content\/uploads\/2024\/03\/PROCES-VERBAL-de-lAG-2023.pdf\">Proc\u00e8s Verbal<\/a> |<\/p>\n\n\n\n<p>8 janvier 2024 &#8211; <a href=\"https:\/\/ligue-golfgrandest.org\/wp-content\/uploads\/2024\/01\/CR-bureau-directeur-8-janvier-2024.pdf\">Compte-rendu r\u00e9union Bureau Directeur<\/a> |<\/p>\n","protected":false},"excerpt":{"rendered":"<p>CD de Golf du Bas-Rhin Michel SALOMON7a rue Paulette Fischer67 000 Strasbourg06 03 852 852michelsalomon67@gmail.comcd67@ligue-golfgrandest.orgFacebook : Comit\u00e9 D\u00e9partemental de Golf du Bas-Rhin Michel SALOMON : Pr\u00e9sident Le Comit\u00e9 Les communiqu\u00e9s du Comit\u00e9 D\u00e9partemental Bilan actions 2024 | CR AG du 05 f\u00e9vrier 2025 ELECTIONS 2024 : PV AG \u00e9lective 16 f\u00e9vrier 2024 : Assembl\u00e9e G\u00e9n\u00e9rale [&hellip;]<\/p>\n","protected":false},"author":3,"featured_media":0,"parent":156,"menu_order":1,"comment_status":"closed","ping_status":"closed","template":"page-templates\/page-full-width.php","meta":{"footnotes":""},"class_list":["post-168","page","type-page","status-publish","hentry"],"_links":{"self":[{"href":"https:\/\/ligue-golfgrandest.org\/index.php\/wp-json\/wp\/v2\/pages\/168","targetHints":{"allow":["GET"]}}],"collection":[{"href":"https:\/\/ligue-golfgrandest.org\/index.php\/wp-json\/wp\/v2\/pages"}],"about":[{"href":"https:\/\/ligue-golfgrandest.org\/index.php\/wp-json\/wp\/v2\/types\/page"}],"author":[{"embeddable":true,"href":"https:\/\/ligue-golfgrandest.org\/index.php\/wp-json\/wp\/v2\/users\/3"}],"replies":[{"embeddable":true,"href":"https:\/\/ligue-golfgrandest.org\/index.php\/wp-json\/wp\/v2\/comments?post=168"}],"version-history":[{"count":0,"href":"https:\/\/ligue-golfgrandest.org\/index.php\/wp-json\/wp\/v2\/pages\/168\/revisions"}],"up":[{"embeddable":true,"href":"https:\/\/ligue-golfgrandest.org\/index.php\/wp-json\/wp\/v2\/pages\/156"}],"wp:attachment":[{"href":"https:\/\/ligue-golfgrandest.org\/index.php\/wp-json\/wp\/v2\/media?parent=168"}],"curies":[{"name":"wp","href":"https:\/\/api.w.org\/{rel}","templated":true}]}}