{"id":166,"date":"2017-01-20T14:00:10","date_gmt":"2017-01-20T13:00:10","guid":{"rendered":"http:\/\/ligue-golfgrandest.org\/?page_id=166"},"modified":"2026-03-06T08:59:36","modified_gmt":"2026-03-06T07:59:36","slug":"vosges-88","status":"publish","type":"page","link":"https:\/\/ligue-golfgrandest.org\/index.php\/comites-dpt\/vosges-88\/","title":{"rendered":"VOSGES | 88"},"content":{"rendered":"\n<div class=\"wp-block-columns is-layout-flex wp-container-core-columns-is-layout-9d6595d7 wp-block-columns-is-layout-flex\">\n<div class=\"wp-block-column is-layout-flow wp-block-column-is-layout-flow\" style=\"flex-basis:33.33%\">\n<figure class=\"wp-block-image size-large\"><img decoding=\"async\" src=\"https:\/\/ligue-golfgrandest.org\/wp-content\/uploads\/2017\/01\/CD88WEB.jpg\" alt=\"\" class=\"wp-image-1769\"\/><\/figure>\n<\/div>\n\n\n\n<div class=\"wp-block-column is-layout-flow wp-block-column-is-layout-flow\" style=\"flex-basis:66.66%\">\n<h3 class=\"wp-block-heading has-black-color has-text-color\" id=\"cd-de-golf-des-vosges\">CD de Golf des Vosges<\/h3>\n\n\n\n<p>Guy FRANCAIS<br>R\u00e9sidence Plaisance &#8211; All\u00e9e Michel Dormois<br>88 800 Vittel<br>06 86 54 06 72<br><a href=\"mailto:francais.guy@orange.fr\">francais.guy@orange.fr<\/a><br><a href=\"mailto:cd88@ligue-golfgrandest.org\">cd88@ligue-golfgrandest.org<\/a><br><strong>Facebook<\/strong> : <a href=\"https:\/\/www.facebook.com\/CDGolf88\">Comit\u00e9 D\u00e9partemental de Golf des Vosges<\/a><br><strong>Site Internet<\/strong> : <a href=\"https:\/\/www.cdgolf88.com\/\">https:\/\/www.cdgolf88.com\/<\/a><\/p>\n<\/div>\n<\/div>\n\n\n\n<div class=\"wp-block-columns is-layout-flex wp-container-core-columns-is-layout-9d6595d7 wp-block-columns-is-layout-flex\">\n<div class=\"wp-block-column is-layout-flow wp-block-column-is-layout-flow\" style=\"flex-basis:33.33%\">\n<figure class=\"wp-block-image size-full\"><img loading=\"lazy\" decoding=\"async\" width=\"201\" height=\"300\" src=\"https:\/\/ligue-golfgrandest.org\/wp-content\/uploads\/2023\/03\/P-CD-FRANCAIS-300x200-1.jpg\" alt=\"\" class=\"wp-image-46500\"\/><figcaption class=\"wp-element-caption\"><strong>Guy FRANCAIS<\/strong> : Pr\u00e9sident<\/figcaption><\/figure>\n<\/div>\n\n\n\n<div class=\"wp-block-column is-layout-flow wp-block-column-is-layout-flow\" style=\"flex-basis:66.66%\">\n<h3 class=\"wp-block-heading\" id=\"le-comite\">Le Comit\u00e9 <\/h3>\n\n\n\n<ul class=\"wp-block-list\">\n<li><strong>Guy FRANCAIS<\/strong> : Pr\u00e9sident<\/li>\n\n\n\n<li><strong>G\u00e9rard BERDAL<\/strong> : Secr\u00e9taire G\u00e9n\u00e9ral &#8211; Ecole de Golf &#8211; Scolaire<\/li>\n\n\n\n<li><strong>Jean-Lou VALLEE<\/strong> : Tr\u00e9sorier &#8211; Golf Entreprise<\/li>\n\n\n\n<li><strong>Laurence MARECHAL<\/strong> : Ecole de Golf &#8211; Scolaire &#8211; Comm Sportive<\/li>\n\n\n\n<li><strong>G\u00e9rard MOUGIN<\/strong> : Communication &#8211; Scolaire &#8211; Comm Sportive<\/li>\n\n\n\n<li><strong>Fabienne GREGORAT<\/strong> : Ecole de Golf &#8211; Scolaire &#8211; Comm Sportive<\/li>\n\n\n\n<li><strong>Patrick STEIN:<\/strong> Environnement &#8211; Scolaire<\/li>\n<\/ul>\n<\/div>\n<\/div>\n\n\n\n<h3 class=\"wp-block-heading\" id=\"les-communiques-du-comite-departemental\">Les communiqu\u00e9s du Comit\u00e9 D\u00e9partemental<\/h3>\n\n\n\n<p><a href=\"https:\/\/ligue-golfgrandest.org\/wp-content\/uploads\/2026\/03\/20260221-pv-ag-2026-CD88-GOLF-signe-avec-annexes.pdf\">PV AG du 21 f\u00e9vrier 2026<\/a> | <a href=\"https:\/\/ligue-golfgrandest.org\/wp-content\/uploads\/2026\/03\/RAPPORT-MORAL-AG-2026-signe.pdf\">Rapport moral<\/a> | <a href=\"https:\/\/ligue-golfgrandest.org\/wp-content\/uploads\/2026\/03\/CD88-GOLF-BILAN-FINANCIER-2025-signe.pdf\">Bilan financier<\/a> | <a href=\"https:\/\/ligue-golfgrandest.org\/wp-content\/uploads\/2026\/03\/CD88-GOLF-BUDGET-PREVISIONNEL-2026-signe.pdf\">Budget pr\u00e9visionnel<\/a> | <a href=\"https:\/\/ligue-golfgrandest.org\/wp-content\/uploads\/2026\/03\/20260223_054241000_iOS.jpg\">Article de presse<\/a> |<\/p>\n\n\n\n<figure class=\"wp-block-image size-medium\"><a href=\"https:\/\/ligue-golfgrandest.org\/wp-content\/uploads\/2026\/03\/20260221_110327526_iOS.jpg\"><img loading=\"lazy\" decoding=\"async\" width=\"400\" height=\"300\" src=\"https:\/\/ligue-golfgrandest.org\/wp-content\/uploads\/2026\/03\/20260221_110327526_iOS-400x300.jpg\" alt=\"\" class=\"wp-image-61950\" srcset=\"https:\/\/ligue-golfgrandest.org\/wp-content\/uploads\/2026\/03\/20260221_110327526_iOS-400x300.jpg 400w, https:\/\/ligue-golfgrandest.org\/wp-content\/uploads\/2026\/03\/20260221_110327526_iOS-1600x1200.jpg 1600w, https:\/\/ligue-golfgrandest.org\/wp-content\/uploads\/2026\/03\/20260221_110327526_iOS-768x576.jpg 768w, https:\/\/ligue-golfgrandest.org\/wp-content\/uploads\/2026\/03\/20260221_110327526_iOS-1536x1152.jpg 1536w, https:\/\/ligue-golfgrandest.org\/wp-content\/uploads\/2026\/03\/20260221_110327526_iOS-2048x1536.jpg 2048w\" sizes=\"auto, (max-width: 400px) 100vw, 400px\" \/><\/a><\/figure>\n\n\n\n<p><a href=\"https:\/\/ligue-golfgrandest.org\/wp-content\/uploads\/2025\/03\/20250303-pv-ag-2025-CD88-GOLF-signe.pdf\">PV AG du 01 mars 2025<\/a> <\/p>\n\n\n\n<p><a href=\"https:\/\/ligue-golfgrandest.org\/wp-content\/uploads\/2024\/10\/PRESENTATION-PAA-2024-ET-PERSPECTIVES-2025-site.pdf\">Bilan actions 2024 et Perspectives 2025<\/a> |<\/p>\n\n\n\n<figure class=\"wp-block-gallery has-nested-images columns-default is-cropped wp-block-gallery-1 is-layout-flex wp-block-gallery-is-layout-flex\">\n<figure class=\"wp-block-image size-large\"><a href=\"https:\/\/ligue-golfgrandest.org\/wp-content\/uploads\/2025\/03\/AG-2025-CD-88.jpg\"><img loading=\"lazy\" decoding=\"async\" width=\"1595\" height=\"1200\" data-id=\"57963\" src=\"https:\/\/ligue-golfgrandest.org\/wp-content\/uploads\/2025\/03\/AG-2025-CD-88-1595x1200.jpg\" alt=\"\" class=\"wp-image-57963\" srcset=\"https:\/\/ligue-golfgrandest.org\/wp-content\/uploads\/2025\/03\/AG-2025-CD-88-1595x1200.jpg 1595w, https:\/\/ligue-golfgrandest.org\/wp-content\/uploads\/2025\/03\/AG-2025-CD-88-399x300.jpg 399w, https:\/\/ligue-golfgrandest.org\/wp-content\/uploads\/2025\/03\/AG-2025-CD-88-768x578.jpg 768w, https:\/\/ligue-golfgrandest.org\/wp-content\/uploads\/2025\/03\/AG-2025-CD-88-1536x1156.jpg 1536w, https:\/\/ligue-golfgrandest.org\/wp-content\/uploads\/2025\/03\/AG-2025-CD-88.jpg 1600w\" sizes=\"auto, (max-width: 1595px) 100vw, 1595px\" \/><\/a><\/figure>\n\n\n\n<figure class=\"wp-block-image size-large\"><a href=\"https:\/\/ligue-golfgrandest.org\/wp-content\/uploads\/2025\/03\/2025-presse-CD-88-.png\"><img loading=\"lazy\" decoding=\"async\" width=\"1167\" height=\"848\" data-id=\"57965\" src=\"https:\/\/ligue-golfgrandest.org\/wp-content\/uploads\/2025\/03\/2025-PRESSE-CD-88.jpeg\" alt=\"\" class=\"wp-image-57965\" srcset=\"https:\/\/ligue-golfgrandest.org\/wp-content\/uploads\/2025\/03\/2025-PRESSE-CD-88.jpeg 1167w, https:\/\/ligue-golfgrandest.org\/wp-content\/uploads\/2025\/03\/2025-PRESSE-CD-88-413x300.jpeg 413w, https:\/\/ligue-golfgrandest.org\/wp-content\/uploads\/2025\/03\/2025-PRESSE-CD-88-768x558.jpeg 768w\" sizes=\"auto, (max-width: 1167px) 100vw, 1167px\" \/><\/a><\/figure>\n<\/figure>\n\n\n\n<p><\/p>\n\n\n\n<p><strong>\u00c9LECTIONS 2024<\/strong> : <a href=\"https:\/\/ligue-golfgrandest.org\/wp-content\/uploads\/2025\/01\/202412211-PV-ELECTION-GOUVERNANCE-signe-x.pdf\">PV \u00e9lections<\/a><\/p>\n\n\n\n<figure class=\"wp-block-gallery has-nested-images columns-default is-cropped wp-block-gallery-2 is-layout-flex wp-block-gallery-is-layout-flex\">\n<figure class=\"wp-block-image size-large\"><a href=\"https:\/\/ligue-golfgrandest.org\/wp-content\/uploads\/2025\/01\/IMG_6977.jpg\"><img loading=\"lazy\" decoding=\"async\" width=\"1280\" height=\"960\" data-id=\"57567\" src=\"https:\/\/ligue-golfgrandest.org\/wp-content\/uploads\/2025\/01\/IMG_6977.jpg\" alt=\"\" class=\"wp-image-57567\" srcset=\"https:\/\/ligue-golfgrandest.org\/wp-content\/uploads\/2025\/01\/IMG_6977.jpg 1280w, https:\/\/ligue-golfgrandest.org\/wp-content\/uploads\/2025\/01\/IMG_6977-400x300.jpg 400w, https:\/\/ligue-golfgrandest.org\/wp-content\/uploads\/2025\/01\/IMG_6977-768x576.jpg 768w\" sizes=\"auto, (max-width: 1280px) 100vw, 1280px\" \/><\/a><figcaption class=\"wp-element-caption\">Comit\u00e9 CD 88 \u00e9lu en 2024<\/figcaption><\/figure>\n\n\n\n<figure class=\"wp-block-image size-large\"><a href=\"https:\/\/ligue-golfgrandest.org\/wp-content\/uploads\/2025\/01\/ARTICLE-27_12_2024.jpg\"><img loading=\"lazy\" decoding=\"async\" width=\"640\" height=\"576\" data-id=\"57575\" src=\"https:\/\/ligue-golfgrandest.org\/wp-content\/uploads\/2025\/01\/ARTICLE-27_12_2024.jpg\" alt=\"\" class=\"wp-image-57575\" srcset=\"https:\/\/ligue-golfgrandest.org\/wp-content\/uploads\/2025\/01\/ARTICLE-27_12_2024.jpg 640w, https:\/\/ligue-golfgrandest.org\/wp-content\/uploads\/2025\/01\/ARTICLE-27_12_2024-333x300.jpg 333w\" sizes=\"auto, (max-width: 640px) 100vw, 640px\" \/><\/a><\/figure>\n<\/figure>\n\n\n\n<p><\/p>\n\n\n\n<p><a href=\"https:\/\/ligue-golfgrandest.org\/wp-content\/uploads\/2024\/09\/REGLEMENT-OPERATIONS-ELECTORALES-CD88-2024.pdf\">R\u00e8glement des op\u00e9rations \u00e9lectorales<\/a> | <a href=\"https:\/\/ligue-golfgrandest.org\/wp-content\/uploads\/2024\/09\/APPEL-A-CANDIDATURES-CD88-2024.pdf\">Appel \u00e0 candidature<\/a> | <a href=\"https:\/\/ligue-golfgrandest.org\/wp-content\/uploads\/2024\/09\/DECLARATION-SUR-HONNEUR-CD88-GOLF-2024.pdf\">D\u00e9claration sur l\u2019honneur<\/a><\/p>\n\n\n\n<p><a href=\"https:\/\/ligue-golfgrandest.org\/wp-content\/uploads\/2024\/07\/STATUTS-CD-Vosges-2024-signe.pdf\">Nouveaux statuts CD88<\/a> |<\/p>\n\n\n\n<p>2 mars 2024 : Assembl\u00e9e G\u00e9n\u00e9rale&nbsp; &#8211; <a href=\"https:\/\/ligue-golfgrandest.org\/wp-content\/uploads\/2024\/03\/RAPPORT-MORAL-AGM-2024-CD-88.pdf\">Rapport moral<\/a> | <a href=\"https:\/\/ligue-golfgrandest.org\/wp-content\/uploads\/2024\/03\/Bilan-financier-CD-Vosges-2023-maj-m-laurent.pdf\">Bilan financier 2023<\/a> | <a href=\"https:\/\/ligue-golfgrandest.org\/wp-content\/uploads\/2024\/03\/CD88-Budget-Previsionnel-2024.pdf\">Budget pr\u00e9visionnel 2024 <\/a>|<\/p>\n\n\n\n<figure class=\"wp-block-image size-thumbnail\"><a href=\"https:\/\/ligue-golfgrandest.org\/wp-content\/uploads\/2024\/03\/ag-cd-88-020324.jpg\"><img loading=\"lazy\" decoding=\"async\" width=\"300\" height=\"200\" src=\"https:\/\/ligue-golfgrandest.org\/wp-content\/uploads\/2024\/03\/ag-cd-88-020324-300x200.jpg\" alt=\"\" class=\"wp-image-53285\" srcset=\"https:\/\/ligue-golfgrandest.org\/wp-content\/uploads\/2024\/03\/ag-cd-88-020324-300x200.jpg 300w, https:\/\/ligue-golfgrandest.org\/wp-content\/uploads\/2024\/03\/ag-cd-88-020324-272x182.jpg 272w\" sizes=\"auto, (max-width: 300px) 100vw, 300px\" \/><\/a><\/figure>\n\n\n\n<p><\/p>\n\n\n\n<p>11 mars 2023 : Assembl\u00e9e G\u00e9n\u00e9rale &#8211; <a href=\"https:\/\/ligue-golfgrandest.org\/wp-content\/uploads\/2023\/03\/PV-de-lAG-2023.pdf\">Proc\u00e8s Verbal<\/a> | <a href=\"https:\/\/ligue-golfgrandest.org\/wp-content\/uploads\/2023\/03\/RAPPORT-MORAL-2022.pdf\">Rapport moral<\/a> |<\/p>\n\n\n\n<p>20 novembre 2020 : Election du CD88&nbsp; &#8211; <a href=\"https:\/\/ligue-golfgrandest.org\/wp-content\/uploads\/2020\/11\/CD88-ELECTION-BUREAU-ET-PRESIDENT-2020-PV-xx.pdf\">Proc\u00e8s Verbal de l&rsquo;installation du Bureau<\/a> | <a href=\"https:\/\/ligue-golfgrandest.org\/wp-content\/uploads\/2020\/11\/CD88_AG_extraordinaire-du-20_11_2020-s.pdf\">Proc\u00e8s Verbal de l&rsquo;Assembl\u00e9e G\u00e9n\u00e9rale Extraordinaire<\/a> | <a href=\"https:\/\/ligue-golfgrandest.org\/wp-content\/uploads\/2020\/11\/CD88-statuts-20_11_2020-s.pdf\">Statuts et R\u00e8glement int\u00e9rieur <\/a>|<br>7 novembre 2020 : Election du CD88&nbsp; &#8211; <a href=\"https:\/\/ligue-golfgrandest.org\/wp-content\/uploads\/2020\/11\/CD88_AG_Elective-2020-PV.pdf\">Proc\u00e8s Verbal de l&rsquo;AG \u00e9lective<\/a> |<\/p>\n","protected":false},"excerpt":{"rendered":"<p>CD de Golf des Vosges Guy FRANCAISR\u00e9sidence Plaisance &#8211; All\u00e9e Michel Dormois88 800 Vittel06 86 54 06 72francais.guy@orange.frcd88@ligue-golfgrandest.orgFacebook : Comit\u00e9 D\u00e9partemental de Golf des VosgesSite Internet : https:\/\/www.cdgolf88.com\/ Le Comit\u00e9 Les communiqu\u00e9s du Comit\u00e9 D\u00e9partemental PV AG du 21 f\u00e9vrier 2026 | Rapport moral | Bilan financier | Budget pr\u00e9visionnel | Article de presse | [&hellip;]<\/p>\n","protected":false},"author":3,"featured_media":0,"parent":156,"menu_order":0,"comment_status":"closed","ping_status":"closed","template":"page-templates\/page-full-width.php","meta":{"footnotes":""},"class_list":["post-166","page","type-page","status-publish","hentry"],"_links":{"self":[{"href":"https:\/\/ligue-golfgrandest.org\/index.php\/wp-json\/wp\/v2\/pages\/166","targetHints":{"allow":["GET"]}}],"collection":[{"href":"https:\/\/ligue-golfgrandest.org\/index.php\/wp-json\/wp\/v2\/pages"}],"about":[{"href":"https:\/\/ligue-golfgrandest.org\/index.php\/wp-json\/wp\/v2\/types\/page"}],"author":[{"embeddable":true,"href":"https:\/\/ligue-golfgrandest.org\/index.php\/wp-json\/wp\/v2\/users\/3"}],"replies":[{"embeddable":true,"href":"https:\/\/ligue-golfgrandest.org\/index.php\/wp-json\/wp\/v2\/comments?post=166"}],"version-history":[{"count":3,"href":"https:\/\/ligue-golfgrandest.org\/index.php\/wp-json\/wp\/v2\/pages\/166\/revisions"}],"predecessor-version":[{"id":61959,"href":"https:\/\/ligue-golfgrandest.org\/index.php\/wp-json\/wp\/v2\/pages\/166\/revisions\/61959"}],"up":[{"embeddable":true,"href":"https:\/\/ligue-golfgrandest.org\/index.php\/wp-json\/wp\/v2\/pages\/156"}],"wp:attachment":[{"href":"https:\/\/ligue-golfgrandest.org\/index.php\/wp-json\/wp\/v2\/media?parent=166"}],"curies":[{"name":"wp","href":"https:\/\/api.w.org\/{rel}","templated":true}]}}