{"id":1640,"date":"2017-03-16T14:36:31","date_gmt":"2017-03-16T13:36:31","guid":{"rendered":"http:\/\/ligue-golfgrandest.org\/?page_id=1640"},"modified":"2023-11-18T14:29:19","modified_gmt":"2023-11-18T13:29:19","slug":"golf-bitche","status":"publish","type":"page","link":"https:\/\/ligue-golfgrandest.org\/index.php\/clubs\/lorraine\/golf-bitche\/","title":{"rendered":"Golf de Bitche"},"content":{"rendered":"\n<div class=\"wp-block-columns is-layout-flex wp-container-core-columns-is-layout-9d6595d7 wp-block-columns-is-layout-flex\">\n<div class=\"wp-block-column is-layout-flow wp-block-column-is-layout-flow\"><div class=\"wp-block-image\">\n<figure class=\"alignleft\"><img decoding=\"async\" src=\"http:\/\/ligue-golfgrandest.org\/wp-content\/uploads\/2020\/04\/bitche-1.jpg\" alt=\"\" class=\"wp-image-1643\"\/><\/figure><\/div><\/div>\n\n\n\n<div class=\"wp-block-column is-layout-flow wp-block-column-is-layout-flow\">\n<h3 class=\"wp-block-heading\">Asso. Sportive<\/h3>\n\n\n\n<p>22A Rue des Pr\u00e9s<br>57230 BITCHE<br>Pr\u00e9sident AS : Andr\u00e9 LITT<\/p>\n\n\n\n<p><a href=\"mailto:andre.litt@orange.fr\">andre.litt@orange.fr<\/a><\/p>\n\n\n\n<p><a href=\"https:\/\/www.golf-bitche.com\/horaires-de-depart\/\">D\u00e9parts comp\u00e9titions<\/a><br><a href=\"https:\/\/www.golf-bitche.com\/resultats-tournois\/\">R\u00e9sultats comp\u00e9titions<\/a><\/p>\n<\/div>\n\n\n\n<div class=\"wp-block-column is-layout-flow wp-block-column-is-layout-flow\">\n<h3 class=\"wp-block-heading\">Le Club<\/h3>\n\n\n\n<p>3 parcours 9 Trous<br>1 practice<br>1 restaurant<br>Directeur : Patrick SCHWALBACH<br><a href=\"mailto:contact@golf-bitche.com\">contact@golf-bitche.com<\/a><br><a rel=\"noreferrer noopener\" href=\"http:\/\/www.golf-bitche.com\" target=\"_blank\">www.golf-bitche.com<\/a><br>Facebook : <a href=\"https:\/\/www.facebook.com\/profile.php?id=100061386056940\" data-type=\"link\" data-id=\"https:\/\/www.facebook.com\/profile.php?id=100061386056940\">Golf-de-Bitche<\/a><br>03 87 96 15 30<\/p>\n<\/div>\n<\/div>\n\n\n\n<figure class=\"wp-block-gallery has-nested-images columns-4 is-cropped wp-block-gallery-1 is-layout-flex wp-block-gallery-is-layout-flex\">\n<figure class=\"wp-block-image size-large\"><img loading=\"lazy\" decoding=\"async\" width=\"800\" height=\"600\" data-id=\"1659\" src=\"https:\/\/ligue-golfgrandest.org\/wp-content\/uploads\/2017\/03\/09-BITCHE-1.jpg\" alt=\"\" class=\"wp-image-1659\" srcset=\"https:\/\/ligue-golfgrandest.org\/wp-content\/uploads\/2017\/03\/09-BITCHE-1.jpg 800w, https:\/\/ligue-golfgrandest.org\/wp-content\/uploads\/2017\/03\/09-BITCHE-1-350x263.jpg 350w, https:\/\/ligue-golfgrandest.org\/wp-content\/uploads\/2017\/03\/09-BITCHE-1-768x576.jpg 768w\" sizes=\"auto, (max-width: 800px) 100vw, 800px\" \/><\/figure>\n\n\n\n<figure class=\"wp-block-image size-large\"><img loading=\"lazy\" decoding=\"async\" width=\"800\" height=\"600\" data-id=\"1658\" src=\"https:\/\/ligue-golfgrandest.org\/wp-content\/uploads\/2017\/03\/09-BITCHE-2.jpg\" alt=\"\" class=\"wp-image-1658\" srcset=\"https:\/\/ligue-golfgrandest.org\/wp-content\/uploads\/2017\/03\/09-BITCHE-2.jpg 800w, https:\/\/ligue-golfgrandest.org\/wp-content\/uploads\/2017\/03\/09-BITCHE-2-350x263.jpg 350w, https:\/\/ligue-golfgrandest.org\/wp-content\/uploads\/2017\/03\/09-BITCHE-2-768x576.jpg 768w\" sizes=\"auto, (max-width: 800px) 100vw, 800px\" \/><\/figure>\n\n\n\n<figure class=\"wp-block-image size-large\"><img loading=\"lazy\" decoding=\"async\" width=\"800\" height=\"600\" data-id=\"1644\" src=\"https:\/\/ligue-golfgrandest.org\/wp-content\/uploads\/2017\/03\/9-Bitche.jpg\" alt=\"\" class=\"wp-image-1644\" srcset=\"https:\/\/ligue-golfgrandest.org\/wp-content\/uploads\/2017\/03\/9-Bitche.jpg 800w, https:\/\/ligue-golfgrandest.org\/wp-content\/uploads\/2017\/03\/9-Bitche-350x263.jpg 350w, https:\/\/ligue-golfgrandest.org\/wp-content\/uploads\/2017\/03\/9-Bitche-768x576.jpg 768w\" sizes=\"auto, (max-width: 800px) 100vw, 800px\" \/><figcaption class=\"wp-element-caption\">BITCHE<\/figcaption><\/figure>\n\n\n\n<figure class=\"wp-block-image size-large\"><img loading=\"lazy\" decoding=\"async\" width=\"1024\" height=\"683\" data-id=\"14941\" src=\"https:\/\/ligue-golfgrandest.org\/wp-content\/uploads\/2018\/09\/09-BITCHE-18-04-1024x683.jpg\" alt=\"\" class=\"wp-image-14941\" srcset=\"https:\/\/ligue-golfgrandest.org\/wp-content\/uploads\/2018\/09\/09-BITCHE-18-04-1024x683.jpg 1024w, https:\/\/ligue-golfgrandest.org\/wp-content\/uploads\/2018\/09\/09-BITCHE-18-04-300x200.jpg 300w, https:\/\/ligue-golfgrandest.org\/wp-content\/uploads\/2018\/09\/09-BITCHE-18-04-400x267.jpg 400w, https:\/\/ligue-golfgrandest.org\/wp-content\/uploads\/2018\/09\/09-BITCHE-18-04-768x512.jpg 768w, https:\/\/ligue-golfgrandest.org\/wp-content\/uploads\/2018\/09\/09-BITCHE-18-04-272x182.jpg 272w, https:\/\/ligue-golfgrandest.org\/wp-content\/uploads\/2018\/09\/09-BITCHE-18-04.jpg 1800w\" sizes=\"auto, (max-width: 1024px) 100vw, 1024px\" \/><\/figure>\n\n\n\n<figure class=\"wp-block-image size-large\"><img loading=\"lazy\" decoding=\"async\" width=\"1024\" height=\"683\" data-id=\"14938\" src=\"https:\/\/ligue-golfgrandest.org\/wp-content\/uploads\/2018\/09\/09-BITCHE-18-03-1024x683.jpg\" alt=\"\" class=\"wp-image-14938\" srcset=\"https:\/\/ligue-golfgrandest.org\/wp-content\/uploads\/2018\/09\/09-BITCHE-18-03-1024x683.jpg 1024w, https:\/\/ligue-golfgrandest.org\/wp-content\/uploads\/2018\/09\/09-BITCHE-18-03-300x200.jpg 300w, https:\/\/ligue-golfgrandest.org\/wp-content\/uploads\/2018\/09\/09-BITCHE-18-03-400x267.jpg 400w, https:\/\/ligue-golfgrandest.org\/wp-content\/uploads\/2018\/09\/09-BITCHE-18-03-768x512.jpg 768w, https:\/\/ligue-golfgrandest.org\/wp-content\/uploads\/2018\/09\/09-BITCHE-18-03-272x182.jpg 272w, https:\/\/ligue-golfgrandest.org\/wp-content\/uploads\/2018\/09\/09-BITCHE-18-03.jpg 1800w\" sizes=\"auto, (max-width: 1024px) 100vw, 1024px\" \/><\/figure>\n\n\n\n<figure class=\"wp-block-image size-large\"><img loading=\"lazy\" decoding=\"async\" width=\"1024\" height=\"683\" data-id=\"14936\" src=\"https:\/\/ligue-golfgrandest.org\/wp-content\/uploads\/2018\/09\/09-BITCHE-18-02-1024x683.jpg\" alt=\"\" class=\"wp-image-14936\" srcset=\"https:\/\/ligue-golfgrandest.org\/wp-content\/uploads\/2018\/09\/09-BITCHE-18-02-1024x683.jpg 1024w, https:\/\/ligue-golfgrandest.org\/wp-content\/uploads\/2018\/09\/09-BITCHE-18-02-300x200.jpg 300w, https:\/\/ligue-golfgrandest.org\/wp-content\/uploads\/2018\/09\/09-BITCHE-18-02-400x267.jpg 400w, https:\/\/ligue-golfgrandest.org\/wp-content\/uploads\/2018\/09\/09-BITCHE-18-02-768x512.jpg 768w, https:\/\/ligue-golfgrandest.org\/wp-content\/uploads\/2018\/09\/09-BITCHE-18-02-272x182.jpg 272w, https:\/\/ligue-golfgrandest.org\/wp-content\/uploads\/2018\/09\/09-BITCHE-18-02.jpg 1800w\" sizes=\"auto, (max-width: 1024px) 100vw, 1024px\" \/><\/figure>\n\n\n\n<figure class=\"wp-block-image size-large\"><img loading=\"lazy\" decoding=\"async\" width=\"1024\" height=\"683\" data-id=\"14935\" src=\"https:\/\/ligue-golfgrandest.org\/wp-content\/uploads\/2018\/09\/09-BITCHE-18-01-1024x683.jpg\" alt=\"\" class=\"wp-image-14935\" srcset=\"https:\/\/ligue-golfgrandest.org\/wp-content\/uploads\/2018\/09\/09-BITCHE-18-01-1024x683.jpg 1024w, https:\/\/ligue-golfgrandest.org\/wp-content\/uploads\/2018\/09\/09-BITCHE-18-01-300x200.jpg 300w, https:\/\/ligue-golfgrandest.org\/wp-content\/uploads\/2018\/09\/09-BITCHE-18-01-400x267.jpg 400w, https:\/\/ligue-golfgrandest.org\/wp-content\/uploads\/2018\/09\/09-BITCHE-18-01-768x512.jpg 768w, https:\/\/ligue-golfgrandest.org\/wp-content\/uploads\/2018\/09\/09-BITCHE-18-01-272x182.jpg 272w, https:\/\/ligue-golfgrandest.org\/wp-content\/uploads\/2018\/09\/09-BITCHE-18-01.jpg 1800w\" sizes=\"auto, (max-width: 1024px) 100vw, 1024px\" \/><\/figure>\n<\/figure>\n\n\n\n<iframe src=\"https:\/\/www.google.com\/maps\/embed?pb=!1m18!1m12!1m3!1d56245.639460690916!2d7.397691731167497!3d49.05636877009844!2m3!1f0!2f0!3f0!3m2!1i1024!2i768!4f13.1!3m3!1m2!1s0x479681fcbcb7cf55%3A0xc32e78073d4e1647!2sGolf%20de%20Bitche!5e0!3m2!1sfr!2sfr!4v1642673741758!5m2!1sfr!2sfr\" width=\"100%\" height=\"450\" style=\"border:0;\" allowfullscreen=\"\" loading=\"lazy\"><\/iframe>\n","protected":false},"excerpt":{"rendered":"<p>Asso. Sportive 22A Rue des Pr\u00e9s57230 BITCHEPr\u00e9sident AS : Andr\u00e9 LITT andre.litt@orange.fr D\u00e9parts comp\u00e9titionsR\u00e9sultats comp\u00e9titions Le Club 3 parcours 9 Trous1 practice1 restaurantDirecteur : Patrick SCHWALBACHcontact@golf-bitche.comwww.golf-bitche.comFacebook : Golf-de-Bitche03 87 96 15 30<\/p>\n","protected":false},"author":3,"featured_media":0,"parent":137,"menu_order":10,"comment_status":"closed","ping_status":"closed","template":"page-templates\/page-full-width.php","meta":{"footnotes":""},"class_list":["post-1640","page","type-page","status-publish","hentry"],"_links":{"self":[{"href":"https:\/\/ligue-golfgrandest.org\/index.php\/wp-json\/wp\/v2\/pages\/1640","targetHints":{"allow":["GET"]}}],"collection":[{"href":"https:\/\/ligue-golfgrandest.org\/index.php\/wp-json\/wp\/v2\/pages"}],"about":[{"href":"https:\/\/ligue-golfgrandest.org\/index.php\/wp-json\/wp\/v2\/types\/page"}],"author":[{"embeddable":true,"href":"https:\/\/ligue-golfgrandest.org\/index.php\/wp-json\/wp\/v2\/users\/3"}],"replies":[{"embeddable":true,"href":"https:\/\/ligue-golfgrandest.org\/index.php\/wp-json\/wp\/v2\/comments?post=1640"}],"version-history":[{"count":0,"href":"https:\/\/ligue-golfgrandest.org\/index.php\/wp-json\/wp\/v2\/pages\/1640\/revisions"}],"up":[{"embeddable":true,"href":"https:\/\/ligue-golfgrandest.org\/index.php\/wp-json\/wp\/v2\/pages\/137"}],"wp:attachment":[{"href":"https:\/\/ligue-golfgrandest.org\/index.php\/wp-json\/wp\/v2\/media?parent=1640"}],"curies":[{"name":"wp","href":"https:\/\/api.w.org\/{rel}","templated":true}]}}