{"id":164,"date":"2017-01-20T13:59:52","date_gmt":"2017-01-20T12:59:52","guid":{"rendered":"http:\/\/ligue-golfgrandest.org\/?page_id=164"},"modified":"2025-04-15T15:13:41","modified_gmt":"2025-04-15T13:13:41","slug":"moselle-57","status":"publish","type":"page","link":"https:\/\/ligue-golfgrandest.org\/index.php\/comites-dpt\/moselle-57\/","title":{"rendered":"MOSELLE | 57"},"content":{"rendered":"\n<div class=\"wp-block-columns is-layout-flex wp-container-core-columns-is-layout-9d6595d7 wp-block-columns-is-layout-flex\">\n<div class=\"wp-block-column is-layout-flow wp-block-column-is-layout-flow\" style=\"flex-basis:33.33%\">\n<figure class=\"wp-block-image size-large\"><img decoding=\"async\" src=\"http:\/\/ligue-golfgrandest.org\/wp-content\/uploads\/2017\/01\/CD57WEB.jpg\" alt=\"\" class=\"wp-image-1769\"\/><\/figure>\n<\/div>\n\n\n\n<div class=\"wp-block-column is-layout-flow wp-block-column-is-layout-flow\" style=\"flex-basis:66.66%\">\n<h3 class=\"wp-block-heading has-black-color has-text-color\" id=\"cd-de-golf-de-la-moselle\">CD de Golf de la Moselle<\/h3>\n\n\n\n<p>Gilles CONTER<br>ACADEMOS Cit\u00e9 des sports<br>2 rue de la pl\u00e9ni\u00e8re<br>57 420 VERNY<br>06 16 30 11 12<br><a href=\"mailto:golf.moselle.cd@gmail.com\">golf.moselle.cd@gmail.com<\/a><br><a href=\"mailto:conter.gilles@orange.fr\">conter.gilles@orange.fr<\/a><\/p>\n\n\n\n<p><strong>Facebook<\/strong>&nbsp;:&nbsp;<a href=\"https:\/\/www.facebook.com\/profile.php?id=100072959031281\">Comit\u00e9 D\u00e9partemental de Golf de Moselle<\/a><br><strong>Site Internet<\/strong>&nbsp;:&nbsp;<a href=\"https:\/\/sites.google.com\/site\/comitedegolfdemoselle\/\">Comit\u00e9 D\u00e9partemental de Golf de la Moselle (google.com)<\/a><\/p>\n<\/div>\n<\/div>\n\n\n\n<div class=\"wp-block-columns is-layout-flex wp-container-core-columns-is-layout-9d6595d7 wp-block-columns-is-layout-flex\">\n<div class=\"wp-block-column is-layout-flow wp-block-column-is-layout-flow\" style=\"flex-basis:33.33%\">\n<figure class=\"wp-block-image size-full is-resized\"><img decoding=\"async\" src=\"https:\/\/ligue-golfgrandest.org\/wp-content\/uploads\/2022\/12\/P-CD-CONTER-155x200-1.jpg\" alt=\"\" class=\"wp-image-23069\" style=\"width:225px;height:300px\"\/><\/figure>\n\n\n\n<p><strong>Gilles CONTER<\/strong> : Pr\u00e9sident<\/p>\n<\/div>\n\n\n\n<div class=\"wp-block-column is-layout-flow wp-block-column-is-layout-flow\" style=\"flex-basis:66.66%\">\n<h3 class=\"wp-block-heading\" id=\"le-comite\">Le Comit\u00e9 <\/h3>\n\n\n\n<ul class=\"wp-block-list\">\n<li><strong>Gilles CONTER <\/strong>: Pr\u00e9sident<\/li>\n\n\n\n<li><strong>Stanislas LADOWSKI<\/strong> : Tr\u00e9sorier<\/li>\n\n\n\n<li><strong>Philippe STENGER<\/strong> : Secr\u00e9taire G\u00e9n\u00e9ral<\/li>\n\n\n\n<li><strong>Olivier CHRETIEN<\/strong> : Membre<\/li>\n\n\n\n<li><strong>Martial WATZKY<\/strong> : Membre<\/li>\n<\/ul>\n<\/div>\n<\/div>\n\n\n\n<h3 class=\"wp-block-heading\" id=\"les-communiques-du-comite-departemental\">Les communiqu\u00e9s du Comit\u00e9 D\u00e9partemental<\/h3>\n\n\n\n<p><a href=\"https:\/\/ligue-golfgrandest.org\/wp-content\/uploads\/2025\/04\/bilan-Comite-CD-14-novembre-2024.pdf\">Bilan actions 2024<\/a> |<\/p>\n\n\n\n<p><strong>\u00c9LECTIONS 2024<\/strong> : <a href=\"https:\/\/ligue-golfgrandest.org\/wp-content\/uploads\/2024\/12\/PV-AG-ELECTIVE-CD-57-2024.pdf\">PV AG \u00e9lective<\/a><\/p>\n\n\n\n<p><a href=\"https:\/\/ligue-golfgrandest.org\/wp-content\/uploads\/2024\/09\/REGLEMENT-OPERATIONS-ELECTORALES-CD57-2024.pdf\">R\u00e8glement des op\u00e9rations \u00e9lectorales<\/a> | <a href=\"https:\/\/ligue-golfgrandest.org\/wp-content\/uploads\/2024\/09\/APPEL-A-CANDIDATURES-CD57.pdf\">Appel \u00e0 candidature<\/a> | <a href=\"https:\/\/ligue-golfgrandest.org\/wp-content\/uploads\/2024\/09\/DECLARATION-SUR-HONNEUR-CD57-GOLF.pdf\">D\u00e9claration sur l&rsquo;honneur<\/a> | <a href=\"https:\/\/ligue-golfgrandest.org\/wp-content\/uploads\/2024\/10\/2024-Liste-validee.pdf\">Liste publi\u00e9e<\/a><\/p>\n\n\n\n<p>17 octobre 2020 : Election du CD57&nbsp; &#8211; <a href=\"https:\/\/ligue-golfgrandest.org\/wp-content\/uploads\/2020\/12\/PV-AG-ELECTIVE-CD-57-2020.pdf\">Proc\u00e8s Verbal de l&rsquo;AG \u00e9lective<\/a> |<\/p>\n\n\n\n<hr class=\"wp-block-separator has-alpha-channel-opacity\"\/>\n\n\n\n<h2 class=\"wp-block-heading\">CDOS 57 : Stanis LADOWSKI \u00e0 l&rsquo;honneur ! <\/h2>\n\n\n\n<p>Stanis a \u00e9t\u00e9 mis \u00e0 l\u2019honneur par le comit\u00e9 d\u00e9partemental olympique et sportif de Moselle, action soutenue par le d\u00e9partement. Il fait partie des 57 b\u00e9n\u00e9voles r\u00e9compens\u00e9s lors de la soir\u00e9e qui leur a \u00e9t\u00e9 d\u00e9di\u00e9e ce mercredi 04 d\u00e9cembre 2024.<\/p>\n\n\n\n<p>Un engagement sans faille depuis de nombreuses ann\u00e9es, sa bienveillance, sa p\u00e9dagogie active aupr\u00e8s de tous les jeunes golfeurs lors de comp\u00e9titions qu\u2019il a encadr\u00e9es. <\/p>\n\n\n\n<p>Des g\u00e9n\u00e9rations de jeunes le connaissent en Moselle, il est devenu incontournable. <\/p>\n\n\n\n<p>Merci Stanis&#8230; !<\/p>\n\n\n\n<figure class=\"wp-block-gallery has-nested-images columns-3 is-cropped wp-block-gallery-1 is-layout-flex wp-block-gallery-is-layout-flex\">\n<figure class=\"wp-block-image size-large\"><a href=\"https:\/\/ligue-golfgrandest.org\/wp-content\/uploads\/2024\/12\/Stanis-scaled.jpg\"><img loading=\"lazy\" decoding=\"async\" width=\"800\" height=\"1200\" data-id=\"57377\" src=\"https:\/\/ligue-golfgrandest.org\/wp-content\/uploads\/2024\/12\/Stanis-800x1200.jpg\" alt=\"\" class=\"wp-image-57377\" srcset=\"https:\/\/ligue-golfgrandest.org\/wp-content\/uploads\/2024\/12\/Stanis-800x1200.jpg 800w, https:\/\/ligue-golfgrandest.org\/wp-content\/uploads\/2024\/12\/Stanis-200x300.jpg 200w, https:\/\/ligue-golfgrandest.org\/wp-content\/uploads\/2024\/12\/Stanis-768x1152.jpg 768w, https:\/\/ligue-golfgrandest.org\/wp-content\/uploads\/2024\/12\/Stanis-1024x1536.jpg 1024w, https:\/\/ligue-golfgrandest.org\/wp-content\/uploads\/2024\/12\/Stanis-1365x2048.jpg 1365w, https:\/\/ligue-golfgrandest.org\/wp-content\/uploads\/2024\/12\/Stanis-scaled.jpg 1707w\" sizes=\"auto, (max-width: 800px) 100vw, 800px\" \/><\/a><\/figure>\n\n\n\n<figure class=\"wp-block-image size-large\"><a href=\"https:\/\/ligue-golfgrandest.org\/wp-content\/uploads\/2024\/12\/P1649034-Copie-scaled.jpg\"><img loading=\"lazy\" decoding=\"async\" width=\"1585\" height=\"1200\" data-id=\"57376\" src=\"https:\/\/ligue-golfgrandest.org\/wp-content\/uploads\/2024\/12\/P1649034-Copie-1585x1200.jpg\" alt=\"\" class=\"wp-image-57376\" srcset=\"https:\/\/ligue-golfgrandest.org\/wp-content\/uploads\/2024\/12\/P1649034-Copie-1585x1200.jpg 1585w, https:\/\/ligue-golfgrandest.org\/wp-content\/uploads\/2024\/12\/P1649034-Copie-396x300.jpg 396w, https:\/\/ligue-golfgrandest.org\/wp-content\/uploads\/2024\/12\/P1649034-Copie-768x581.jpg 768w, https:\/\/ligue-golfgrandest.org\/wp-content\/uploads\/2024\/12\/P1649034-Copie-1536x1163.jpg 1536w, https:\/\/ligue-golfgrandest.org\/wp-content\/uploads\/2024\/12\/P1649034-Copie-2048x1551.jpg 2048w\" sizes=\"auto, (max-width: 1585px) 100vw, 1585px\" \/><\/a><\/figure>\n\n\n\n<figure class=\"wp-block-image size-large\"><a href=\"https:\/\/ligue-golfgrandest.org\/wp-content\/uploads\/2024\/12\/FB_IMG_1733407843529.jpg\"><img loading=\"lazy\" decoding=\"async\" width=\"940\" height=\"788\" data-id=\"57375\" src=\"https:\/\/ligue-golfgrandest.org\/wp-content\/uploads\/2024\/12\/FB_IMG_1733407843529.jpg\" alt=\"\" class=\"wp-image-57375\" srcset=\"https:\/\/ligue-golfgrandest.org\/wp-content\/uploads\/2024\/12\/FB_IMG_1733407843529.jpg 940w, https:\/\/ligue-golfgrandest.org\/wp-content\/uploads\/2024\/12\/FB_IMG_1733407843529-358x300.jpg 358w, https:\/\/ligue-golfgrandest.org\/wp-content\/uploads\/2024\/12\/FB_IMG_1733407843529-768x644.jpg 768w\" sizes=\"auto, (max-width: 940px) 100vw, 940px\" \/><\/a><\/figure>\n\n\n\n<figure class=\"wp-block-image size-large\"><a href=\"https:\/\/ligue-golfgrandest.org\/wp-content\/uploads\/2024\/12\/Stanislas-Ladowski-scaled.jpg\"><img loading=\"lazy\" decoding=\"async\" width=\"1600\" height=\"1067\" data-id=\"57378\" src=\"https:\/\/ligue-golfgrandest.org\/wp-content\/uploads\/2024\/12\/Stanislas-Ladowski-1600x1067.jpg\" alt=\"\" class=\"wp-image-57378\" srcset=\"https:\/\/ligue-golfgrandest.org\/wp-content\/uploads\/2024\/12\/Stanislas-Ladowski-1600x1067.jpg 1600w, https:\/\/ligue-golfgrandest.org\/wp-content\/uploads\/2024\/12\/Stanislas-Ladowski-450x300.jpg 450w, https:\/\/ligue-golfgrandest.org\/wp-content\/uploads\/2024\/12\/Stanislas-Ladowski-300x200.jpg 300w, https:\/\/ligue-golfgrandest.org\/wp-content\/uploads\/2024\/12\/Stanislas-Ladowski-768x512.jpg 768w, https:\/\/ligue-golfgrandest.org\/wp-content\/uploads\/2024\/12\/Stanislas-Ladowski-1536x1024.jpg 1536w, https:\/\/ligue-golfgrandest.org\/wp-content\/uploads\/2024\/12\/Stanislas-Ladowski-2048x1365.jpg 2048w, https:\/\/ligue-golfgrandest.org\/wp-content\/uploads\/2024\/12\/Stanislas-Ladowski-272x182.jpg 272w\" sizes=\"auto, (max-width: 1600px) 100vw, 1600px\" \/><\/a><\/figure>\n<\/figure>\n","protected":false},"excerpt":{"rendered":"<p>CD de Golf de la Moselle Gilles CONTERACADEMOS Cit\u00e9 des sports2 rue de la pl\u00e9ni\u00e8re57 420 VERNY06 16 30 11 12golf.moselle.cd@gmail.comconter.gilles@orange.fr Facebook&nbsp;:&nbsp;Comit\u00e9 D\u00e9partemental de Golf de MoselleSite Internet&nbsp;:&nbsp;Comit\u00e9 D\u00e9partemental de Golf de la Moselle (google.com) Gilles CONTER : Pr\u00e9sident Le Comit\u00e9 Les communiqu\u00e9s du Comit\u00e9 D\u00e9partemental Bilan actions 2024 | \u00c9LECTIONS 2024 : PV AG [&hellip;]<\/p>\n","protected":false},"author":3,"featured_media":0,"parent":156,"menu_order":0,"comment_status":"closed","ping_status":"closed","template":"page-templates\/page-full-width.php","meta":{"footnotes":""},"class_list":["post-164","page","type-page","status-publish","hentry"],"_links":{"self":[{"href":"https:\/\/ligue-golfgrandest.org\/index.php\/wp-json\/wp\/v2\/pages\/164","targetHints":{"allow":["GET"]}}],"collection":[{"href":"https:\/\/ligue-golfgrandest.org\/index.php\/wp-json\/wp\/v2\/pages"}],"about":[{"href":"https:\/\/ligue-golfgrandest.org\/index.php\/wp-json\/wp\/v2\/types\/page"}],"author":[{"embeddable":true,"href":"https:\/\/ligue-golfgrandest.org\/index.php\/wp-json\/wp\/v2\/users\/3"}],"replies":[{"embeddable":true,"href":"https:\/\/ligue-golfgrandest.org\/index.php\/wp-json\/wp\/v2\/comments?post=164"}],"version-history":[{"count":0,"href":"https:\/\/ligue-golfgrandest.org\/index.php\/wp-json\/wp\/v2\/pages\/164\/revisions"}],"up":[{"embeddable":true,"href":"https:\/\/ligue-golfgrandest.org\/index.php\/wp-json\/wp\/v2\/pages\/156"}],"wp:attachment":[{"href":"https:\/\/ligue-golfgrandest.org\/index.php\/wp-json\/wp\/v2\/media?parent=164"}],"curies":[{"name":"wp","href":"https:\/\/api.w.org\/{rel}","templated":true}]}}