{"id":162,"date":"2017-01-20T13:59:19","date_gmt":"2017-01-20T12:59:19","guid":{"rendered":"http:\/\/ligue-golfgrandest.org\/?page_id=162"},"modified":"2026-04-20T10:48:48","modified_gmt":"2026-04-20T08:48:48","slug":"meuse-55","status":"publish","type":"page","link":"https:\/\/ligue-golfgrandest.org\/index.php\/comites-dpt\/meuse-55\/","title":{"rendered":"MEUSE | 55"},"content":{"rendered":"\n<div class=\"wp-block-columns is-layout-flex wp-container-core-columns-is-layout-9d6595d7 wp-block-columns-is-layout-flex\">\n<div class=\"wp-block-column is-layout-flow wp-block-column-is-layout-flow\"><\/div>\n\n\n\n<div class=\"wp-block-column is-layout-flow wp-block-column-is-layout-flow\"><\/div>\n<\/div>\n\n\n\n<div class=\"wp-block-columns is-layout-flex wp-container-core-columns-is-layout-9d6595d7 wp-block-columns-is-layout-flex\">\n<div class=\"wp-block-column is-layout-flow wp-block-column-is-layout-flow\" style=\"flex-basis:33.33%\">\n<figure class=\"wp-block-image size-large\"><img decoding=\"async\" src=\"http:\/\/ligue-golfgrandest.org\/wp-content\/uploads\/2017\/01\/CD55WEB.jpg\" alt=\"\" class=\"wp-image-1769\"\/><\/figure>\n<\/div>\n\n\n\n<div class=\"wp-block-column is-layout-flow wp-block-column-is-layout-flow\" style=\"flex-basis:66.66%\">\n<h3 class=\"wp-block-heading has-black-color has-text-color\" id=\"cd-de-golf-de-la-meuse\">CD de Golf de la Meuse<\/h3>\n\n\n\n<p>Pascal TALABAS<br>10 rue Hippolyte de B\u00e9thune<br>55 100 VERDUN<br>06 80 40 54 29<br><a href=\"mailto:cd55@ligue-golfgrandest.org\">cd55@ligue-golfgrandest.org<\/a><br><\/p>\n<\/div>\n<\/div>\n\n\n\n<div class=\"wp-block-columns is-layout-flex wp-container-core-columns-is-layout-9d6595d7 wp-block-columns-is-layout-flex\">\n<div class=\"wp-block-column is-layout-flow wp-block-column-is-layout-flow\" style=\"flex-basis:33.33%\">\n<figure class=\"wp-block-image size-full\"><img loading=\"lazy\" decoding=\"async\" width=\"150\" height=\"200\" src=\"https:\/\/ligue-golfgrandest.org\/wp-content\/uploads\/2020\/03\/Pascal-TALABAS_150x200.jpg\" alt=\"\" class=\"wp-image-25156\"\/><\/figure>\n\n\n\n<p><strong>Pascal TALABAS<\/strong> : Pr\u00e9sident<\/p>\n<\/div>\n\n\n\n<div class=\"wp-block-column is-layout-flow wp-block-column-is-layout-flow\" style=\"flex-basis:66.66%\">\n<h3 class=\"wp-block-heading\" id=\"le-comite\">Le Comit\u00e9 <\/h3>\n\n\n\n<ul class=\"wp-block-list\">\n<li><strong>Pascal TALABAS <\/strong>: Pr\u00e9sident<\/li>\n\n\n\n<li><strong>Jean-Luc DORANGEON<\/strong> : Vice pr\u00e9sident. Commission Jeunes et Scolaire<\/li>\n\n\n\n<li><strong>Isabelle JEANNESSON LAMOTTE<\/strong> : Tr\u00e9sori\u00e8re<\/li>\n\n\n\n<li><strong>Elisabeth GARNIER<\/strong> : Secr\u00e9taire<\/li>\n\n\n\n<li><strong>Emmanuelle ROTH<\/strong> : Membre<\/li>\n<\/ul>\n\n\n\n<p><br><\/p>\n<\/div>\n<\/div>\n\n\n\n<h3 class=\"wp-block-heading\" id=\"les-communiques-du-comite-departemental\">Les communiqu\u00e9s du Comit\u00e9 D\u00e9partemental <\/h3>\n\n\n\n<p><a href=\"https:\/\/ligue-golfgrandest.org\/wp-content\/uploads\/2026\/02\/Presentation-Power-point-AG-CD55-2025.pdf\">Assembl\u00e9e G\u00e9n\u00e9rale 12 f\u00e9vrier 2026<\/a> | <\/p>\n\n\n\n<p><a href=\"https:\/\/ligue-golfgrandest.org\/wp-content\/uploads\/2024\/10\/Bilan-actions-CD55-2024.pdf\">Bilan actions 2024<\/a> |<\/p>\n\n\n\n<p><strong>ELECTIONS 2024 :<\/strong> <a href=\"https:\/\/ligue-golfgrandest.org\/wp-content\/uploads\/2025\/01\/Compte-rendu-elections-CD-55-mandature-2025-2028.pdf\">PV \u00e9lection<\/a>    |    <a href=\"https:\/\/ligue-golfgrandest.org\/wp-content\/uploads\/2025\/02\/Article-Est-Rep-AG-2024-002.jpg\">Article Est R\u00e9publicain AG CD 55<\/a><\/p>\n\n\n\n<p><strong>15 f\u00e9vrier 2024<\/strong> &#8211; <a href=\"https:\/\/ligue-golfgrandest.org\/wp-content\/uploads\/2024\/07\/PV-Assemblee-generale-Mixte-du-Comite-Meuse-2023.pdf\">PV AG mixte<\/a><\/p>\n\n\n\n<p>7 f\u00e9vrier 2023 : Assembl\u00e9e G\u00e9n\u00e9rale &#8211; <a href=\"https:\/\/ligue-golfgrandest.org\/wp-content\/uploads\/2023\/04\/Compte-rendu-A.G.-CD55-du-7-fevrier-2023.pdf\">Proc\u00e8s Verbal de r\u00e9union<\/a> |<\/p>\n\n\n\n<p><p> 16 octobre 2020 : Election du CD55\u00a0 &#8211; <a href=\"https:\/\/ligue-golfgrandest.org\/wp-content\/uploads\/2020\/11\/CR-elections-31-Octobre-2020.pdf\">Proc\u00e8s Verbal de r\u00e9union<\/a> | <\/p><\/p>\n","protected":false},"excerpt":{"rendered":"<p>CD de Golf de la Meuse Pascal TALABAS10 rue Hippolyte de B\u00e9thune55 100 VERDUN06 80 40 54 29cd55@ligue-golfgrandest.org Pascal TALABAS : Pr\u00e9sident Le Comit\u00e9 Les communiqu\u00e9s du Comit\u00e9 D\u00e9partemental Assembl\u00e9e G\u00e9n\u00e9rale 12 f\u00e9vrier 2026 | Bilan actions 2024 | ELECTIONS 2024 : PV \u00e9lection | Article Est R\u00e9publicain AG CD 55 15 f\u00e9vrier 2024 &#8211; [&hellip;]<\/p>\n","protected":false},"author":3,"featured_media":0,"parent":156,"menu_order":0,"comment_status":"closed","ping_status":"closed","template":"page-templates\/page-full-width.php","meta":{"footnotes":""},"class_list":["post-162","page","type-page","status-publish","hentry"],"_links":{"self":[{"href":"https:\/\/ligue-golfgrandest.org\/index.php\/wp-json\/wp\/v2\/pages\/162","targetHints":{"allow":["GET"]}}],"collection":[{"href":"https:\/\/ligue-golfgrandest.org\/index.php\/wp-json\/wp\/v2\/pages"}],"about":[{"href":"https:\/\/ligue-golfgrandest.org\/index.php\/wp-json\/wp\/v2\/types\/page"}],"author":[{"embeddable":true,"href":"https:\/\/ligue-golfgrandest.org\/index.php\/wp-json\/wp\/v2\/users\/3"}],"replies":[{"embeddable":true,"href":"https:\/\/ligue-golfgrandest.org\/index.php\/wp-json\/wp\/v2\/comments?post=162"}],"version-history":[{"count":4,"href":"https:\/\/ligue-golfgrandest.org\/index.php\/wp-json\/wp\/v2\/pages\/162\/revisions"}],"predecessor-version":[{"id":62547,"href":"https:\/\/ligue-golfgrandest.org\/index.php\/wp-json\/wp\/v2\/pages\/162\/revisions\/62547"}],"up":[{"embeddable":true,"href":"https:\/\/ligue-golfgrandest.org\/index.php\/wp-json\/wp\/v2\/pages\/156"}],"wp:attachment":[{"href":"https:\/\/ligue-golfgrandest.org\/index.php\/wp-json\/wp\/v2\/media?parent=162"}],"curies":[{"name":"wp","href":"https:\/\/api.w.org\/{rel}","templated":true}]}}