{"id":1561,"date":"2017-03-14T15:26:59","date_gmt":"2017-03-14T14:26:59","guid":{"rendered":"http:\/\/ligue-golfgrandest.org\/?page_id=1561"},"modified":"2023-11-19T10:39:44","modified_gmt":"2023-11-19T09:39:44","slug":"golf-ligne-bleue-des-vosges","status":"publish","type":"page","link":"https:\/\/ligue-golfgrandest.org\/index.php\/clubs\/lorraine\/golf-ligne-bleue-des-vosges\/","title":{"rendered":"Golf Club Ligne Bleue des Vosges"},"content":{"rendered":"\n<div class=\"wp-block-columns is-layout-flex wp-container-core-columns-is-layout-9d6595d7 wp-block-columns-is-layout-flex\">\n<div class=\"wp-block-column is-layout-flow wp-block-column-is-layout-flow\"><div class=\"wp-block-image\">\n<figure class=\"alignleft\"><img loading=\"lazy\" decoding=\"async\" width=\"250\" height=\"160\" src=\"http:\/\/ligue-golfgrandest.org\/wp-content\/uploads\/2017\/03\/18-LIGNE-BLEUE.jpg\" alt=\"\" class=\"wp-image-1566\"\/><\/figure><\/div><\/div>\n\n\n\n<div class=\"wp-block-column is-layout-flow wp-block-column-is-layout-flow\">\n<h3 class=\"wp-block-heading\">Asso. Sportive<\/h3>\n\n\n\n<p>Parc des Sports Ed et J. WOEHLE<br>Chemin du Coucheux<br>88100 SAINT DIE DES VOSGES<br>03 29 56 48 21<br>Pr\u00e9sident AS : Philippe BIGAUT<\/p>\n\n\n\n<p><a href=\"mailto:philippe.bigaut@backtee.fr\">philippe.bigaut@backtee.fr<\/a><\/p>\n\n\n\n<p><a href=\"https:\/\/www.golflignebleuedesvosgesstdie.fr\/resultats\/\">D\u00e9parts comp\u00e9titions<\/a><br><a href=\"https:\/\/www.golflignebleuedesvosgesstdie.fr\/resultats\/\">R\u00e9sultats comp\u00e9titions<\/a><\/p>\n<\/div>\n\n\n\n<div class=\"wp-block-column is-layout-flow wp-block-column-is-layout-flow\">\n<h3 class=\"wp-block-heading\">Le Club<\/h3>\n\n\n\n<p>1 parcours 9 trous<br><a href=\"mailto:contact@golflignebleue.fr\">contact@golflignebleue.fr<\/a><br><a href=\"http:\/\/www.golflignebleuedesvosgesstdie.fr\" target=\"_blank\" rel=\"noreferrer noopener\">www.golflignebleuedesvosgesstdie.fr<\/a><br>Facebook : <a href=\"https:\/\/www.facebook.com\/Golf-Club-La-Ligne-Bleue-des-Vosges-140764095989942\/\">Golf Club La Ligne Bleue des Vosges<\/a><br>03 29 55 42 00<\/p>\n<\/div>\n<\/div>\n\n\n\n<figure class=\"wp-block-gallery has-nested-images columns-default is-cropped wp-block-gallery-1 is-layout-flex wp-block-gallery-is-layout-flex\">\n<figure class=\"wp-block-image size-large\"><img loading=\"lazy\" decoding=\"async\" width=\"800\" height=\"600\" data-id=\"1564\" src=\"https:\/\/ligue-golfgrandest.org\/wp-content\/uploads\/2017\/03\/18-Ligne-bleue-des-vosges-2.jpg\" alt=\"\" class=\"wp-image-1564\" srcset=\"https:\/\/ligue-golfgrandest.org\/wp-content\/uploads\/2017\/03\/18-Ligne-bleue-des-vosges-2.jpg 800w, https:\/\/ligue-golfgrandest.org\/wp-content\/uploads\/2017\/03\/18-Ligne-bleue-des-vosges-2-350x263.jpg 350w, https:\/\/ligue-golfgrandest.org\/wp-content\/uploads\/2017\/03\/18-Ligne-bleue-des-vosges-2-768x576.jpg 768w\" sizes=\"auto, (max-width: 800px) 100vw, 800px\" \/><\/figure>\n\n\n\n<figure class=\"wp-block-image size-large\"><img loading=\"lazy\" decoding=\"async\" width=\"800\" height=\"600\" data-id=\"1563\" src=\"https:\/\/ligue-golfgrandest.org\/wp-content\/uploads\/2017\/03\/18-Ligne-bleue-des-vosges-1.jpg\" alt=\"\" class=\"wp-image-1563\" srcset=\"https:\/\/ligue-golfgrandest.org\/wp-content\/uploads\/2017\/03\/18-Ligne-bleue-des-vosges-1.jpg 800w, https:\/\/ligue-golfgrandest.org\/wp-content\/uploads\/2017\/03\/18-Ligne-bleue-des-vosges-1-350x263.jpg 350w, https:\/\/ligue-golfgrandest.org\/wp-content\/uploads\/2017\/03\/18-Ligne-bleue-des-vosges-1-768x576.jpg 768w\" sizes=\"auto, (max-width: 800px) 100vw, 800px\" \/><\/figure>\n\n\n\n<figure class=\"wp-block-image size-large\"><img loading=\"lazy\" decoding=\"async\" width=\"800\" height=\"600\" data-id=\"1568\" src=\"https:\/\/ligue-golfgrandest.org\/wp-content\/uploads\/2017\/03\/18-Ligne-bleue-des-vosges-3.jpg\" alt=\"\" class=\"wp-image-1568\" srcset=\"https:\/\/ligue-golfgrandest.org\/wp-content\/uploads\/2017\/03\/18-Ligne-bleue-des-vosges-3.jpg 800w, https:\/\/ligue-golfgrandest.org\/wp-content\/uploads\/2017\/03\/18-Ligne-bleue-des-vosges-3-350x263.jpg 350w, https:\/\/ligue-golfgrandest.org\/wp-content\/uploads\/2017\/03\/18-Ligne-bleue-des-vosges-3-768x576.jpg 768w\" sizes=\"auto, (max-width: 800px) 100vw, 800px\" \/><\/figure>\n<\/figure>\n\n\n\n<iframe src=\"https:\/\/www.google.com\/maps\/embed?pb=!1m18!1m12!1m3!1d98204.41161201909!2d6.89253260038643!3d48.259851740898306!2m3!1f0!2f0!3f0!3m2!1i1024!2i768!4f13.1!3m3!1m2!1s0x4793ee9ee4dec2ad%3A0xc156c6bda055f59f!2sGolf%20La%20Ligne%20Bleue%20des%20Vosges!5e0!3m2!1sfr!2sfr!4v1642693269357!5m2!1sfr!2sfr\" width=\"100%\" height=\"450\" style=\"border:0;\" allowfullscreen=\"\" loading=\"lazy\"><\/iframe>\n","protected":false},"excerpt":{"rendered":"<p>Asso. Sportive Parc des Sports Ed et J. WOEHLEChemin du Coucheux88100 SAINT DIE DES VOSGES03 29 56 48 21Pr\u00e9sident AS : Philippe BIGAUT philippe.bigaut@backtee.fr D\u00e9parts comp\u00e9titionsR\u00e9sultats comp\u00e9titions Le Club 1 parcours 9 trouscontact@golflignebleue.frwww.golflignebleuedesvosgesstdie.frFacebook : Golf Club La Ligne Bleue des Vosges03 29 55 42 00<\/p>\n","protected":false},"author":3,"featured_media":0,"parent":137,"menu_order":18,"comment_status":"closed","ping_status":"closed","template":"page-templates\/page-full-width.php","meta":{"footnotes":""},"class_list":["post-1561","page","type-page","status-publish","hentry"],"_links":{"self":[{"href":"https:\/\/ligue-golfgrandest.org\/index.php\/wp-json\/wp\/v2\/pages\/1561","targetHints":{"allow":["GET"]}}],"collection":[{"href":"https:\/\/ligue-golfgrandest.org\/index.php\/wp-json\/wp\/v2\/pages"}],"about":[{"href":"https:\/\/ligue-golfgrandest.org\/index.php\/wp-json\/wp\/v2\/types\/page"}],"author":[{"embeddable":true,"href":"https:\/\/ligue-golfgrandest.org\/index.php\/wp-json\/wp\/v2\/users\/3"}],"replies":[{"embeddable":true,"href":"https:\/\/ligue-golfgrandest.org\/index.php\/wp-json\/wp\/v2\/comments?post=1561"}],"version-history":[{"count":0,"href":"https:\/\/ligue-golfgrandest.org\/index.php\/wp-json\/wp\/v2\/pages\/1561\/revisions"}],"up":[{"embeddable":true,"href":"https:\/\/ligue-golfgrandest.org\/index.php\/wp-json\/wp\/v2\/pages\/137"}],"wp:attachment":[{"href":"https:\/\/ligue-golfgrandest.org\/index.php\/wp-json\/wp\/v2\/media?parent=1561"}],"curies":[{"name":"wp","href":"https:\/\/api.w.org\/{rel}","templated":true}]}}