{"id":156,"date":"2017-01-20T13:56:56","date_gmt":"2017-01-20T12:56:56","guid":{"rendered":"http:\/\/ligue-golfgrandest.org\/?page_id=156"},"modified":"2018-02-22T11:41:08","modified_gmt":"2018-02-22T10:41:08","slug":"comites-dpt","status":"publish","type":"page","link":"https:\/\/ligue-golfgrandest.org\/index.php\/comites-dpt\/","title":{"rendered":"COMITES DEP."},"content":{"rendered":"<p>La Ligue de Golf Grand Est est compos\u00e9e de 8 Comit\u00e9s D\u00e9partementaux.<br \/>\n<img loading=\"lazy\" decoding=\"async\" class=\"aligncenter wp-image-8622 size-full\" src=\"http:\/\/ligue-golfgrandest.org\/wp-content\/uploads\/2018\/02\/CARTE-CD-GRAND-EST-1000.jpg\" alt=\"\" width=\"1000\" height=\"758\" srcset=\"https:\/\/ligue-golfgrandest.org\/wp-content\/uploads\/2018\/02\/CARTE-CD-GRAND-EST-1000.jpg 1000w, https:\/\/ligue-golfgrandest.org\/wp-content\/uploads\/2018\/02\/CARTE-CD-GRAND-EST-1000-396x300.jpg 396w, https:\/\/ligue-golfgrandest.org\/wp-content\/uploads\/2018\/02\/CARTE-CD-GRAND-EST-1000-768x582.jpg 768w\" sizes=\"auto, (max-width: 1000px) 100vw, 1000px\" \/><\/p>\n<div class=\"row\">\n<div class=\"col-md-4\">\n<h3>Champagne Ardennes<\/h3>\n<p><a href=\"http:\/\/ligue-golfgrandest.org\/index.php\/comites-dpt\/marne-51\/\">Marne | CD51<\/a><br \/>\n<a href=\"http:\/\/ligue-golfgrandest.org\/index.php\/comites-dpt\/aube-10\/\">Aube | CD10<\/a><\/p>\n<\/div>\n<div class=\"col-md-4\">\n<h3>Lorraine<\/h3>\n<p><a href=\"http:\/\/ligue-golfgrandest.org\/index.php\/comites-dpt\/meuse-55\/\">Meuse | CD55<\/a><br \/>\n<a href=\"http:\/\/ligue-golfgrandest.org\/index.php\/comites-dpt\/meurthe-moselle-54\/\">Meurthe &amp; Moselle | CD54<\/a><br \/>\n<a href=\"http:\/\/ligue-golfgrandest.org\/index.php\/comites-dpt\/moselle-57\/\">Moselle | CD57<\/a><br \/>\n<a href=\"http:\/\/ligue-golfgrandest.org\/index.php\/comites-dpt\/vosges-88\/\">Vosges | CD88<\/a><\/p>\n<\/div>\n<div class=\"col-md-4\">\n<h3>Alsace<\/h3>\n<p><a href=\"http:\/\/ligue-golfgrandest.org\/index.php\/comites-dpt\/bas-rhin-67\/\">Bas-Rhin | CD67<\/a><br \/>\n<a href=\"http:\/\/ligue-golfgrandest.org\/index.php\/comites-dpt\/haut-rhin-68\/\">Haut-Rhin | CD68 <\/a><\/p>\n<\/div>\n<\/div>\n","protected":false},"excerpt":{"rendered":"<p>La Ligue de Golf Grand Est est compos\u00e9e de 8 Comit\u00e9s D\u00e9partementaux. Champagne Ardennes Marne | CD51 Aube | CD10 Lorraine Meuse | CD55 Meurthe &amp; Moselle | CD54 Moselle | CD57 Vosges | CD88 Alsace Bas-Rhin | CD67 Haut-Rhin | CD68<\/p>\n","protected":false},"author":3,"featured_media":0,"parent":0,"menu_order":0,"comment_status":"closed","ping_status":"closed","template":"page-templates\/full-width.php","meta":{"footnotes":""},"class_list":["post-156","page","type-page","status-publish","hentry"],"_links":{"self":[{"href":"https:\/\/ligue-golfgrandest.org\/index.php\/wp-json\/wp\/v2\/pages\/156","targetHints":{"allow":["GET"]}}],"collection":[{"href":"https:\/\/ligue-golfgrandest.org\/index.php\/wp-json\/wp\/v2\/pages"}],"about":[{"href":"https:\/\/ligue-golfgrandest.org\/index.php\/wp-json\/wp\/v2\/types\/page"}],"author":[{"embeddable":true,"href":"https:\/\/ligue-golfgrandest.org\/index.php\/wp-json\/wp\/v2\/users\/3"}],"replies":[{"embeddable":true,"href":"https:\/\/ligue-golfgrandest.org\/index.php\/wp-json\/wp\/v2\/comments?post=156"}],"version-history":[{"count":0,"href":"https:\/\/ligue-golfgrandest.org\/index.php\/wp-json\/wp\/v2\/pages\/156\/revisions"}],"wp:attachment":[{"href":"https:\/\/ligue-golfgrandest.org\/index.php\/wp-json\/wp\/v2\/media?parent=156"}],"curies":[{"name":"wp","href":"https:\/\/api.w.org\/{rel}","templated":true}]}}