{"id":15591,"date":"2018-10-31T08:30:54","date_gmt":"2018-10-31T07:30:54","guid":{"rendered":"http:\/\/ligue-golfgrandest.org\/?page_id=15591"},"modified":"2026-04-13T16:27:18","modified_gmt":"2026-04-13T14:27:18","slug":"golfentreprise-individuel","status":"publish","type":"page","link":"https:\/\/ligue-golfgrandest.org\/index.php\/entreprise\/golfentreprise-individuel\/","title":{"rendered":"GOLF ENTREPRISE | CHAMPIONNAT INDIVIDUEL"},"content":{"rendered":"\n<h2 class=\"wp-block-heading\">CHAMPIONNAT INDIVIDUEL GOLF ENTREPRISE<\/h2>\n\n\n\n<p>27-28 juin 2026 | Golf de Faulquemont<\/p>\n\n\n\n<p>Inscription :<br><strong>Extranet \u2013 Inscription des Clubs avant le 27\/05\/26<\/strong><br><strong>Extranet \u2013 Inscription des joueurs avant le 19\/06\/26<\/strong><\/p>\n\n\n\n<p>Infos et r\u00e9sultats |<\/p>\n\n\n\n<hr class=\"wp-block-separator has-alpha-channel-opacity\"\/>\n\n\n\n<hr class=\"wp-block-separator has-alpha-channel-opacity\"\/>\n\n\n\n<h2 class=\"wp-block-heading has-cyan-bluish-gray-color has-text-color has-link-color wp-elements-f411d41a493b8f629332233290f30bf3\">R\u00e9sultats <\/h2>\n\n\n<p>2025 CHAMPIONNAT INDIVIDUEL GOLF ENTREPRISE<strong> | <a href=\"https:\/\/ligue-golfgrandest.org\/wp-content\/uploads\/2025\/06\/1d.-Resultats-clubs-entreprises-sans-nouveaux-index-1.pdf\">R\u00e9sultats individuels <\/a><\/strong><\/p>\n\n\n<p>2024 CHAMPIONNAT INDIVIDUEL GOLF ENTREPRISE<strong>&nbsp;| <a href=\"https:\/\/ligue-golfgrandest.org\/wp-content\/uploads\/2024\/06\/1d.-Resultats-clubs-entreprises-sans-nouveaux-index-1.pdf\">R\u00e9sultats individuels<\/a><\/strong><\/p>\n\n\n\n<p><\/p>\n","protected":false},"excerpt":{"rendered":"<p>CHAMPIONNAT INDIVIDUEL GOLF ENTREPRISE 27-28 juin 2026 | Golf de Faulquemont Inscription :Extranet \u2013 Inscription des Clubs avant le 27\/05\/26Extranet \u2013 Inscription des joueurs avant le 19\/06\/26 Infos et r\u00e9sultats | R\u00e9sultats 2025 CHAMPIONNAT INDIVIDUEL GOLF ENTREPRISE | R\u00e9sultats individuels 2024 CHAMPIONNAT INDIVIDUEL GOLF ENTREPRISE&nbsp;| R\u00e9sultats individuels<\/p>\n","protected":false},"author":3,"featured_media":0,"parent":108,"menu_order":0,"comment_status":"closed","ping_status":"closed","template":"page-templates\/page-full-width.php","meta":{"footnotes":""},"class_list":["post-15591","page","type-page","status-publish","hentry"],"_links":{"self":[{"href":"https:\/\/ligue-golfgrandest.org\/index.php\/wp-json\/wp\/v2\/pages\/15591","targetHints":{"allow":["GET"]}}],"collection":[{"href":"https:\/\/ligue-golfgrandest.org\/index.php\/wp-json\/wp\/v2\/pages"}],"about":[{"href":"https:\/\/ligue-golfgrandest.org\/index.php\/wp-json\/wp\/v2\/types\/page"}],"author":[{"embeddable":true,"href":"https:\/\/ligue-golfgrandest.org\/index.php\/wp-json\/wp\/v2\/users\/3"}],"replies":[{"embeddable":true,"href":"https:\/\/ligue-golfgrandest.org\/index.php\/wp-json\/wp\/v2\/comments?post=15591"}],"version-history":[{"count":6,"href":"https:\/\/ligue-golfgrandest.org\/index.php\/wp-json\/wp\/v2\/pages\/15591\/revisions"}],"predecessor-version":[{"id":62332,"href":"https:\/\/ligue-golfgrandest.org\/index.php\/wp-json\/wp\/v2\/pages\/15591\/revisions\/62332"}],"up":[{"embeddable":true,"href":"https:\/\/ligue-golfgrandest.org\/index.php\/wp-json\/wp\/v2\/pages\/108"}],"wp:attachment":[{"href":"https:\/\/ligue-golfgrandest.org\/index.php\/wp-json\/wp\/v2\/media?parent=15591"}],"curies":[{"name":"wp","href":"https:\/\/api.w.org\/{rel}","templated":true}]}}