{"id":1546,"date":"2017-03-14T15:03:56","date_gmt":"2017-03-14T14:03:56","guid":{"rendered":"http:\/\/ligue-golfgrandest.org\/?page_id=1546"},"modified":"2026-02-09T10:25:07","modified_gmt":"2026-02-09T09:25:07","slug":"golf-vittel-hazeau","status":"publish","type":"page","link":"https:\/\/ligue-golfgrandest.org\/index.php\/clubs\/lorraine\/golf-vittel-hazeau\/","title":{"rendered":"Golf Club de Vittel Hazeau"},"content":{"rendered":"\n<div class=\"wp-block-columns is-layout-flex wp-container-core-columns-is-layout-9d6595d7 wp-block-columns-is-layout-flex\">\n<div class=\"wp-block-column is-layout-flow wp-block-column-is-layout-flow\"><div class=\"wp-block-image\">\n<figure class=\"alignleft\"><a href=\"http:\/\/ligue-golfgrandest.org\/wp-content\/uploads\/2018\/07\/VITTEL-HAZEAU.png\"><img loading=\"lazy\" decoding=\"async\" width=\"250\" height=\"248\" src=\"http:\/\/ligue-golfgrandest.org\/wp-content\/uploads\/2018\/07\/VITTEL-HAZEAU.png\" alt=\"\" class=\"wp-image-13473\"\/><\/a><\/figure><\/div><\/div>\n\n\n\n<div class=\"wp-block-column is-layout-flow wp-block-column-is-layout-flow\">\n<h3 class=\"wp-block-heading\">Asso. Sportive<\/h3>\n\n\n\n<p>533, avenue du Haut de Fol<br>All\u00e9e Jean Pierre Nesme<br>BP 34<br>88801 VITTEL CEDEX<br>Pr\u00e9sident AS : Bernard NOVIANT<\/p>\n\n\n\n<p><a href=\"mailto:bernardnoviantgolf@gmail.com\">bernardnoviantgolf@gmail.com<\/a><\/p>\n\n\n\n<p><a href=\"https:\/\/web.ffgolf.org\/ffgolf\/tee\/tee.php?gk=10d3813a750998050a6555483d2f496d\">D\u00e9parts comp\u00e9titions<\/a><br><a href=\"https:\/\/pages.ffgolf.org\/resultats\/liste-competitions\/10d3813a750998050a6555483d2f496d\" data-type=\"link\" data-id=\"https:\/\/pages.ffgolf.org\/resultats\/liste-competitions\/10d3813a750998050a6555483d2f496d\">R\u00e9sultats comp\u00e9titions<\/a><\/p>\n<\/div>\n\n\n\n<div class=\"wp-block-column is-layout-flow wp-block-column-is-layout-flow\">\n<h3 class=\"wp-block-heading\">Le Club<\/h3>\n\n\n\n<p>1 parcours 9 Trous<br>1 practice<br><a href=\"mailto:contact@golf-vittel-hazeau.com\">contact@golf-vittel-hazeau.com<\/a><br><a rel=\"noreferrer noopener\" href=\"http:\/\/www.golf-vittel-hazeau.com\" target=\"_blank\">www.golf-vittel-hazeau.com<\/a><br>Facebook : <a href=\"https:\/\/www.facebook.com\/people\/Golfhazeau-Vittel\/100011651782739\">Golfhazeau Vittel<\/a><br>03 29 08 20 85<\/p>\n<\/div>\n<\/div>\n\n\n\n<figure class=\"wp-block-gallery has-nested-images columns-default is-cropped wp-block-gallery-1 is-layout-flex wp-block-gallery-is-layout-flex\">\n<figure class=\"wp-block-image size-large\"><a href=\"https:\/\/ligue-golfgrandest.org\/wp-content\/uploads\/2017\/03\/20-Vittel-Hazeau-1.jpg\"><img loading=\"lazy\" decoding=\"async\" width=\"800\" height=\"600\" data-id=\"1548\" src=\"https:\/\/ligue-golfgrandest.org\/wp-content\/uploads\/2017\/03\/20-Vittel-Hazeau-1.jpg\" alt=\"\" class=\"wp-image-1548\" srcset=\"https:\/\/ligue-golfgrandest.org\/wp-content\/uploads\/2017\/03\/20-Vittel-Hazeau-1.jpg 800w, https:\/\/ligue-golfgrandest.org\/wp-content\/uploads\/2017\/03\/20-Vittel-Hazeau-1-350x263.jpg 350w, https:\/\/ligue-golfgrandest.org\/wp-content\/uploads\/2017\/03\/20-Vittel-Hazeau-1-768x576.jpg 768w\" sizes=\"auto, (max-width: 800px) 100vw, 800px\" \/><\/a><\/figure>\n\n\n\n<figure class=\"wp-block-image size-large\"><a href=\"https:\/\/ligue-golfgrandest.org\/wp-content\/uploads\/2017\/03\/20-Vittel-Hazeau-2.jpg\"><img loading=\"lazy\" decoding=\"async\" width=\"800\" height=\"600\" data-id=\"1549\" src=\"https:\/\/ligue-golfgrandest.org\/wp-content\/uploads\/2017\/03\/20-Vittel-Hazeau-2.jpg\" alt=\"\" class=\"wp-image-1549\" srcset=\"https:\/\/ligue-golfgrandest.org\/wp-content\/uploads\/2017\/03\/20-Vittel-Hazeau-2.jpg 800w, https:\/\/ligue-golfgrandest.org\/wp-content\/uploads\/2017\/03\/20-Vittel-Hazeau-2-350x263.jpg 350w, https:\/\/ligue-golfgrandest.org\/wp-content\/uploads\/2017\/03\/20-Vittel-Hazeau-2-768x576.jpg 768w\" sizes=\"auto, (max-width: 800px) 100vw, 800px\" \/><\/a><\/figure>\n\n\n\n<figure class=\"wp-block-image size-large\"><a href=\"https:\/\/ligue-golfgrandest.org\/wp-content\/uploads\/2017\/03\/20-Vittel-Hazeau-3.jpg\"><img loading=\"lazy\" decoding=\"async\" width=\"800\" height=\"600\" data-id=\"1550\" src=\"https:\/\/ligue-golfgrandest.org\/wp-content\/uploads\/2017\/03\/20-Vittel-Hazeau-3.jpg\" alt=\"\" class=\"wp-image-1550\" srcset=\"https:\/\/ligue-golfgrandest.org\/wp-content\/uploads\/2017\/03\/20-Vittel-Hazeau-3.jpg 800w, https:\/\/ligue-golfgrandest.org\/wp-content\/uploads\/2017\/03\/20-Vittel-Hazeau-3-350x263.jpg 350w, https:\/\/ligue-golfgrandest.org\/wp-content\/uploads\/2017\/03\/20-Vittel-Hazeau-3-768x576.jpg 768w\" sizes=\"auto, (max-width: 800px) 100vw, 800px\" \/><\/a><\/figure>\n<\/figure>\n\n\n\n<iframe src=\"https:\/\/www.google.com\/maps\/embed?pb=!1m18!1m12!1m3!1d16172.18260934244!2d5.916689697222828!3d48.192691009213924!2m3!1f0!2f0!3f0!3m2!1i1024!2i768!4f13.1!3m3!1m2!1s0x479339140384ef03%3A0x1dd34f210d9160fb!2sGolf%20de%20Vittel%20-%20Hazeau!5e0!3m2!1sfr!2sfr!4v1642693856161!5m2!1sfr!2sfr\" width=\"100%\" height=\"450\" style=\"border:0;\" allowfullscreen=\"\" loading=\"lazy\"><\/iframe>\n","protected":false},"excerpt":{"rendered":"<p>Asso. Sportive 533, avenue du Haut de FolAll\u00e9e Jean Pierre NesmeBP 3488801 VITTEL CEDEXPr\u00e9sident AS : Bernard NOVIANT bernardnoviantgolf@gmail.com D\u00e9parts comp\u00e9titionsR\u00e9sultats comp\u00e9titions Le Club 1 parcours 9 Trous1 practicecontact@golf-vittel-hazeau.comwww.golf-vittel-hazeau.comFacebook : Golfhazeau Vittel03 29 08 20 85<\/p>\n","protected":false},"author":3,"featured_media":0,"parent":137,"menu_order":20,"comment_status":"closed","ping_status":"closed","template":"page-templates\/page-full-width.php","meta":{"footnotes":""},"class_list":["post-1546","page","type-page","status-publish","hentry"],"_links":{"self":[{"href":"https:\/\/ligue-golfgrandest.org\/index.php\/wp-json\/wp\/v2\/pages\/1546","targetHints":{"allow":["GET"]}}],"collection":[{"href":"https:\/\/ligue-golfgrandest.org\/index.php\/wp-json\/wp\/v2\/pages"}],"about":[{"href":"https:\/\/ligue-golfgrandest.org\/index.php\/wp-json\/wp\/v2\/types\/page"}],"author":[{"embeddable":true,"href":"https:\/\/ligue-golfgrandest.org\/index.php\/wp-json\/wp\/v2\/users\/3"}],"replies":[{"embeddable":true,"href":"https:\/\/ligue-golfgrandest.org\/index.php\/wp-json\/wp\/v2\/comments?post=1546"}],"version-history":[{"count":1,"href":"https:\/\/ligue-golfgrandest.org\/index.php\/wp-json\/wp\/v2\/pages\/1546\/revisions"}],"predecessor-version":[{"id":61423,"href":"https:\/\/ligue-golfgrandest.org\/index.php\/wp-json\/wp\/v2\/pages\/1546\/revisions\/61423"}],"up":[{"embeddable":true,"href":"https:\/\/ligue-golfgrandest.org\/index.php\/wp-json\/wp\/v2\/pages\/137"}],"wp:attachment":[{"href":"https:\/\/ligue-golfgrandest.org\/index.php\/wp-json\/wp\/v2\/media?parent=1546"}],"curies":[{"name":"wp","href":"https:\/\/api.w.org\/{rel}","templated":true}]}}