{"id":15242,"date":"2018-10-14T11:45:23","date_gmt":"2018-10-14T09:45:23","guid":{"rendered":"http:\/\/ligue-golfgrandest.org\/?page_id=15242"},"modified":"2025-01-22T13:06:34","modified_gmt":"2025-01-22T12:06:34","slug":"dress-code","status":"publish","type":"page","link":"https:\/\/ligue-golfgrandest.org\/index.php\/la-ligue\/dress-code\/","title":{"rendered":"DRESS-CODE 2024-28"},"content":{"rendered":"\n<p>Le Dess-Code de la Ligue permet d&rsquo;identifier facilement les Officiels de la Ligue et des Comit\u00e9s D\u00e9partementaux, les joueurs repr\u00e9sentants la Ligue, les jeunes du P\u00f4le Jeunes, les Coachs de la Ligue et les Arbitres de la Ligue. De fa\u00e7on g\u00e9n\u00e9rale, les golfeurs adoptent un Dress-code recommand\u00e9 dans tous les clubs.<\/p>\n\n\n\n<p class=\"has-white-color has-text-color has-background has-medium-font-size\" style=\"background-color:#1e2244\"><strong>Les Officiels de la Ligue et des Comit\u00e9s D\u00e9partementaux<\/strong><\/p>\n\n\n\n<p>Les officiels de la Ligue portent en repr\u00e9sentation les v\u00eatements des fournisseurs partenaires de la Ligue.<\/p>\n\n\n\n<p>En \u00e9t\u00e9 et par beau temps :<\/p>\n\n\n\n<ul class=\"wp-block-list\">\n<li>un polo blanc ou une chemise, chemisette blanche<\/li>\n\n\n\n<li>les Messieurs : un pantalon gris clair ; les Dames : pantalon, jupe ou bermuda gris clair<\/li>\n\n\n\n<li>une ceinture noire<\/li>\n<\/ul>\n\n\n\n<p>Par temps frais ou hivernal :<\/p>\n\n\n\n<ul class=\"wp-block-list\">\n<li>un polo blanc<\/li>\n\n\n\n<li>un pull bleu navy, une doudoune bleu navy, une doudoune sans manche navy, une veste de pluie bleu navy<\/li>\n\n\n\n<li>un pantalon bleu navy<\/li>\n<\/ul>\n\n\n\n<figure class=\"wp-block-gallery has-nested-images columns-default is-cropped wp-block-gallery-1 is-layout-flex wp-block-gallery-is-layout-flex\">\n<figure class=\"wp-block-image size-full\"><a href=\"https:\/\/ligue-golfgrandest.org\/wp-content\/uploads\/2025\/01\/756ed261-3112-4646-8b4d-b20d3570ae70.jpg\"><img loading=\"lazy\" decoding=\"async\" width=\"1600\" height=\"1200\" data-id=\"57635\" src=\"https:\/\/ligue-golfgrandest.org\/wp-content\/uploads\/2025\/01\/756ed261-3112-4646-8b4d-b20d3570ae70.jpg\" alt=\"\" class=\"wp-image-57635\" srcset=\"https:\/\/ligue-golfgrandest.org\/wp-content\/uploads\/2025\/01\/756ed261-3112-4646-8b4d-b20d3570ae70.jpg 1600w, https:\/\/ligue-golfgrandest.org\/wp-content\/uploads\/2025\/01\/756ed261-3112-4646-8b4d-b20d3570ae70-400x300.jpg 400w, https:\/\/ligue-golfgrandest.org\/wp-content\/uploads\/2025\/01\/756ed261-3112-4646-8b4d-b20d3570ae70-768x576.jpg 768w, https:\/\/ligue-golfgrandest.org\/wp-content\/uploads\/2025\/01\/756ed261-3112-4646-8b4d-b20d3570ae70-1536x1152.jpg 1536w\" sizes=\"auto, (max-width: 1600px) 100vw, 1600px\" \/><\/a><\/figure>\n<\/figure>\n\n\n\n<p><\/p>\n\n\n\n<p class=\"has-white-color has-text-color has-background has-medium-font-size\" id=\"les-joueurs-en-equipe-ou-en-individuel-les-jeunes-du-pole-et-les-coachs-de-la-ligue\" style=\"background-color:#1e2244\"><strong>Les joueurs de Ligue en Equipe ou en individuel, les Jeunes du P\u00f4le et les coachs de la Ligue<\/strong><\/p>\n\n\n\n<p>En \u00e9t\u00e9 et par beau temps :<\/p>\n\n\n\n<ul class=\"wp-block-list\">\n<li>un polo blanc<\/li>\n\n\n\n<li>les Gar\u00e7ons : un bermuda bleu navy ; les Filles : une jupe ou short bleu navy ;<\/li>\n\n\n\n<li>les Messieurs : pantalon gris clair ; les Dames :&nbsp;pantalon, une jupe ou bermuda gris clair ;<\/li>\n\n\n\n<li>une ceinture noire<\/li>\n<\/ul>\n\n\n\n<p>Par temps frais ou hivernal :<\/p>\n\n\n\n<ul class=\"wp-block-list\">\n<li>un polo blanc<\/li>\n\n\n\n<li>un pull bleu navy, une doudoune bleu navy, une veste de pluie bleu navy<\/li>\n\n\n\n<li>un pantalon bleu navy<\/li>\n<\/ul>\n\n\n\n<p><\/p>\n\n\n\n<figure class=\"wp-block-gallery has-nested-images columns-4 is-cropped wp-block-gallery-2 is-layout-flex wp-block-gallery-is-layout-flex\">\n<figure class=\"wp-block-image size-full\"><a href=\"https:\/\/ligue-golfgrandest.org\/wp-content\/uploads\/2021\/11\/252716143_1523866821308315_7331028909450132689_n.jpg\"><img loading=\"lazy\" decoding=\"async\" width=\"960\" height=\"720\" data-id=\"36780\" src=\"https:\/\/ligue-golfgrandest.org\/wp-content\/uploads\/2021\/11\/252716143_1523866821308315_7331028909450132689_n.jpg\" alt=\"\" class=\"wp-image-36780\" srcset=\"https:\/\/ligue-golfgrandest.org\/wp-content\/uploads\/2021\/11\/252716143_1523866821308315_7331028909450132689_n.jpg 960w, https:\/\/ligue-golfgrandest.org\/wp-content\/uploads\/2021\/11\/252716143_1523866821308315_7331028909450132689_n-400x300.jpg 400w, https:\/\/ligue-golfgrandest.org\/wp-content\/uploads\/2021\/11\/252716143_1523866821308315_7331028909450132689_n-768x576.jpg 768w\" sizes=\"auto, (max-width: 960px) 100vw, 960px\" \/><\/a><\/figure>\n\n\n\n<figure class=\"wp-block-image size-large\"><a href=\"https:\/\/ligue-golfgrandest.org\/wp-content\/uploads\/2021\/10\/interligues-U12-2.jpg\"><img loading=\"lazy\" decoding=\"async\" width=\"530\" height=\"301\" data-id=\"36412\" src=\"https:\/\/ligue-golfgrandest.org\/wp-content\/uploads\/2021\/10\/interligues-U12-2.jpg\" alt=\"\" class=\"wp-image-36412\" srcset=\"https:\/\/ligue-golfgrandest.org\/wp-content\/uploads\/2021\/10\/interligues-U12-2.jpg 530w, https:\/\/ligue-golfgrandest.org\/wp-content\/uploads\/2021\/10\/interligues-U12-2-528x300.jpg 528w\" sizes=\"auto, (max-width: 530px) 100vw, 530px\" \/><\/a><\/figure>\n\n\n\n<figure class=\"wp-block-image size-large\"><a href=\"https:\/\/ligue-golfgrandest.org\/wp-content\/uploads\/2020\/10\/INTERLIGUES-U12-2020....jpg\"><img loading=\"lazy\" decoding=\"async\" width=\"530\" height=\"302\" data-id=\"29255\" src=\"https:\/\/ligue-golfgrandest.org\/wp-content\/uploads\/2020\/10\/INTERLIGUES-U12-2020....jpg\" alt=\"\" class=\"wp-image-29255\" srcset=\"https:\/\/ligue-golfgrandest.org\/wp-content\/uploads\/2020\/10\/INTERLIGUES-U12-2020....jpg 530w, https:\/\/ligue-golfgrandest.org\/wp-content\/uploads\/2020\/10\/INTERLIGUES-U12-2020...-526x300.jpg 526w\" sizes=\"auto, (max-width: 530px) 100vw, 530px\" \/><\/a><\/figure>\n\n\n\n<figure class=\"wp-block-image size-large\"><a href=\"https:\/\/ligue-golfgrandest.org\/wp-content\/uploads\/2018\/10\/DSC_3947_coach.jpg\"><img loading=\"lazy\" decoding=\"async\" width=\"1920\" height=\"1080\" data-id=\"15379\" src=\"https:\/\/ligue-golfgrandest.org\/wp-content\/uploads\/2018\/10\/DSC_3947_coach.jpg\" alt=\"\" class=\"wp-image-15379\" srcset=\"https:\/\/ligue-golfgrandest.org\/wp-content\/uploads\/2018\/10\/DSC_3947_coach.jpg 1920w, https:\/\/ligue-golfgrandest.org\/wp-content\/uploads\/2018\/10\/DSC_3947_coach-400x225.jpg 400w, https:\/\/ligue-golfgrandest.org\/wp-content\/uploads\/2018\/10\/DSC_3947_coach-768x432.jpg 768w, https:\/\/ligue-golfgrandest.org\/wp-content\/uploads\/2018\/10\/DSC_3947_coach-1024x576.jpg 1024w\" sizes=\"auto, (max-width: 1920px) 100vw, 1920px\" \/><\/a><\/figure>\n\n\n\n<figure class=\"wp-block-image size-large\"><a href=\"https:\/\/ligue-golfgrandest.org\/wp-content\/uploads\/2018\/10\/coach-02.jpg\"><img loading=\"lazy\" decoding=\"async\" width=\"720\" height=\"960\" data-id=\"15474\" src=\"https:\/\/ligue-golfgrandest.org\/wp-content\/uploads\/2018\/10\/coach-02.jpg\" alt=\"\" class=\"wp-image-15474\" srcset=\"https:\/\/ligue-golfgrandest.org\/wp-content\/uploads\/2018\/10\/coach-02.jpg 720w, https:\/\/ligue-golfgrandest.org\/wp-content\/uploads\/2018\/10\/coach-02-225x300.jpg 225w\" sizes=\"auto, (max-width: 720px) 100vw, 720px\" \/><\/a><\/figure>\n\n\n\n<figure class=\"wp-block-image size-large\"><a href=\"https:\/\/ligue-golfgrandest.org\/wp-content\/uploads\/2017\/01\/Coach-Wilfried-LE-BIEZ-et-Gilles-REBUFFEL.jpg\"><img loading=\"lazy\" decoding=\"async\" width=\"720\" height=\"960\" data-id=\"5217\" src=\"https:\/\/ligue-golfgrandest.org\/wp-content\/uploads\/2017\/01\/Coach-Wilfried-LE-BIEZ-et-Gilles-REBUFFEL.jpg\" alt=\"\" class=\"wp-image-5217\" srcset=\"https:\/\/ligue-golfgrandest.org\/wp-content\/uploads\/2017\/01\/Coach-Wilfried-LE-BIEZ-et-Gilles-REBUFFEL.jpg 720w, https:\/\/ligue-golfgrandest.org\/wp-content\/uploads\/2017\/01\/Coach-Wilfried-LE-BIEZ-et-Gilles-REBUFFEL-225x300.jpg 225w\" sizes=\"auto, (max-width: 720px) 100vw, 720px\" \/><\/a><\/figure>\n\n\n\n<figure class=\"wp-block-image size-large\"><a href=\"https:\/\/ligue-golfgrandest.org\/wp-content\/uploads\/2017\/07\/COACH-H.jpg\"><img loading=\"lazy\" decoding=\"async\" width=\"1240\" height=\"870\" data-id=\"4764\" src=\"https:\/\/ligue-golfgrandest.org\/wp-content\/uploads\/2017\/07\/COACH-H.jpg\" alt=\"\" class=\"wp-image-4764\" srcset=\"https:\/\/ligue-golfgrandest.org\/wp-content\/uploads\/2017\/07\/COACH-H.jpg 1240w, https:\/\/ligue-golfgrandest.org\/wp-content\/uploads\/2017\/07\/COACH-H-350x246.jpg 350w, https:\/\/ligue-golfgrandest.org\/wp-content\/uploads\/2017\/07\/COACH-H-768x539.jpg 768w, https:\/\/ligue-golfgrandest.org\/wp-content\/uploads\/2017\/07\/COACH-H-1024x718.jpg 1024w\" sizes=\"auto, (max-width: 1240px) 100vw, 1240px\" \/><\/a><\/figure>\n\n\n\n<figure class=\"wp-block-image size-large\"><a href=\"https:\/\/ligue-golfgrandest.org\/wp-content\/uploads\/2018\/10\/coach.jpg\"><img loading=\"lazy\" decoding=\"async\" width=\"1600\" height=\"1067\" data-id=\"15264\" src=\"https:\/\/ligue-golfgrandest.org\/wp-content\/uploads\/2018\/10\/coach.jpg\" alt=\"\" class=\"wp-image-15264\" srcset=\"https:\/\/ligue-golfgrandest.org\/wp-content\/uploads\/2018\/10\/coach.jpg 1600w, https:\/\/ligue-golfgrandest.org\/wp-content\/uploads\/2018\/10\/coach-300x200.jpg 300w, https:\/\/ligue-golfgrandest.org\/wp-content\/uploads\/2018\/10\/coach-400x267.jpg 400w, https:\/\/ligue-golfgrandest.org\/wp-content\/uploads\/2018\/10\/coach-768x512.jpg 768w, https:\/\/ligue-golfgrandest.org\/wp-content\/uploads\/2018\/10\/coach-1024x683.jpg 1024w, https:\/\/ligue-golfgrandest.org\/wp-content\/uploads\/2018\/10\/coach-272x182.jpg 272w\" sizes=\"auto, (max-width: 1600px) 100vw, 1600px\" \/><\/a><\/figure>\n<\/figure>\n\n\n\n<p><\/p>\n\n\n\n<p class=\"has-white-color has-text-color has-background has-medium-font-size\" style=\"background-color:#1e2244\"><strong>Arbitres de la Ligue<\/strong><\/p>\n\n\n\n<p>En \u00e9t\u00e9 et par beau temps :<\/p>\n\n\n\n<ul class=\"wp-block-list\">\n<li>un polo blanc<\/li>\n\n\n\n<li>les Messieurs : un pantalon gris clair ; les Dames : pantalon, jupe ou bermuda gris clair<\/li>\n\n\n\n<li>une ceinture noire<\/li>\n<\/ul>\n\n\n\n<p>Par temps frais ou hivernal :<\/p>\n\n\n\n<ul class=\"wp-block-list\">\n<li>un polo blanc<\/li>\n\n\n\n<li>un pull rouge, une doudoune bleu navy, une doudoune sans manche rouge, une veste de pluie bleu navy<\/li>\n\n\n\n<li>un pantalon bleu navy<\/li>\n<\/ul>\n\n\n\n<figure class=\"wp-block-gallery has-nested-images columns-default is-cropped wp-block-gallery-3 is-layout-flex wp-block-gallery-is-layout-flex\">\n<figure class=\"wp-block-image size-full\"><a href=\"https:\/\/ligue-golfgrandest.org\/wp-content\/uploads\/2018\/10\/arbitre-2.jpg\"><img loading=\"lazy\" decoding=\"async\" width=\"1920\" height=\"1080\" data-id=\"15266\" src=\"https:\/\/ligue-golfgrandest.org\/wp-content\/uploads\/2018\/10\/arbitre-2.jpg\" alt=\"\" class=\"wp-image-15266\" srcset=\"https:\/\/ligue-golfgrandest.org\/wp-content\/uploads\/2018\/10\/arbitre-2.jpg 1920w, https:\/\/ligue-golfgrandest.org\/wp-content\/uploads\/2018\/10\/arbitre-2-400x225.jpg 400w, https:\/\/ligue-golfgrandest.org\/wp-content\/uploads\/2018\/10\/arbitre-2-768x432.jpg 768w, https:\/\/ligue-golfgrandest.org\/wp-content\/uploads\/2018\/10\/arbitre-2-1024x576.jpg 1024w\" sizes=\"auto, (max-width: 1920px) 100vw, 1920px\" \/><\/a><\/figure>\n\n\n\n<figure class=\"wp-block-image size-full\"><a href=\"https:\/\/ligue-golfgrandest.org\/wp-content\/uploads\/2018\/10\/arbitre.jpg\"><img loading=\"lazy\" decoding=\"async\" width=\"1920\" height=\"1080\" data-id=\"15262\" src=\"https:\/\/ligue-golfgrandest.org\/wp-content\/uploads\/2018\/10\/arbitre.jpg\" alt=\"\" class=\"wp-image-15262\" srcset=\"https:\/\/ligue-golfgrandest.org\/wp-content\/uploads\/2018\/10\/arbitre.jpg 1920w, https:\/\/ligue-golfgrandest.org\/wp-content\/uploads\/2018\/10\/arbitre-400x225.jpg 400w, https:\/\/ligue-golfgrandest.org\/wp-content\/uploads\/2018\/10\/arbitre-768x432.jpg 768w, https:\/\/ligue-golfgrandest.org\/wp-content\/uploads\/2018\/10\/arbitre-1024x576.jpg 1024w\" sizes=\"auto, (max-width: 1920px) 100vw, 1920px\" \/><\/a><\/figure>\n\n\n\n<figure class=\"wp-block-image size-full\"><a href=\"https:\/\/ligue-golfgrandest.org\/wp-content\/uploads\/2022\/02\/arbitre-02.jpg\"><img loading=\"lazy\" decoding=\"async\" width=\"1600\" height=\"1067\" data-id=\"38256\" src=\"https:\/\/ligue-golfgrandest.org\/wp-content\/uploads\/2022\/02\/arbitre-02.jpg\" alt=\"\" class=\"wp-image-38256\" srcset=\"https:\/\/ligue-golfgrandest.org\/wp-content\/uploads\/2022\/02\/arbitre-02.jpg 1600w, https:\/\/ligue-golfgrandest.org\/wp-content\/uploads\/2022\/02\/arbitre-02-450x300.jpg 450w, https:\/\/ligue-golfgrandest.org\/wp-content\/uploads\/2022\/02\/arbitre-02-300x200.jpg 300w, https:\/\/ligue-golfgrandest.org\/wp-content\/uploads\/2022\/02\/arbitre-02-768x512.jpg 768w, https:\/\/ligue-golfgrandest.org\/wp-content\/uploads\/2022\/02\/arbitre-02-1536x1024.jpg 1536w, https:\/\/ligue-golfgrandest.org\/wp-content\/uploads\/2022\/02\/arbitre-02-272x182.jpg 272w\" sizes=\"auto, (max-width: 1600px) 100vw, 1600px\" \/><\/a><\/figure>\n\n\n\n<figure class=\"wp-block-image size-full\"><a href=\"https:\/\/ligue-golfgrandest.org\/wp-content\/uploads\/2022\/02\/arbitre-03.jpg\"><img loading=\"lazy\" decoding=\"async\" width=\"1600\" height=\"1067\" data-id=\"38254\" src=\"https:\/\/ligue-golfgrandest.org\/wp-content\/uploads\/2022\/02\/arbitre-03.jpg\" alt=\"\" class=\"wp-image-38254\" srcset=\"https:\/\/ligue-golfgrandest.org\/wp-content\/uploads\/2022\/02\/arbitre-03.jpg 1600w, https:\/\/ligue-golfgrandest.org\/wp-content\/uploads\/2022\/02\/arbitre-03-450x300.jpg 450w, https:\/\/ligue-golfgrandest.org\/wp-content\/uploads\/2022\/02\/arbitre-03-300x200.jpg 300w, https:\/\/ligue-golfgrandest.org\/wp-content\/uploads\/2022\/02\/arbitre-03-768x512.jpg 768w, https:\/\/ligue-golfgrandest.org\/wp-content\/uploads\/2022\/02\/arbitre-03-1536x1024.jpg 1536w, https:\/\/ligue-golfgrandest.org\/wp-content\/uploads\/2022\/02\/arbitre-03-272x182.jpg 272w\" sizes=\"auto, (max-width: 1600px) 100vw, 1600px\" \/><\/a><\/figure>\n\n\n\n<figure class=\"wp-block-image size-full\"><a href=\"https:\/\/ligue-golfgrandest.org\/wp-content\/uploads\/2022\/02\/arbitre.jpg\"><img loading=\"lazy\" decoding=\"async\" width=\"1600\" height=\"1067\" data-id=\"38255\" src=\"https:\/\/ligue-golfgrandest.org\/wp-content\/uploads\/2022\/02\/arbitre.jpg\" alt=\"\" class=\"wp-image-38255\" srcset=\"https:\/\/ligue-golfgrandest.org\/wp-content\/uploads\/2022\/02\/arbitre.jpg 1600w, https:\/\/ligue-golfgrandest.org\/wp-content\/uploads\/2022\/02\/arbitre-450x300.jpg 450w, https:\/\/ligue-golfgrandest.org\/wp-content\/uploads\/2022\/02\/arbitre-300x200.jpg 300w, https:\/\/ligue-golfgrandest.org\/wp-content\/uploads\/2022\/02\/arbitre-768x512.jpg 768w, https:\/\/ligue-golfgrandest.org\/wp-content\/uploads\/2022\/02\/arbitre-1536x1024.jpg 1536w, https:\/\/ligue-golfgrandest.org\/wp-content\/uploads\/2022\/02\/arbitre-272x182.jpg 272w\" sizes=\"auto, (max-width: 1600px) 100vw, 1600px\" \/><\/a><\/figure>\n<\/figure>\n\n\n\n<p><\/p>\n","protected":false},"excerpt":{"rendered":"<p>Le Dess-Code de la Ligue permet d&rsquo;identifier facilement les Officiels de la Ligue et des Comit\u00e9s D\u00e9partementaux, les joueurs repr\u00e9sentants la Ligue, les jeunes du P\u00f4le Jeunes, les Coachs de la Ligue et les Arbitres de la Ligue. De fa\u00e7on g\u00e9n\u00e9rale, les golfeurs adoptent un Dress-code recommand\u00e9 dans tous les clubs. Les Officiels de la [&hellip;]<\/p>\n","protected":false},"author":3,"featured_media":0,"parent":150,"menu_order":0,"comment_status":"closed","ping_status":"closed","template":"page-templates\/page-full-width.php","meta":{"footnotes":""},"class_list":["post-15242","page","type-page","status-publish","hentry"],"_links":{"self":[{"href":"https:\/\/ligue-golfgrandest.org\/index.php\/wp-json\/wp\/v2\/pages\/15242","targetHints":{"allow":["GET"]}}],"collection":[{"href":"https:\/\/ligue-golfgrandest.org\/index.php\/wp-json\/wp\/v2\/pages"}],"about":[{"href":"https:\/\/ligue-golfgrandest.org\/index.php\/wp-json\/wp\/v2\/types\/page"}],"author":[{"embeddable":true,"href":"https:\/\/ligue-golfgrandest.org\/index.php\/wp-json\/wp\/v2\/users\/3"}],"replies":[{"embeddable":true,"href":"https:\/\/ligue-golfgrandest.org\/index.php\/wp-json\/wp\/v2\/comments?post=15242"}],"version-history":[{"count":0,"href":"https:\/\/ligue-golfgrandest.org\/index.php\/wp-json\/wp\/v2\/pages\/15242\/revisions"}],"up":[{"embeddable":true,"href":"https:\/\/ligue-golfgrandest.org\/index.php\/wp-json\/wp\/v2\/pages\/150"}],"wp:attachment":[{"href":"https:\/\/ligue-golfgrandest.org\/index.php\/wp-json\/wp\/v2\/media?parent=15242"}],"curies":[{"name":"wp","href":"https:\/\/api.w.org\/{rel}","templated":true}]}}