{"id":1508,"date":"2017-03-13T16:49:38","date_gmt":"2017-03-13T15:49:38","guid":{"rendered":"http:\/\/ligue-golfgrandest.org\/?page_id=1508"},"modified":"2025-04-24T12:04:54","modified_gmt":"2025-04-24T10:04:54","slug":"golf-vittel-ermitage","status":"publish","type":"page","link":"https:\/\/ligue-golfgrandest.org\/index.php\/clubs\/lorraine\/golf-vittel-ermitage\/","title":{"rendered":"Golf Vittel Ermitage"},"content":{"rendered":"\n<div class=\"wp-block-columns is-layout-flex wp-container-core-columns-is-layout-9d6595d7 wp-block-columns-is-layout-flex\">\n<div class=\"wp-block-column is-layout-flow wp-block-column-is-layout-flow\"><div class=\"wp-block-image\">\n<figure class=\"alignleft size-large\"><img loading=\"lazy\" decoding=\"async\" width=\"1200\" height=\"1200\" src=\"https:\/\/ligue-golfgrandest.org\/wp-content\/uploads\/2024\/06\/Logo-Vittel-Ermitage-3607-1200x1200.png\" alt=\"\" class=\"wp-image-55329\" srcset=\"https:\/\/ligue-golfgrandest.org\/wp-content\/uploads\/2024\/06\/Logo-Vittel-Ermitage-3607-1200x1200.png 1200w, https:\/\/ligue-golfgrandest.org\/wp-content\/uploads\/2024\/06\/Logo-Vittel-Ermitage-3607-300x300.png 300w, https:\/\/ligue-golfgrandest.org\/wp-content\/uploads\/2024\/06\/Logo-Vittel-Ermitage-3607-768x768.png 768w, https:\/\/ligue-golfgrandest.org\/wp-content\/uploads\/2024\/06\/Logo-Vittel-Ermitage-3607-1536x1536.png 1536w, https:\/\/ligue-golfgrandest.org\/wp-content\/uploads\/2024\/06\/Logo-Vittel-Ermitage-3607-2048x2048.png 2048w, https:\/\/ligue-golfgrandest.org\/wp-content\/uploads\/2024\/06\/Logo-Vittel-Ermitage-3607-550x550.png 550w\" sizes=\"auto, (max-width: 1200px) 100vw, 1200px\" \/><\/figure><\/div><\/div>\n\n\n\n<div class=\"wp-block-column is-layout-flow wp-block-column-is-layout-flow\">\n<h3 class=\"wp-block-heading\">Asso. Sportive<\/h3>\n\n\n\n<p>Avenue Gilbert Trigano<br>88800 VITTEL<br><br>Pr\u00e9sident AS : Guy FRANCAIS <a href=\"mailto:francais.guy@orange.fr\">francais.guy@orange.fr<\/a><\/p>\n\n\n\n<p>D\u00e9parts comp\u00e9titions<br>R\u00e9sultats comp\u00e9titions<\/p>\n<\/div>\n\n\n\n<div class=\"wp-block-column is-layout-flow wp-block-column-is-layout-flow\">\n<h3 class=\"wp-block-heading\">Le Club<\/h3>\n\n\n\n<p>1 parcours 18 Trous<br>1 practice<br>1 pro-shop<br>1 restaurant<br>1 h\u00f4tel Club Med.<br>Directeur : Guillaume LEFRANS<br><a href=\"https:\/\/www.golf-vittel-ermitage.com\/\" target=\"_blank\" rel=\"noreferrer noopener\">www.golf-vittel-ermitage.com<\/a><br><a href=\"mailto:accueil@golf-vittel-ermitage.com\" target=\"_blank\" rel=\"noreferrer noopener\">accueil@golf-vittel-ermitage.com<\/a><br>03 29 09 63 19<\/p>\n\n\n\n<p>Facebook : <a href=\"https:\/\/www.facebook.com\/profile.php?id=100092674532155\" data-type=\"link\" data-id=\"https:\/\/www.facebook.com\/profile.php?id=100092674532155\">Association sportive Golf de Vittel Ermitage<\/a><\/p>\n<\/div>\n<\/div>\n\n\n\n<figure class=\"wp-block-gallery has-nested-images columns-default is-cropped wp-block-gallery-1 is-layout-flex wp-block-gallery-is-layout-flex\">\n<figure class=\"wp-block-image size-full\"><a href=\"https:\/\/ligue-golfgrandest.org\/wp-content\/uploads\/2017\/03\/19-VITTEL-2.jpg\"><img loading=\"lazy\" decoding=\"async\" width=\"800\" height=\"600\" data-id=\"1511\" src=\"https:\/\/ligue-golfgrandest.org\/wp-content\/uploads\/2017\/03\/19-VITTEL-2.jpg\" alt=\"\" class=\"wp-image-1511\" srcset=\"https:\/\/ligue-golfgrandest.org\/wp-content\/uploads\/2017\/03\/19-VITTEL-2.jpg 800w, https:\/\/ligue-golfgrandest.org\/wp-content\/uploads\/2017\/03\/19-VITTEL-2-350x263.jpg 350w, https:\/\/ligue-golfgrandest.org\/wp-content\/uploads\/2017\/03\/19-VITTEL-2-768x576.jpg 768w\" sizes=\"auto, (max-width: 800px) 100vw, 800px\" \/><\/a><\/figure>\n\n\n\n<figure class=\"wp-block-image size-full\"><a href=\"https:\/\/ligue-golfgrandest.org\/wp-content\/uploads\/2017\/03\/19-VITTEL-3.jpg\"><img loading=\"lazy\" decoding=\"async\" width=\"800\" height=\"600\" data-id=\"1512\" src=\"https:\/\/ligue-golfgrandest.org\/wp-content\/uploads\/2017\/03\/19-VITTEL-3.jpg\" alt=\"\" class=\"wp-image-1512\" srcset=\"https:\/\/ligue-golfgrandest.org\/wp-content\/uploads\/2017\/03\/19-VITTEL-3.jpg 800w, https:\/\/ligue-golfgrandest.org\/wp-content\/uploads\/2017\/03\/19-VITTEL-3-350x263.jpg 350w, https:\/\/ligue-golfgrandest.org\/wp-content\/uploads\/2017\/03\/19-VITTEL-3-768x576.jpg 768w\" sizes=\"auto, (max-width: 800px) 100vw, 800px\" \/><\/a><\/figure>\n\n\n\n<figure class=\"wp-block-image size-full\"><a href=\"https:\/\/ligue-golfgrandest.org\/wp-content\/uploads\/2017\/03\/19-VITTEL-1.jpg\"><img loading=\"lazy\" decoding=\"async\" width=\"800\" height=\"600\" data-id=\"1510\" src=\"https:\/\/ligue-golfgrandest.org\/wp-content\/uploads\/2017\/03\/19-VITTEL-1.jpg\" alt=\"\" class=\"wp-image-1510\" srcset=\"https:\/\/ligue-golfgrandest.org\/wp-content\/uploads\/2017\/03\/19-VITTEL-1.jpg 800w, https:\/\/ligue-golfgrandest.org\/wp-content\/uploads\/2017\/03\/19-VITTEL-1-350x263.jpg 350w, https:\/\/ligue-golfgrandest.org\/wp-content\/uploads\/2017\/03\/19-VITTEL-1-768x576.jpg 768w\" sizes=\"auto, (max-width: 800px) 100vw, 800px\" \/><\/a><\/figure>\n<\/figure>\n\n\n\n<iframe src=\"https:\/\/www.google.com\/maps\/embed?pb=!1m18!1m12!1m3!1d21894.73375930882!2d5.9303720110416185!3d48.207979206068266!2m3!1f0!2f0!3f0!3m2!1i1024!2i768!4f13.1!3m3!1m2!1s0x479338dcb1d59f67%3A0xb2c7b2bc7b007b0b!2sGolf%20de%20Vittel%20Ermitage!5e0!3m2!1sfr!2sfr!4v1642693552742!5m2!1sfr!2sfr\" width=\"100%\" height=\"450\" style=\"border:0;\" allowfullscreen=\"\" loading=\"lazy\"><\/iframe>\n","protected":false},"excerpt":{"rendered":"<p>Asso. Sportive Avenue Gilbert Trigano88800 VITTEL Pr\u00e9sident AS : Guy FRANCAIS francais.guy@orange.fr D\u00e9parts comp\u00e9titionsR\u00e9sultats comp\u00e9titions Le Club 1 parcours 18 Trous1 practice1 pro-shop1 restaurant1 h\u00f4tel Club Med.Directeur : Guillaume LEFRANSwww.golf-vittel-ermitage.comaccueil@golf-vittel-ermitage.com03 29 09 63 19 Facebook : Association sportive Golf de Vittel Ermitage<\/p>\n","protected":false},"author":3,"featured_media":0,"parent":137,"menu_order":19,"comment_status":"closed","ping_status":"closed","template":"page-templates\/page-full-width.php","meta":{"footnotes":""},"class_list":["post-1508","page","type-page","status-publish","hentry"],"_links":{"self":[{"href":"https:\/\/ligue-golfgrandest.org\/index.php\/wp-json\/wp\/v2\/pages\/1508","targetHints":{"allow":["GET"]}}],"collection":[{"href":"https:\/\/ligue-golfgrandest.org\/index.php\/wp-json\/wp\/v2\/pages"}],"about":[{"href":"https:\/\/ligue-golfgrandest.org\/index.php\/wp-json\/wp\/v2\/types\/page"}],"author":[{"embeddable":true,"href":"https:\/\/ligue-golfgrandest.org\/index.php\/wp-json\/wp\/v2\/users\/3"}],"replies":[{"embeddable":true,"href":"https:\/\/ligue-golfgrandest.org\/index.php\/wp-json\/wp\/v2\/comments?post=1508"}],"version-history":[{"count":0,"href":"https:\/\/ligue-golfgrandest.org\/index.php\/wp-json\/wp\/v2\/pages\/1508\/revisions"}],"up":[{"embeddable":true,"href":"https:\/\/ligue-golfgrandest.org\/index.php\/wp-json\/wp\/v2\/pages\/137"}],"wp:attachment":[{"href":"https:\/\/ligue-golfgrandest.org\/index.php\/wp-json\/wp\/v2\/media?parent=1508"}],"curies":[{"name":"wp","href":"https:\/\/api.w.org\/{rel}","templated":true}]}}