{"id":150,"date":"2017-01-20T13:51:50","date_gmt":"2017-01-20T12:51:50","guid":{"rendered":"http:\/\/ligue-golfgrandest.org\/?page_id=150"},"modified":"2017-06-19T10:53:02","modified_gmt":"2017-06-19T08:53:02","slug":"la-ligue","status":"publish","type":"page","link":"https:\/\/ligue-golfgrandest.org\/index.php\/la-ligue\/","title":{"rendered":"LA LIGUE"},"content":{"rendered":"<blockquote>\n<h1>Ligue\u00a0de Golf\u00a0Grand Est<\/h1>\n<\/blockquote>\n<h3>\u00a0Alsace | Lorraine | Champagne-Ardenne<\/h3>\n<p>La Ligue de Golf Grand Est est la repr\u00e9sentation de la F\u00e9d\u00e9ration Fran\u00e7aise de Golf en r\u00e9gion.<br \/>\nElle organise des comp\u00e9titions en individuel et par \u00e9quipe pour plusieurs cat\u00e9gories de golfeurs : les jeunes, les dames, les messieurs, les mid-amateurs et les seniors. La Ligue assure un encadrement sportif apr\u00e8s de jeunes prodiges de sa r\u00e9gion s\u00e9lectionn\u00e9s au m\u00e9rite.<\/p>\n","protected":false},"excerpt":{"rendered":"<p>Ligue\u00a0de Golf\u00a0Grand Est \u00a0Alsace | Lorraine | Champagne-Ardenne La Ligue de Golf Grand Est est la repr\u00e9sentation de la F\u00e9d\u00e9ration Fran\u00e7aise de Golf en r\u00e9gion. Elle organise des comp\u00e9titions en individuel et par \u00e9quipe pour plusieurs cat\u00e9gories de golfeurs : les jeunes, les dames, les messieurs, les mid-amateurs et les seniors. La Ligue assure un [&hellip;]<\/p>\n","protected":false},"author":3,"featured_media":0,"parent":0,"menu_order":0,"comment_status":"closed","ping_status":"closed","template":"page-templates\/full-width.php","meta":{"footnotes":""},"class_list":["post-150","page","type-page","status-publish","hentry"],"_links":{"self":[{"href":"https:\/\/ligue-golfgrandest.org\/index.php\/wp-json\/wp\/v2\/pages\/150","targetHints":{"allow":["GET"]}}],"collection":[{"href":"https:\/\/ligue-golfgrandest.org\/index.php\/wp-json\/wp\/v2\/pages"}],"about":[{"href":"https:\/\/ligue-golfgrandest.org\/index.php\/wp-json\/wp\/v2\/types\/page"}],"author":[{"embeddable":true,"href":"https:\/\/ligue-golfgrandest.org\/index.php\/wp-json\/wp\/v2\/users\/3"}],"replies":[{"embeddable":true,"href":"https:\/\/ligue-golfgrandest.org\/index.php\/wp-json\/wp\/v2\/comments?post=150"}],"version-history":[{"count":0,"href":"https:\/\/ligue-golfgrandest.org\/index.php\/wp-json\/wp\/v2\/pages\/150\/revisions"}],"wp:attachment":[{"href":"https:\/\/ligue-golfgrandest.org\/index.php\/wp-json\/wp\/v2\/media?parent=150"}],"curies":[{"name":"wp","href":"https:\/\/api.w.org\/{rel}","templated":true}]}}