{"id":1491,"date":"2017-03-13T15:47:52","date_gmt":"2017-03-13T14:47:52","guid":{"rendered":"http:\/\/ligue-golfgrandest.org\/?page_id=1491"},"modified":"2026-02-27T09:29:59","modified_gmt":"2026-02-27T08:29:59","slug":"golf-arc-en-barrois","status":"publish","type":"page","link":"https:\/\/ligue-golfgrandest.org\/index.php\/clubs\/champagne-ardenne\/golf-arc-en-barrois\/","title":{"rendered":"Golf Arc en Barrois"},"content":{"rendered":"\n<div class=\"wp-block-columns is-layout-flex wp-container-core-columns-is-layout-9d6595d7 wp-block-columns-is-layout-flex\">\n<div class=\"wp-block-column is-layout-flow wp-block-column-is-layout-flow\"><div class=\"wp-block-image\">\n<figure class=\"alignleft\"><a href=\"http:\/\/ligue-golfgrandest.org\/wp-content\/uploads\/2018\/06\/ARC-EN-BARROIS.jpg\"><img loading=\"lazy\" decoding=\"async\" width=\"243\" height=\"247\" src=\"http:\/\/ligue-golfgrandest.org\/wp-content\/uploads\/2018\/06\/ARC-EN-BARROIS.jpg\" alt=\"\" class=\"wp-image-12179\"\/><\/a><\/figure><\/div><\/div>\n\n\n\n<div class=\"wp-block-column is-layout-flow wp-block-column-is-layout-flow\">\n<h3 class=\"wp-block-heading\" id=\"asso-sportive\">Asso. sportive<\/h3>\n\n\n\n<p>Chemin du Calvaire<br>Pr\u00e9sident AS: Etienne CAMUS<br><a href=\"mailto:presidencegolf.52@gmail.com\">presidencegolf.52@gmail.com<\/a><\/p>\n\n\n\n<p><a href=\"https:\/\/web.ffgolf.org\/ffgolf\/tee\/tee.php?gk=f004cb1ee16ebaebbe41ec26494fbf59&amp;pub=1\">D\u00e9parts comp\u00e9titions<\/a><br><a href=\"https:\/\/pages.ffgolf.org\/resultats\/liste-competitions\/f004cb1ee16ebaebbe41ec26494fbf59\" data-type=\"link\" data-id=\"https:\/\/pages.ffgolf.org\/resultats\/liste-competitions\/f004cb1ee16ebaebbe41ec26494fbf59\">R\u00e9sultats comp\u00e9titions<\/a><\/p>\n<\/div>\n\n\n\n<div class=\"wp-block-column is-layout-flow wp-block-column-is-layout-flow\">\n<h3 class=\"wp-block-heading\" id=\"le-club\">Le Club<\/h3>\n\n\n\n<p>9 Trous<br>pro-shop<br>restaurant<br><a href=\"mailto:clubhouse@golfarc.fr\">clubhouse@golfarc.fr<\/a><br><a href=\"http:\/\/www.golfarc.fr\/\" target=\"_blank\" rel=\"noreferrer noopener\">www.golfarc.fr<\/a><br>03 25 01 54 54<\/p>\n<\/div>\n<\/div>\n\n\n\n<figure class=\"wp-block-gallery has-nested-images columns-default is-cropped wp-block-gallery-1 is-layout-flex wp-block-gallery-is-layout-flex\">\n<figure class=\"wp-block-image size-full\"><a href=\"https:\/\/ligue-golfgrandest.org\/wp-content\/uploads\/2017\/03\/11-ARC-05.jpg\"><img loading=\"lazy\" decoding=\"async\" width=\"800\" height=\"600\" data-id=\"1504\" src=\"https:\/\/ligue-golfgrandest.org\/wp-content\/uploads\/2017\/03\/11-ARC-05.jpg\" alt=\"\" class=\"wp-image-1504\" srcset=\"https:\/\/ligue-golfgrandest.org\/wp-content\/uploads\/2017\/03\/11-ARC-05.jpg 800w, https:\/\/ligue-golfgrandest.org\/wp-content\/uploads\/2017\/03\/11-ARC-05-350x263.jpg 350w, https:\/\/ligue-golfgrandest.org\/wp-content\/uploads\/2017\/03\/11-ARC-05-768x576.jpg 768w\" sizes=\"auto, (max-width: 800px) 100vw, 800px\" \/><\/a><\/figure>\n\n\n\n<figure class=\"wp-block-image size-full\"><a href=\"https:\/\/ligue-golfgrandest.org\/wp-content\/uploads\/2017\/03\/11-ARC-04.jpg\"><img loading=\"lazy\" decoding=\"async\" width=\"800\" height=\"600\" data-id=\"1503\" src=\"https:\/\/ligue-golfgrandest.org\/wp-content\/uploads\/2017\/03\/11-ARC-04.jpg\" alt=\"\" class=\"wp-image-1503\" srcset=\"https:\/\/ligue-golfgrandest.org\/wp-content\/uploads\/2017\/03\/11-ARC-04.jpg 800w, https:\/\/ligue-golfgrandest.org\/wp-content\/uploads\/2017\/03\/11-ARC-04-350x263.jpg 350w, https:\/\/ligue-golfgrandest.org\/wp-content\/uploads\/2017\/03\/11-ARC-04-768x576.jpg 768w\" sizes=\"auto, (max-width: 800px) 100vw, 800px\" \/><\/a><\/figure>\n<\/figure>\n\n\n\n<iframe src=\"https:\/\/www.google.com\/maps\/embed?pb=!1m18!1m12!1m3!1d169496.11121736295!2d4.852542785747214!3d48.04136228507818!2m3!1f0!2f0!3f0!3m2!1i1024!2i768!4f13.1!3m3!1m2!1s0x47ed02461755be09%3A0xdcb2799a3c980eed!2sGolf%20d'Arc%20en%20Barrois!5e0!3m2!1sfr!2sfr!4v1644244096946!5m2!1sfr!2sfr\" width=\"100%\" height=\"450\" style=\"border:0;\" allowfullscreen=\"\" loading=\"lazy\"><\/iframe>\n","protected":false},"excerpt":{"rendered":"<p>Asso. sportive Chemin du CalvairePr\u00e9sident AS: Etienne CAMUSpresidencegolf.52@gmail.com D\u00e9parts comp\u00e9titionsR\u00e9sultats comp\u00e9titions Le Club 9 Trouspro-shoprestaurantclubhouse@golfarc.frwww.golfarc.fr03 25 01 54 54<\/p>\n","protected":false},"author":3,"featured_media":0,"parent":139,"menu_order":11,"comment_status":"closed","ping_status":"closed","template":"page-templates\/page-full-width.php","meta":{"footnotes":""},"class_list":["post-1491","page","type-page","status-publish","hentry"],"_links":{"self":[{"href":"https:\/\/ligue-golfgrandest.org\/index.php\/wp-json\/wp\/v2\/pages\/1491","targetHints":{"allow":["GET"]}}],"collection":[{"href":"https:\/\/ligue-golfgrandest.org\/index.php\/wp-json\/wp\/v2\/pages"}],"about":[{"href":"https:\/\/ligue-golfgrandest.org\/index.php\/wp-json\/wp\/v2\/types\/page"}],"author":[{"embeddable":true,"href":"https:\/\/ligue-golfgrandest.org\/index.php\/wp-json\/wp\/v2\/users\/3"}],"replies":[{"embeddable":true,"href":"https:\/\/ligue-golfgrandest.org\/index.php\/wp-json\/wp\/v2\/comments?post=1491"}],"version-history":[{"count":1,"href":"https:\/\/ligue-golfgrandest.org\/index.php\/wp-json\/wp\/v2\/pages\/1491\/revisions"}],"predecessor-version":[{"id":61798,"href":"https:\/\/ligue-golfgrandest.org\/index.php\/wp-json\/wp\/v2\/pages\/1491\/revisions\/61798"}],"up":[{"embeddable":true,"href":"https:\/\/ligue-golfgrandest.org\/index.php\/wp-json\/wp\/v2\/pages\/139"}],"wp:attachment":[{"href":"https:\/\/ligue-golfgrandest.org\/index.php\/wp-json\/wp\/v2\/media?parent=1491"}],"curies":[{"name":"wp","href":"https:\/\/api.w.org\/{rel}","templated":true}]}}