{"id":12280,"date":"2018-06-14T11:28:06","date_gmt":"2018-06-14T09:28:06","guid":{"rendered":"http:\/\/ligue-golfgrandest.org\/?page_id=12280"},"modified":"2026-05-15T09:22:02","modified_gmt":"2026-05-15T07:22:02","slug":"international","status":"publish","type":"page","link":"https:\/\/ligue-golfgrandest.org\/index.php\/jeunes\/international\/","title":{"rendered":"COMPETITION INTERNATIONALE"},"content":{"rendered":"\n<h2 class=\"wp-block-heading\">INTERNATIONAUX DE FRANCE U14 &#8211; Challenge Alexis Godillot 2026<\/h2>\n\n\n\n<p>9-11 avril 2026 | Golf de Chantilly<\/p>\n\n\n\n<p>Coaching Grand Est Nicolas SONGY<\/p>\n\n\n<div dir=\"auto\">Les Jeunes du Grand Est :<\/div>\n<div dir=\"auto\">Lily-Rose KOSTELNIK Kempferhof<\/div>\n<div dir=\"auto\">Maya-Am\u00e9lie BUZEA Kempferhof<\/div>\n<div dir=\"auto\">Eliel JEUCH Kempferhof<\/div>\n<div dir=\"auto\"><\/div>\n<div dir=\"auto\">12 nations chez les gar\u00e7ons, 8 chez les filles. Un champ relev\u00e9 pour ce must de tournoi et de parcours.<\/div>\n<div dir=\"auto\">Tournoi sur 3 tours avec cut apr\u00e8s 36 trous.<\/div>\n<div dir=\"auto\"><\/div>\n<div dir=\"auto\"><a href=\"https:\/\/www.ffgolf.org\/golf-amateur\/jeunes\/calendrier-resultats\/national-international\/2026\/internationaux-de-france-u14-filles-challenge-alexis-godillot\/page-scores-tournoi\">R\u00e9sultats filles<\/a> |\u00a0Lilly Rose KOSTELNIK &amp; Maya-Am\u00e9lie BUZEA passent le cut | terminent 24e<\/div>\n\n\n<p><a href=\"https:\/\/www.ffgolf.org\/golf-amateur\/jeunes\/calendrier-resultats\/national-international\/2026\/internationaux-de-france-u14-garcons-challenge-alexis-godillot\/page-scores-tournoi\">R\u00e9sultats gar\u00e7ons<\/a> | Eliel JEUCH passe le cut | termine 36e<\/p>\n\n\n\n<figure class=\"wp-block-gallery has-nested-images columns-4 is-cropped wp-block-gallery-1 is-layout-flex wp-block-gallery-is-layout-flex\">\n<figure class=\"wp-block-image size-large\"><a href=\"https:\/\/ligue-golfgrandest.org\/wp-content\/uploads\/2026\/04\/665739652_2748210708873914_4341309821839873236_n.jpg\"><img loading=\"lazy\" decoding=\"async\" width=\"1600\" height=\"1200\" data-id=\"62274\" src=\"https:\/\/ligue-golfgrandest.org\/wp-content\/uploads\/2026\/04\/665739652_2748210708873914_4341309821839873236_n-1600x1200.jpg\" alt=\"\" class=\"wp-image-62274\" srcset=\"https:\/\/ligue-golfgrandest.org\/wp-content\/uploads\/2026\/04\/665739652_2748210708873914_4341309821839873236_n-1600x1200.jpg 1600w, https:\/\/ligue-golfgrandest.org\/wp-content\/uploads\/2026\/04\/665739652_2748210708873914_4341309821839873236_n-400x300.jpg 400w, https:\/\/ligue-golfgrandest.org\/wp-content\/uploads\/2026\/04\/665739652_2748210708873914_4341309821839873236_n-768x576.jpg 768w, https:\/\/ligue-golfgrandest.org\/wp-content\/uploads\/2026\/04\/665739652_2748210708873914_4341309821839873236_n-1536x1152.jpg 1536w, https:\/\/ligue-golfgrandest.org\/wp-content\/uploads\/2026\/04\/665739652_2748210708873914_4341309821839873236_n.jpg 2048w\" sizes=\"auto, (max-width: 1600px) 100vw, 1600px\" \/><\/a><\/figure>\n\n\n\n<figure class=\"wp-block-image size-large\"><a href=\"https:\/\/ligue-golfgrandest.org\/wp-content\/uploads\/2026\/04\/666864134_2748210755540576_251263005507415266_n.jpg\"><img loading=\"lazy\" decoding=\"async\" width=\"1600\" height=\"1200\" data-id=\"62276\" src=\"https:\/\/ligue-golfgrandest.org\/wp-content\/uploads\/2026\/04\/666864134_2748210755540576_251263005507415266_n-1600x1200.jpg\" alt=\"\" class=\"wp-image-62276\" srcset=\"https:\/\/ligue-golfgrandest.org\/wp-content\/uploads\/2026\/04\/666864134_2748210755540576_251263005507415266_n-1600x1200.jpg 1600w, https:\/\/ligue-golfgrandest.org\/wp-content\/uploads\/2026\/04\/666864134_2748210755540576_251263005507415266_n-400x300.jpg 400w, https:\/\/ligue-golfgrandest.org\/wp-content\/uploads\/2026\/04\/666864134_2748210755540576_251263005507415266_n-768x576.jpg 768w, https:\/\/ligue-golfgrandest.org\/wp-content\/uploads\/2026\/04\/666864134_2748210755540576_251263005507415266_n-1536x1152.jpg 1536w, https:\/\/ligue-golfgrandest.org\/wp-content\/uploads\/2026\/04\/666864134_2748210755540576_251263005507415266_n.jpg 2048w\" sizes=\"auto, (max-width: 1600px) 100vw, 1600px\" \/><\/a><\/figure>\n\n\n\n<figure class=\"wp-block-image size-large\"><a href=\"https:\/\/ligue-golfgrandest.org\/wp-content\/uploads\/2026\/04\/668895882_2750213185340333_304705694135335932_n.jpg\"><img loading=\"lazy\" decoding=\"async\" width=\"1600\" height=\"1200\" data-id=\"62273\" src=\"https:\/\/ligue-golfgrandest.org\/wp-content\/uploads\/2026\/04\/668895882_2750213185340333_304705694135335932_n-1600x1200.jpg\" alt=\"\" class=\"wp-image-62273\" srcset=\"https:\/\/ligue-golfgrandest.org\/wp-content\/uploads\/2026\/04\/668895882_2750213185340333_304705694135335932_n-1600x1200.jpg 1600w, https:\/\/ligue-golfgrandest.org\/wp-content\/uploads\/2026\/04\/668895882_2750213185340333_304705694135335932_n-400x300.jpg 400w, https:\/\/ligue-golfgrandest.org\/wp-content\/uploads\/2026\/04\/668895882_2750213185340333_304705694135335932_n-768x576.jpg 768w, https:\/\/ligue-golfgrandest.org\/wp-content\/uploads\/2026\/04\/668895882_2750213185340333_304705694135335932_n-1536x1152.jpg 1536w, https:\/\/ligue-golfgrandest.org\/wp-content\/uploads\/2026\/04\/668895882_2750213185340333_304705694135335932_n.jpg 2048w\" sizes=\"auto, (max-width: 1600px) 100vw, 1600px\" \/><\/a><\/figure>\n\n\n\n<figure class=\"wp-block-image size-large\"><a href=\"https:\/\/ligue-golfgrandest.org\/wp-content\/uploads\/2026\/04\/669319893_2748210365540615_4097083384011771765_n.jpg\"><img loading=\"lazy\" decoding=\"async\" width=\"1600\" height=\"1200\" data-id=\"62275\" src=\"https:\/\/ligue-golfgrandest.org\/wp-content\/uploads\/2026\/04\/669319893_2748210365540615_4097083384011771765_n-1600x1200.jpg\" alt=\"\" class=\"wp-image-62275\" srcset=\"https:\/\/ligue-golfgrandest.org\/wp-content\/uploads\/2026\/04\/669319893_2748210365540615_4097083384011771765_n-1600x1200.jpg 1600w, https:\/\/ligue-golfgrandest.org\/wp-content\/uploads\/2026\/04\/669319893_2748210365540615_4097083384011771765_n-400x300.jpg 400w, https:\/\/ligue-golfgrandest.org\/wp-content\/uploads\/2026\/04\/669319893_2748210365540615_4097083384011771765_n-768x576.jpg 768w, https:\/\/ligue-golfgrandest.org\/wp-content\/uploads\/2026\/04\/669319893_2748210365540615_4097083384011771765_n-1536x1152.jpg 1536w, https:\/\/ligue-golfgrandest.org\/wp-content\/uploads\/2026\/04\/669319893_2748210365540615_4097083384011771765_n.jpg 2048w\" sizes=\"auto, (max-width: 1600px) 100vw, 1600px\" \/><\/a><\/figure>\n<\/figure>\n\n\n\n<hr class=\"wp-block-separator has-alpha-channel-opacity\"\/>\n\n\n\n<h2 class=\"wp-block-heading\">INTERNATIONAUX DE BELGIQUE U14 &#8211; Albert Vermeiren Trophy 2026<\/h2>\n\n\n\n<p>2-4 juillet 2026 | Royal Waterloo Golf Club<\/p>\n\n\n\n<p>Coaching Grand Est Nicolas SONGY<\/p>\n\n\n<div dir=\"auto\">Les Jeunes du Grand Est :<\/div>\n<div dir=\"auto\"><em>Liste \u00e0 venir<\/em><\/div>\n\n\n<p><a href=\"https:\/\/ligue-golfgrandest.org\/wp-content\/uploads\/2026\/04\/2026_2601423053_reglement_competition.pdf\">R\u00e8glement de l&rsquo;\u00e9preuve<\/a> |<\/p>\n\n\n\n<hr class=\"wp-block-separator has-alpha-channel-opacity\"\/>\n\n\n\n<h2 class=\"wp-block-heading\">SCOTTISH UNDER U14 2026<\/h2>\n\n\n\n<p>10-11 ao\u00fbt 2026 | Edzel Golf Club<\/p>\n\n\n\n<p>Coaching Grand Est Nicolas SONGY<\/p>\n\n\n<div dir=\"auto\">\n<div dir=\"auto\">Les Jeunes du Grand Est :<\/div>\n<div dir=\"auto\"><em>Liste \u00e0 venir<\/em><\/div>\n<\/div>\n\n\n<hr class=\"wp-block-separator has-alpha-channel-opacity\"\/>\n\n\n\n<h2 class=\"wp-block-heading\">INTERNATIONAUX DU PORTUGAL 2026<\/h2>\n\n\n\n<p>4-6 d\u00e9cembre 2026 | Quinto do Vale<\/p>\n\n\n\n<p>Coaching Grand Est Nicolas SONGY<\/p>\n\n\n<div dir=\"auto\">\n<div dir=\"auto\">Les Jeunes du Grand Est :<\/div>\n<div dir=\"auto\"><em>Liste \u00e0 venir<\/em><\/div>\n<\/div>\n\n\n<hr class=\"wp-block-separator has-alpha-channel-opacity\"\/>\n","protected":false},"excerpt":{"rendered":"<p>INTERNATIONAUX DE FRANCE U14 &#8211; Challenge Alexis Godillot 2026 9-11 avril 2026 | Golf de Chantilly Coaching Grand Est Nicolas SONGY Les Jeunes du Grand Est : Lily-Rose KOSTELNIK Kempferhof Maya-Am\u00e9lie BUZEA Kempferhof Eliel JEUCH Kempferhof 12 nations chez les gar\u00e7ons, 8 chez les filles. Un champ relev\u00e9 pour ce must de tournoi et de [&hellip;]<\/p>\n","protected":false},"author":3,"featured_media":0,"parent":130,"menu_order":0,"comment_status":"closed","ping_status":"closed","template":"page-templates\/page-full-width.php","meta":{"footnotes":""},"class_list":["post-12280","page","type-page","status-publish","hentry"],"_links":{"self":[{"href":"https:\/\/ligue-golfgrandest.org\/index.php\/wp-json\/wp\/v2\/pages\/12280","targetHints":{"allow":["GET"]}}],"collection":[{"href":"https:\/\/ligue-golfgrandest.org\/index.php\/wp-json\/wp\/v2\/pages"}],"about":[{"href":"https:\/\/ligue-golfgrandest.org\/index.php\/wp-json\/wp\/v2\/types\/page"}],"author":[{"embeddable":true,"href":"https:\/\/ligue-golfgrandest.org\/index.php\/wp-json\/wp\/v2\/users\/3"}],"replies":[{"embeddable":true,"href":"https:\/\/ligue-golfgrandest.org\/index.php\/wp-json\/wp\/v2\/comments?post=12280"}],"version-history":[{"count":12,"href":"https:\/\/ligue-golfgrandest.org\/index.php\/wp-json\/wp\/v2\/pages\/12280\/revisions"}],"predecessor-version":[{"id":63125,"href":"https:\/\/ligue-golfgrandest.org\/index.php\/wp-json\/wp\/v2\/pages\/12280\/revisions\/63125"}],"up":[{"embeddable":true,"href":"https:\/\/ligue-golfgrandest.org\/index.php\/wp-json\/wp\/v2\/pages\/130"}],"wp:attachment":[{"href":"https:\/\/ligue-golfgrandest.org\/index.php\/wp-json\/wp\/v2\/media?parent=12280"}],"curies":[{"name":"wp","href":"https:\/\/api.w.org\/{rel}","templated":true}]}}