{"id":1157,"date":"2017-03-02T16:00:08","date_gmt":"2017-03-02T15:00:08","guid":{"rendered":"http:\/\/ligue-golfgrandest.org\/?page_id=1157"},"modified":"2023-12-07T11:51:26","modified_gmt":"2023-12-07T10:51:26","slug":"golf-club-images-epinal","status":"publish","type":"page","link":"https:\/\/ligue-golfgrandest.org\/index.php\/clubs\/lorraine\/golf-club-images-epinal\/","title":{"rendered":"Golf Club des Images d&rsquo;Epinal"},"content":{"rendered":"\n<div class=\"wp-block-columns is-layout-flex wp-container-core-columns-is-layout-9d6595d7 wp-block-columns-is-layout-flex\">\n<div class=\"wp-block-column is-layout-flow wp-block-column-is-layout-flow\"><div class=\"wp-block-image\">\n<figure class=\"alignleft\"><img loading=\"lazy\" decoding=\"async\" width=\"250\" height=\"160\" src=\"http:\/\/ligue-golfgrandest.org\/wp-content\/uploads\/2017\/03\/17-GOLF-EPINAL-LOGO.jpg\" alt=\"\" class=\"wp-image-1170\"\/><\/figure><\/div><\/div>\n\n\n\n<div class=\"wp-block-column is-layout-flow wp-block-column-is-layout-flow\">\n<h3 class=\"wp-block-heading\">Asso. sportive<\/h3>\n\n\n\n<p>Rue Philippe Seguin &#8211; BP239<br>88000 EPINAL<br>Pr\u00e9sident AS : Jean-Paul RAFFY<\/p>\n\n\n\n<p><a href=\"mailto:jean-paul.raffy@orange.fr\">jean-paul.raffy@orange.fr<\/a><\/p>\n\n\n\n<p><a href=\"mailto:asgolfepinal@orange.fr\">asgolfepinal@orange.fr<\/a><\/p>\n\n\n\n<p><a href=\"https:\/\/golf-epinal.fr\/competitions\">D\u00e9parts comp\u00e9titions<\/a><br><a href=\"https:\/\/golf-epinal.fr\/competitions\">R\u00e9sultats comp\u00e9titions<\/a><\/p>\n<\/div>\n\n\n\n<div class=\"wp-block-column is-layout-flow wp-block-column-is-layout-flow\">\n<h3 class=\"wp-block-heading\">Le Club<\/h3>\n\n\n\n<p>1 parcours 18 Trous<br>1 practice<br>1 restaurant<\/p>\n\n\n\n<p>Directeur : Jean-Louis RELOT<br><a href=\"mailto:contact@golf-epinal.fr\">contact@golf-epinal.fr<\/a><br><a rel=\"noreferrer noopener\" href=\"http:\/\/www.golf-epinal.fr\" target=\"_blank\">www.golf-epinal.fr<\/a><br>Facebook : <a href=\"https:\/\/www.facebook.com\/AsGolf-Epinal-625978104171452\/\">ASGolf Epinal<\/a><br>03 29 31 37 52<\/p>\n<\/div>\n<\/div>\n\n\n\n<figure class=\"wp-block-gallery has-nested-images columns-default is-cropped wp-block-gallery-1 is-layout-flex wp-block-gallery-is-layout-flex\">\n<figure class=\"wp-block-image size-full\"><a href=\"https:\/\/ligue-golfgrandest.org\/wp-content\/uploads\/2017\/03\/17-EPINAL-2.jpg\"><img loading=\"lazy\" decoding=\"async\" width=\"800\" height=\"600\" data-id=\"1169\" src=\"https:\/\/ligue-golfgrandest.org\/wp-content\/uploads\/2017\/03\/17-EPINAL-2.jpg\" alt=\"\" class=\"wp-image-1169\" srcset=\"https:\/\/ligue-golfgrandest.org\/wp-content\/uploads\/2017\/03\/17-EPINAL-2.jpg 800w, https:\/\/ligue-golfgrandest.org\/wp-content\/uploads\/2017\/03\/17-EPINAL-2-350x263.jpg 350w, https:\/\/ligue-golfgrandest.org\/wp-content\/uploads\/2017\/03\/17-EPINAL-2-768x576.jpg 768w\" sizes=\"auto, (max-width: 800px) 100vw, 800px\" \/><\/a><\/figure>\n\n\n\n<figure class=\"wp-block-image size-full\"><a href=\"https:\/\/ligue-golfgrandest.org\/wp-content\/uploads\/2017\/03\/17-Golf-dEpinal-3.jpg\"><img loading=\"lazy\" decoding=\"async\" width=\"800\" height=\"600\" data-id=\"1161\" src=\"https:\/\/ligue-golfgrandest.org\/wp-content\/uploads\/2017\/03\/17-Golf-dEpinal-3.jpg\" alt=\"\" class=\"wp-image-1161\" srcset=\"https:\/\/ligue-golfgrandest.org\/wp-content\/uploads\/2017\/03\/17-Golf-dEpinal-3.jpg 800w, https:\/\/ligue-golfgrandest.org\/wp-content\/uploads\/2017\/03\/17-Golf-dEpinal-3-350x263.jpg 350w, https:\/\/ligue-golfgrandest.org\/wp-content\/uploads\/2017\/03\/17-Golf-dEpinal-3-768x576.jpg 768w\" sizes=\"auto, (max-width: 800px) 100vw, 800px\" \/><\/a><\/figure>\n\n\n\n<figure class=\"wp-block-image size-full\"><a href=\"https:\/\/ligue-golfgrandest.org\/wp-content\/uploads\/2017\/03\/17-EPINAL-1.jpg\"><img loading=\"lazy\" decoding=\"async\" width=\"800\" height=\"600\" data-id=\"1171\" src=\"https:\/\/ligue-golfgrandest.org\/wp-content\/uploads\/2017\/03\/17-EPINAL-1.jpg\" alt=\"\" class=\"wp-image-1171\" srcset=\"https:\/\/ligue-golfgrandest.org\/wp-content\/uploads\/2017\/03\/17-EPINAL-1.jpg 800w, https:\/\/ligue-golfgrandest.org\/wp-content\/uploads\/2017\/03\/17-EPINAL-1-350x263.jpg 350w, https:\/\/ligue-golfgrandest.org\/wp-content\/uploads\/2017\/03\/17-EPINAL-1-768x576.jpg 768w\" sizes=\"auto, (max-width: 800px) 100vw, 800px\" \/><\/a><\/figure>\n<\/figure>\n\n\n\n<iframe src=\"https:\/\/www.google.com\/maps\/embed?pb=!1m18!1m12!1m3!1d19373.04680113236!2d6.4573134114820405!3d48.18843533650012!2m3!1f0!2f0!3f0!3m2!1i1024!2i768!4f13.1!3m3!1m2!1s0x4793a06a46ffb065%3A0x89336e2c65fe42f7!2sGolf%20club%20des%20Images!5e0!3m2!1sfr!2sfr!4v1642691008091!5m2!1sfr!2sfr\" width=\"100%\" height=\"450\" style=\"border:0;\" allowfullscreen=\"\" loading=\"lazy\"><\/iframe>\n","protected":false},"excerpt":{"rendered":"<p>Asso. sportive Rue Philippe Seguin &#8211; BP23988000 EPINALPr\u00e9sident AS : Jean-Paul RAFFY jean-paul.raffy@orange.fr asgolfepinal@orange.fr D\u00e9parts comp\u00e9titionsR\u00e9sultats comp\u00e9titions Le Club 1 parcours 18 Trous1 practice1 restaurant Directeur : Jean-Louis RELOTcontact@golf-epinal.frwww.golf-epinal.frFacebook : ASGolf Epinal03 29 31 37 52<\/p>\n","protected":false},"author":3,"featured_media":0,"parent":137,"menu_order":17,"comment_status":"closed","ping_status":"closed","template":"page-templates\/page-full-width.php","meta":{"footnotes":""},"class_list":["post-1157","page","type-page","status-publish","hentry"],"_links":{"self":[{"href":"https:\/\/ligue-golfgrandest.org\/index.php\/wp-json\/wp\/v2\/pages\/1157","targetHints":{"allow":["GET"]}}],"collection":[{"href":"https:\/\/ligue-golfgrandest.org\/index.php\/wp-json\/wp\/v2\/pages"}],"about":[{"href":"https:\/\/ligue-golfgrandest.org\/index.php\/wp-json\/wp\/v2\/types\/page"}],"author":[{"embeddable":true,"href":"https:\/\/ligue-golfgrandest.org\/index.php\/wp-json\/wp\/v2\/users\/3"}],"replies":[{"embeddable":true,"href":"https:\/\/ligue-golfgrandest.org\/index.php\/wp-json\/wp\/v2\/comments?post=1157"}],"version-history":[{"count":0,"href":"https:\/\/ligue-golfgrandest.org\/index.php\/wp-json\/wp\/v2\/pages\/1157\/revisions"}],"up":[{"embeddable":true,"href":"https:\/\/ligue-golfgrandest.org\/index.php\/wp-json\/wp\/v2\/pages\/137"}],"wp:attachment":[{"href":"https:\/\/ligue-golfgrandest.org\/index.php\/wp-json\/wp\/v2\/media?parent=1157"}],"curies":[{"name":"wp","href":"https:\/\/api.w.org\/{rel}","templated":true}]}}