{"id":1140,"date":"2017-03-02T14:57:10","date_gmt":"2017-03-02T13:57:10","guid":{"rendered":"http:\/\/ligue-golfgrandest.org\/?page_id=1140"},"modified":"2025-01-09T14:34:11","modified_gmt":"2025-01-09T13:34:11","slug":"golf-metz","status":"publish","type":"page","link":"https:\/\/ligue-golfgrandest.org\/index.php\/clubs\/lorraine\/golf-metz\/","title":{"rendered":"UGolf Metz-Garden"},"content":{"rendered":"\n<div class=\"wp-block-columns is-layout-flex wp-container-core-columns-is-layout-9d6595d7 wp-block-columns-is-layout-flex\">\n<div class=\"wp-block-column is-layout-flow wp-block-column-is-layout-flow\"><div class=\"wp-block-image\">\n<figure class=\"alignleft\"><a href=\"http:\/\/ligue-golfgrandest.org\/wp-content\/uploads\/2019\/05\/12-Metz-garden.jpg\"><img loading=\"lazy\" decoding=\"async\" width=\"250\" height=\"160\" src=\"http:\/\/ligue-golfgrandest.org\/wp-content\/uploads\/2019\/05\/12-Metz-garden.jpg\" alt=\"\" class=\"wp-image-19631\"\/><\/a><\/figure><\/div><\/div>\n\n\n\n<div class=\"wp-block-column is-layout-flow wp-block-column-is-layout-flow\">\n<h3 class=\"wp-block-heading\">Asso. Sportive<\/h3>\n\n\n\n<p>3 rue F\u00e9lix Savart<br>57070 Metz<br>Pr\u00e9sident AS : Patrick GERBER<\/p>\n\n\n\n<p><a href=\"mailto:docpgerber@aol.com\">docpgerber@aol.com<\/a><\/p>\n\n\n\n<p><a href=\"https:\/\/web.ffgolf.org\/ffgolf\/tee\/tee.php?gk=d6d20a1411ce5811b48053ef28df2e9b\">D\u00e9parts comp\u00e9titions<\/a><br><a href=\"https:\/\/pages.ffgolf.org\/resultats\/liste-competitions\/d6d20a1411ce5811b48053ef28df2e9b\">R\u00e9sultats comp\u00e9titions<\/a><\/p>\n<\/div>\n\n\n\n<div class=\"wp-block-column is-layout-flow wp-block-column-is-layout-flow\">\n<h3 class=\"wp-block-heading\">Le Club<\/h3>\n\n\n\n<p>1 parcours 18 Trous<br>1 pitch &amp; putt 6 trous<br>1 practice<br>1 pro-shop<br>1 restaurant<br>1 h\u00f4tel<br>Directeurs : Matthieu ROMANO<br><a href=\"mailto:contact.metz@ugolf.eu\">contact.metz@ugolf.eu<\/a><br><a href=\"https:\/\/jouer.golf\/metz\/\" target=\"_blank\" rel=\"noreferrer noopener\">https:\/\/jouer.golf\/metz\/<\/a><br>Facebook : <a href=\"https:\/\/www.facebook.com\/gardengolfmetz\/\" data-type=\"link\" data-id=\"https:\/\/www.facebook.com\/gardengolfmetz\/\">UGOLF (Golf Metz Technop\u00f4le)<\/a><br>03 87 78 71 04<\/p>\n<\/div>\n<\/div>\n\n\n\n<figure class=\"wp-block-gallery has-nested-images columns-default is-cropped wp-block-gallery-1 is-layout-flex wp-block-gallery-is-layout-flex\">\n<figure class=\"wp-block-image size-full\"><a href=\"https:\/\/ligue-golfgrandest.org\/wp-content\/uploads\/2017\/03\/12-Garden-golf-metz-3.jpg\"><img loading=\"lazy\" decoding=\"async\" width=\"800\" height=\"600\" data-id=\"1143\" src=\"https:\/\/ligue-golfgrandest.org\/wp-content\/uploads\/2017\/03\/12-Garden-golf-metz-3.jpg\" alt=\"\" class=\"wp-image-1143\" srcset=\"https:\/\/ligue-golfgrandest.org\/wp-content\/uploads\/2017\/03\/12-Garden-golf-metz-3.jpg 800w, https:\/\/ligue-golfgrandest.org\/wp-content\/uploads\/2017\/03\/12-Garden-golf-metz-3-350x263.jpg 350w, https:\/\/ligue-golfgrandest.org\/wp-content\/uploads\/2017\/03\/12-Garden-golf-metz-3-768x576.jpg 768w\" sizes=\"auto, (max-width: 800px) 100vw, 800px\" \/><\/a><\/figure>\n\n\n\n<figure class=\"wp-block-image size-full\"><a href=\"https:\/\/ligue-golfgrandest.org\/wp-content\/uploads\/2017\/03\/12-Gardengolf-Metz-2.jpg\"><img loading=\"lazy\" decoding=\"async\" width=\"800\" height=\"600\" data-id=\"1142\" src=\"https:\/\/ligue-golfgrandest.org\/wp-content\/uploads\/2017\/03\/12-Gardengolf-Metz-2.jpg\" alt=\"\" class=\"wp-image-1142\" srcset=\"https:\/\/ligue-golfgrandest.org\/wp-content\/uploads\/2017\/03\/12-Gardengolf-Metz-2.jpg 800w, https:\/\/ligue-golfgrandest.org\/wp-content\/uploads\/2017\/03\/12-Gardengolf-Metz-2-350x263.jpg 350w, https:\/\/ligue-golfgrandest.org\/wp-content\/uploads\/2017\/03\/12-Gardengolf-Metz-2-768x576.jpg 768w\" sizes=\"auto, (max-width: 800px) 100vw, 800px\" \/><\/a><\/figure>\n\n\n\n<figure class=\"wp-block-image size-full\"><a href=\"https:\/\/ligue-golfgrandest.org\/wp-content\/uploads\/2017\/03\/12-Garden-golf-metz-1.jpg\"><img loading=\"lazy\" decoding=\"async\" width=\"800\" height=\"600\" data-id=\"1145\" src=\"https:\/\/ligue-golfgrandest.org\/wp-content\/uploads\/2017\/03\/12-Garden-golf-metz-1.jpg\" alt=\"\" class=\"wp-image-1145\" srcset=\"https:\/\/ligue-golfgrandest.org\/wp-content\/uploads\/2017\/03\/12-Garden-golf-metz-1.jpg 800w, https:\/\/ligue-golfgrandest.org\/wp-content\/uploads\/2017\/03\/12-Garden-golf-metz-1-350x263.jpg 350w, https:\/\/ligue-golfgrandest.org\/wp-content\/uploads\/2017\/03\/12-Garden-golf-metz-1-768x576.jpg 768w\" sizes=\"auto, (max-width: 800px) 100vw, 800px\" \/><\/a><\/figure>\n<\/figure>\n\n\n\n<iframe src=\"https:\/\/www.google.com\/maps\/embed?pb=!1m18!1m12!1m3!1d19026.180003305417!2d6.218237177992509!3d49.099589537089535!2m3!1f0!2f0!3f0!3m2!1i1024!2i768!4f13.1!3m3!1m2!1s0x4794ddc72ee31f41%3A0x1eb45d35d48312cf!2sUGOLF%20%3A%20Golf%20de%20Metz-Technop%C3%B4le!5e0!3m2!1sfr!2sfr!4v1642673120418!5m2!1sfr!2sfr\" width=\"100%\" height=\"450\" style=\"border:0;\" allowfullscreen=\"\" loading=\"lazy\"><\/iframe>\n","protected":false},"excerpt":{"rendered":"<p>Asso. Sportive 3 rue F\u00e9lix Savart57070 MetzPr\u00e9sident AS : Patrick GERBER docpgerber@aol.com D\u00e9parts comp\u00e9titionsR\u00e9sultats comp\u00e9titions Le Club 1 parcours 18 Trous1 pitch &amp; putt 6 trous1 practice1 pro-shop1 restaurant1 h\u00f4telDirecteurs : Matthieu ROMANOcontact.metz@ugolf.euhttps:\/\/jouer.golf\/metz\/Facebook : UGOLF (Golf Metz Technop\u00f4le)03 87 78 71 04<\/p>\n","protected":false},"author":3,"featured_media":0,"parent":137,"menu_order":12,"comment_status":"closed","ping_status":"closed","template":"page-templates\/page-full-width.php","meta":{"footnotes":""},"class_list":["post-1140","page","type-page","status-publish","hentry"],"_links":{"self":[{"href":"https:\/\/ligue-golfgrandest.org\/index.php\/wp-json\/wp\/v2\/pages\/1140","targetHints":{"allow":["GET"]}}],"collection":[{"href":"https:\/\/ligue-golfgrandest.org\/index.php\/wp-json\/wp\/v2\/pages"}],"about":[{"href":"https:\/\/ligue-golfgrandest.org\/index.php\/wp-json\/wp\/v2\/types\/page"}],"author":[{"embeddable":true,"href":"https:\/\/ligue-golfgrandest.org\/index.php\/wp-json\/wp\/v2\/users\/3"}],"replies":[{"embeddable":true,"href":"https:\/\/ligue-golfgrandest.org\/index.php\/wp-json\/wp\/v2\/comments?post=1140"}],"version-history":[{"count":0,"href":"https:\/\/ligue-golfgrandest.org\/index.php\/wp-json\/wp\/v2\/pages\/1140\/revisions"}],"up":[{"embeddable":true,"href":"https:\/\/ligue-golfgrandest.org\/index.php\/wp-json\/wp\/v2\/pages\/137"}],"wp:attachment":[{"href":"https:\/\/ligue-golfgrandest.org\/index.php\/wp-json\/wp\/v2\/media?parent=1140"}],"curies":[{"name":"wp","href":"https:\/\/api.w.org\/{rel}","templated":true}]}}