{"id":1126,"date":"2017-03-02T14:19:48","date_gmt":"2017-03-02T13:19:48","guid":{"rendered":"http:\/\/ligue-golfgrandest.org\/?page_id=1126"},"modified":"2024-04-02T15:52:34","modified_gmt":"2024-04-02T13:52:34","slug":"golf-grange-aux-ormes","status":"publish","type":"page","link":"https:\/\/ligue-golfgrandest.org\/index.php\/clubs\/lorraine\/golf-grange-aux-ormes\/","title":{"rendered":"Golf Grange aux Ormes"},"content":{"rendered":"\n<div class=\"wp-block-columns is-layout-flex wp-container-core-columns-is-layout-9d6595d7 wp-block-columns-is-layout-flex\">\n<div class=\"wp-block-column is-layout-flow wp-block-column-is-layout-flow\"><div class=\"wp-block-image\">\n<figure class=\"alignleft\"><img loading=\"lazy\" decoding=\"async\" width=\"250\" height=\"160\" src=\"http:\/\/ligue-golfgrandest.org\/wp-content\/uploads\/2017\/03\/13-GRANGE-AUX-ORMES-LOGO.jpg\" alt=\"\" class=\"wp-image-1127\"\/><\/figure><\/div><\/div>\n\n\n\n<div class=\"wp-block-column is-layout-flow wp-block-column-is-layout-flow\">\n<h3 class=\"wp-block-heading\">Asso. Sportive<\/h3>\n\n\n\n<p>Rue de la Grange aux Ormes<br>57155 MARLY<br>Pr\u00e9sident AS : Hubert GANGLOFF<\/p>\n\n\n\n<p><a href=\"mailto:as.golfgao@hotmail.fr\">as.golfgao@hotmail.fr<\/a><\/p>\n\n\n\n<p><a href=\"https:\/\/web.ffgolf.org\/ffgolf\/tee\/tee.php?gk=c8d442a558867153fdff7266b43768d6\">D\u00e9parts comp\u00e9titions<\/a><br><a href=\"https:\/\/pages.ffgolf.org\/resultats\/liste-competitions\/c8d442a558867153fdff7266b43768d6\" data-type=\"link\" data-id=\"https:\/\/pages.ffgolf.org\/resultats\/liste-competitions\/c8d442a558867153fdff7266b43768d6\">R\u00e9sultats comp\u00e9titions<\/a><\/p>\n<\/div>\n\n\n\n<div class=\"wp-block-column is-layout-flow wp-block-column-is-layout-flow\">\n<h3 class=\"wp-block-heading\">Le Club<\/h3>\n\n\n\n<p>1 parcours 18 Trous<br>1 parcours 9 Trous<br>1 practice<br>1 pro-shop<br>1 restaurant<\/p>\n\n\n\n<p>Directeur : Pierre BOGENEZ<br><br><a href=\"mailto:info@grange-aux-ormes.com\">info@grange-aux-ormes.com<\/a><br><a href=\"http:\/\/www.grange-aux-ormes.com\" target=\"_blank\" rel=\"noreferrer noopener\">www.grange-aux-ormes.com<\/a><br>Facebook : <a href=\"https:\/\/www.facebook.com\/domainedelagrangeauxormes\" data-type=\"link\" data-id=\"https:\/\/www.facebook.com\/domainedelagrangeauxormes\">domaine de la grange-aux-ormes<\/a><br>03 87 63 10 62<\/p>\n<\/div>\n<\/div>\n\n\n\n<figure class=\"wp-block-gallery has-nested-images columns-default is-cropped wp-block-gallery-1 is-layout-flex wp-block-gallery-is-layout-flex\">\n<figure class=\"wp-block-image size-large\"><a href=\"https:\/\/ligue-golfgrandest.org\/wp-content\/uploads\/2017\/03\/13-Grange-aux-ormes-1.jpg\"><img loading=\"lazy\" decoding=\"async\" width=\"800\" height=\"600\" data-id=\"1128\" src=\"https:\/\/ligue-golfgrandest.org\/wp-content\/uploads\/2017\/03\/13-Grange-aux-ormes-1.jpg\" alt=\"\" class=\"wp-image-1128\" srcset=\"https:\/\/ligue-golfgrandest.org\/wp-content\/uploads\/2017\/03\/13-Grange-aux-ormes-1.jpg 800w, https:\/\/ligue-golfgrandest.org\/wp-content\/uploads\/2017\/03\/13-Grange-aux-ormes-1-350x263.jpg 350w, https:\/\/ligue-golfgrandest.org\/wp-content\/uploads\/2017\/03\/13-Grange-aux-ormes-1-768x576.jpg 768w\" sizes=\"auto, (max-width: 800px) 100vw, 800px\" \/><\/a><\/figure>\n\n\n\n<figure class=\"wp-block-image size-large\"><a href=\"https:\/\/ligue-golfgrandest.org\/wp-content\/uploads\/2017\/03\/13-Grange-aux-ormes-3.jpg\"><img loading=\"lazy\" decoding=\"async\" width=\"800\" height=\"600\" data-id=\"1130\" src=\"https:\/\/ligue-golfgrandest.org\/wp-content\/uploads\/2017\/03\/13-Grange-aux-ormes-3.jpg\" alt=\"\" class=\"wp-image-1130\" srcset=\"https:\/\/ligue-golfgrandest.org\/wp-content\/uploads\/2017\/03\/13-Grange-aux-ormes-3.jpg 800w, https:\/\/ligue-golfgrandest.org\/wp-content\/uploads\/2017\/03\/13-Grange-aux-ormes-3-350x263.jpg 350w, https:\/\/ligue-golfgrandest.org\/wp-content\/uploads\/2017\/03\/13-Grange-aux-ormes-3-768x576.jpg 768w\" sizes=\"auto, (max-width: 800px) 100vw, 800px\" \/><\/a><\/figure>\n\n\n\n<figure class=\"wp-block-image size-large\"><a href=\"https:\/\/ligue-golfgrandest.org\/wp-content\/uploads\/2017\/03\/13-Grange-aux-ormes-2.jpg\"><img loading=\"lazy\" decoding=\"async\" width=\"800\" height=\"600\" data-id=\"1129\" src=\"https:\/\/ligue-golfgrandest.org\/wp-content\/uploads\/2017\/03\/13-Grange-aux-ormes-2.jpg\" alt=\"\" class=\"wp-image-1129\" srcset=\"https:\/\/ligue-golfgrandest.org\/wp-content\/uploads\/2017\/03\/13-Grange-aux-ormes-2.jpg 800w, https:\/\/ligue-golfgrandest.org\/wp-content\/uploads\/2017\/03\/13-Grange-aux-ormes-2-350x263.jpg 350w, https:\/\/ligue-golfgrandest.org\/wp-content\/uploads\/2017\/03\/13-Grange-aux-ormes-2-768x576.jpg 768w\" sizes=\"auto, (max-width: 800px) 100vw, 800px\" \/><\/a><\/figure>\n<\/figure>\n\n\n\n<iframe src=\"https:\/\/www.google.com\/maps\/embed?pb=!1m18!1m12!1m3!1d3749.8375396767383!2d6.153158146038029!3d49.076738097849365!2m3!1f0!2f0!3f0!3m2!1i1024!2i768!4f13.1!3m3!1m2!1s0x4794db7fa123c931%3A0xecb7ffb49be22c4e!2sGolf%20de%20la%20Grange%20aux%20Ormes!5e0!3m2!1sfr!2sfr!4v1642673435261!5m2!1sfr!2sfr\" width=\"100%\" height=\"450\" style=\"border:0;\" allowfullscreen=\"\" loading=\"lazy\"><\/iframe>\n","protected":false},"excerpt":{"rendered":"<p>Asso. Sportive Rue de la Grange aux Ormes57155 MARLYPr\u00e9sident AS : Hubert GANGLOFF as.golfgao@hotmail.fr D\u00e9parts comp\u00e9titionsR\u00e9sultats comp\u00e9titions Le Club 1 parcours 18 Trous1 parcours 9 Trous1 practice1 pro-shop1 restaurant Directeur : Pierre BOGENEZ info@grange-aux-ormes.comwww.grange-aux-ormes.comFacebook : domaine de la grange-aux-ormes03 87 63 10 62<\/p>\n","protected":false},"author":3,"featured_media":0,"parent":137,"menu_order":13,"comment_status":"closed","ping_status":"closed","template":"page-templates\/page-full-width.php","meta":{"footnotes":""},"class_list":["post-1126","page","type-page","status-publish","hentry"],"_links":{"self":[{"href":"https:\/\/ligue-golfgrandest.org\/index.php\/wp-json\/wp\/v2\/pages\/1126","targetHints":{"allow":["GET"]}}],"collection":[{"href":"https:\/\/ligue-golfgrandest.org\/index.php\/wp-json\/wp\/v2\/pages"}],"about":[{"href":"https:\/\/ligue-golfgrandest.org\/index.php\/wp-json\/wp\/v2\/types\/page"}],"author":[{"embeddable":true,"href":"https:\/\/ligue-golfgrandest.org\/index.php\/wp-json\/wp\/v2\/users\/3"}],"replies":[{"embeddable":true,"href":"https:\/\/ligue-golfgrandest.org\/index.php\/wp-json\/wp\/v2\/comments?post=1126"}],"version-history":[{"count":0,"href":"https:\/\/ligue-golfgrandest.org\/index.php\/wp-json\/wp\/v2\/pages\/1126\/revisions"}],"up":[{"embeddable":true,"href":"https:\/\/ligue-golfgrandest.org\/index.php\/wp-json\/wp\/v2\/pages\/137"}],"wp:attachment":[{"href":"https:\/\/ligue-golfgrandest.org\/index.php\/wp-json\/wp\/v2\/media?parent=1126"}],"curies":[{"name":"wp","href":"https:\/\/api.w.org\/{rel}","templated":true}]}}