{"id":1067,"date":"2017-03-01T11:09:28","date_gmt":"2017-03-01T10:09:28","guid":{"rendered":"http:\/\/ligue-golfgrandest.org\/?page_id=1067"},"modified":"2023-11-18T14:15:23","modified_gmt":"2023-11-18T13:15:23","slug":"golf-faulquemont","status":"publish","type":"page","link":"https:\/\/ligue-golfgrandest.org\/index.php\/clubs\/lorraine\/golf-faulquemont\/","title":{"rendered":"Golf Faulquemont-Pontpierre"},"content":{"rendered":"\n<div class=\"wp-block-columns is-layout-flex wp-container-core-columns-is-layout-9d6595d7 wp-block-columns-is-layout-flex\">\n<div class=\"wp-block-column is-layout-flow wp-block-column-is-layout-flow\"><div class=\"wp-block-image\">\n<figure class=\"alignleft\"><img loading=\"lazy\" decoding=\"async\" width=\"250\" height=\"160\" src=\"http:\/\/ligue-golfgrandest.org\/wp-content\/uploads\/2017\/03\/11-faulquemont-LOGO.jpg\" alt=\"\" class=\"wp-image-1069\"\/><\/figure><\/div><\/div>\n\n\n\n<div class=\"wp-block-column is-layout-flow wp-block-column-is-layout-flow\">\n<h3 class=\"wp-block-heading\">Asso. Sportive<\/h3>\n\n\n\n<p>Avenue Jean Monnet<br>57380 FAULQUEMONT<br>Pr\u00e9sident AS : Michel GOEDERT<\/p>\n\n\n\n<p><a href=\"mailto:goedert.michel@orange.fr\">goedert.michel@orange.fr<\/a><\/p>\n\n\n\n<p><a href=\"http:\/\/www.golf-faulquemont.com\/departs\/\">D\u00e9parts comp\u00e9titions<\/a><br><a href=\"http:\/\/www.golf-faulquemont.com\/departs\/\">R\u00e9sultats comp\u00e9titions<\/a><\/p>\n<\/div>\n\n\n\n<div class=\"wp-block-column is-layout-flow wp-block-column-is-layout-flow\">\n<h3 class=\"wp-block-heading\">Le Club<\/h3>\n\n\n\n<p>1 parcours 18 Trous<br>1 parcours compact 18 Trous<br>1 practice<br>1 pro shop<br>1 restaurant<br>1 hotel<br>Directeur : St\u00e9phane WELKER<br><a href=\"mailto:golf.faulquemont@gmail.com\">golf.faulquemont@gmail.com<\/a><br><a rel=\"noreferrer noopener\" href=\"http:\/\/www.golf-faulquemont.com\" target=\"_blank\">www.golf-faulquemont.com<\/a><br>Facebook : <a href=\"https:\/\/www.facebook.com\/GolfdeFaulquemontPontpierre\" data-type=\"link\" data-id=\"https:\/\/www.facebook.com\/GolfdeFaulquemontPontpierre\">Golf de Faulquemont Pontpierre<\/a><br>03 87 81 30 52<\/p>\n<\/div>\n<\/div>\n\n\n\n<figure class=\"wp-block-gallery has-nested-images columns-default is-cropped wp-block-gallery-1 is-layout-flex wp-block-gallery-is-layout-flex\">\n<figure class=\"wp-block-image size-full\"><a href=\"https:\/\/ligue-golfgrandest.org\/wp-content\/uploads\/2017\/03\/11-faulquemont-6.jpg\"><img loading=\"lazy\" decoding=\"async\" width=\"800\" height=\"600\" data-id=\"1072\" src=\"https:\/\/ligue-golfgrandest.org\/wp-content\/uploads\/2017\/03\/11-faulquemont-6.jpg\" alt=\"\" class=\"wp-image-1072\" srcset=\"https:\/\/ligue-golfgrandest.org\/wp-content\/uploads\/2017\/03\/11-faulquemont-6.jpg 800w, https:\/\/ligue-golfgrandest.org\/wp-content\/uploads\/2017\/03\/11-faulquemont-6-350x263.jpg 350w, https:\/\/ligue-golfgrandest.org\/wp-content\/uploads\/2017\/03\/11-faulquemont-6-768x576.jpg 768w\" sizes=\"auto, (max-width: 800px) 100vw, 800px\" \/><\/a><figcaption class=\"wp-element-caption\">FAULQUEMONT<\/figcaption><\/figure>\n\n\n\n<figure class=\"wp-block-image size-full\"><a href=\"https:\/\/ligue-golfgrandest.org\/wp-content\/uploads\/2017\/03\/11-faulquemont-5.jpg\"><img loading=\"lazy\" decoding=\"async\" width=\"800\" height=\"600\" data-id=\"1071\" src=\"https:\/\/ligue-golfgrandest.org\/wp-content\/uploads\/2017\/03\/11-faulquemont-5.jpg\" alt=\"\" class=\"wp-image-1071\" srcset=\"https:\/\/ligue-golfgrandest.org\/wp-content\/uploads\/2017\/03\/11-faulquemont-5.jpg 800w, https:\/\/ligue-golfgrandest.org\/wp-content\/uploads\/2017\/03\/11-faulquemont-5-350x263.jpg 350w, https:\/\/ligue-golfgrandest.org\/wp-content\/uploads\/2017\/03\/11-faulquemont-5-768x576.jpg 768w\" sizes=\"auto, (max-width: 800px) 100vw, 800px\" \/><\/a><figcaption class=\"wp-element-caption\">FAUQUEMONT<\/figcaption><\/figure>\n\n\n\n<figure class=\"wp-block-image size-full\"><a href=\"https:\/\/ligue-golfgrandest.org\/wp-content\/uploads\/2017\/03\/11-faulquemont-3.jpg\"><img loading=\"lazy\" decoding=\"async\" width=\"800\" height=\"600\" data-id=\"1070\" src=\"https:\/\/ligue-golfgrandest.org\/wp-content\/uploads\/2017\/03\/11-faulquemont-3.jpg\" alt=\"\" class=\"wp-image-1070\" srcset=\"https:\/\/ligue-golfgrandest.org\/wp-content\/uploads\/2017\/03\/11-faulquemont-3.jpg 800w, https:\/\/ligue-golfgrandest.org\/wp-content\/uploads\/2017\/03\/11-faulquemont-3-350x263.jpg 350w, https:\/\/ligue-golfgrandest.org\/wp-content\/uploads\/2017\/03\/11-faulquemont-3-768x576.jpg 768w\" sizes=\"auto, (max-width: 800px) 100vw, 800px\" \/><\/a><\/figure>\n<\/figure>\n\n\n\n<iframe src=\"https:\/\/www.google.com\/maps\/embed?pb=!1m18!1m12!1m3!1d115794.6484692557!2d6.503362071183984!3d49.05330922344181!2m3!1f0!2f0!3f0!3m2!1i1024!2i768!4f13.1!3m3!1m2!1s0x4794f88642f0181d%3A0xf0a5fba98d8ea10!2sGolf%20de%20Faulquemont-Pontpierre!5e0!3m2!1sfr!2sfr!4v1642672105035!5m2!1sfr!2sfr\" width=\"100%\" height=\"450\" style=\"border:0;\" allowfullscreen=\"\" loading=\"lazy\"><\/iframe>\n","protected":false},"excerpt":{"rendered":"<p>Asso. Sportive Avenue Jean Monnet57380 FAULQUEMONTPr\u00e9sident AS : Michel GOEDERT goedert.michel@orange.fr D\u00e9parts comp\u00e9titionsR\u00e9sultats comp\u00e9titions Le Club 1 parcours 18 Trous1 parcours compact 18 Trous1 practice1 pro shop1 restaurant1 hotelDirecteur : St\u00e9phane WELKERgolf.faulquemont@gmail.comwww.golf-faulquemont.comFacebook : Golf de Faulquemont Pontpierre03 87 81 30 52<\/p>\n","protected":false},"author":3,"featured_media":0,"parent":137,"menu_order":11,"comment_status":"closed","ping_status":"closed","template":"page-templates\/page-full-width.php","meta":{"footnotes":""},"class_list":["post-1067","page","type-page","status-publish","hentry"],"_links":{"self":[{"href":"https:\/\/ligue-golfgrandest.org\/index.php\/wp-json\/wp\/v2\/pages\/1067","targetHints":{"allow":["GET"]}}],"collection":[{"href":"https:\/\/ligue-golfgrandest.org\/index.php\/wp-json\/wp\/v2\/pages"}],"about":[{"href":"https:\/\/ligue-golfgrandest.org\/index.php\/wp-json\/wp\/v2\/types\/page"}],"author":[{"embeddable":true,"href":"https:\/\/ligue-golfgrandest.org\/index.php\/wp-json\/wp\/v2\/users\/3"}],"replies":[{"embeddable":true,"href":"https:\/\/ligue-golfgrandest.org\/index.php\/wp-json\/wp\/v2\/comments?post=1067"}],"version-history":[{"count":0,"href":"https:\/\/ligue-golfgrandest.org\/index.php\/wp-json\/wp\/v2\/pages\/1067\/revisions"}],"up":[{"embeddable":true,"href":"https:\/\/ligue-golfgrandest.org\/index.php\/wp-json\/wp\/v2\/pages\/137"}],"wp:attachment":[{"href":"https:\/\/ligue-golfgrandest.org\/index.php\/wp-json\/wp\/v2\/media?parent=1067"}],"curies":[{"name":"wp","href":"https:\/\/api.w.org\/{rel}","templated":true}]}}