{"id":1053,"date":"2017-02-28T13:50:44","date_gmt":"2017-02-28T12:50:44","guid":{"rendered":"http:\/\/ligue-golfgrandest.org\/?page_id=1053"},"modified":"2023-11-19T10:34:44","modified_gmt":"2023-11-19T09:34:44","slug":"sav-golf-practice","status":"publish","type":"page","link":"https:\/\/ligue-golfgrandest.org\/index.php\/clubs\/lorraine\/sav-golf-practice\/","title":{"rendered":"S.A. VERDUN GOLF"},"content":{"rendered":"\n<div class=\"wp-block-columns is-layout-flex wp-container-core-columns-is-layout-9d6595d7 wp-block-columns-is-layout-flex\">\n<div class=\"wp-block-column is-layout-flow wp-block-column-is-layout-flow\"><div class=\"wp-block-image\">\n<figure class=\"alignleft\"><a href=\"http:\/\/ligue-golfgrandest.org\/wp-content\/uploads\/2018\/06\/VERDUN_recadr\u00e9-2.jpg\"><img loading=\"lazy\" decoding=\"async\" width=\"217\" height=\"200\" src=\"http:\/\/ligue-golfgrandest.org\/wp-content\/uploads\/2018\/06\/VERDUN_recadr\u00e9-2.jpg\" alt=\"\" class=\"wp-image-12529\"\/><\/a><\/figure><\/div><\/div>\n\n\n\n<div class=\"wp-block-column is-layout-flow wp-block-column-is-layout-flow\">\n<h3 class=\"wp-block-heading\">Ass. Sportive<\/h3>\n\n\n\n<p>SAVERDUN Golf (Sport Athl\u00e9tique Verdunois, section Golf)<br>All\u00e9e D\u00e9sandrouins<br>55100 VERDUN<br>Pr\u00e9sidente AS : Jocelyne DELVAL<br><br>06 66 71 55 05<\/p>\n<\/div>\n\n\n\n<div class=\"wp-block-column is-layout-flow wp-block-column-is-layout-flow\">\n<h3 class=\"wp-block-heading\">Le Club<\/h3>\n\n\n\n<p>1 Practice : 12 tapis dont 6 couverts,<br>un pitch and putt<br>un putting green synth\u00e9tique et un bunker<br>1 \u00ab\u00a0explanar\u00a0\u00bb (pour am\u00e9lioration du swing)<br><a href=\"mailto:saverdungolf@gmail.com\">saverdungolf@gmail.com<\/a><br><a href=\"http:\/\/sa-verdun.com\/?q=Golf\">http:\/\/sa-verdun.com<\/a><br>Facebook : <a href=\"https:\/\/www.facebook.com\/SAVerdunGolf\" data-type=\"link\" data-id=\"https:\/\/www.facebook.com\/SAVerdunGolf\">SAV Golf<\/a><\/p>\n<\/div>\n<\/div>\n\n\n\n<figure class=\"wp-block-gallery has-nested-images columns-default is-cropped wp-block-gallery-1 is-layout-flex wp-block-gallery-is-layout-flex\">\n<figure class=\"wp-block-image size-full\"><a href=\"https:\/\/ligue-golfgrandest.org\/wp-content\/uploads\/2020\/12\/verdun3.jpg\"><img loading=\"lazy\" decoding=\"async\" width=\"349\" height=\"263\" data-id=\"30415\" src=\"https:\/\/ligue-golfgrandest.org\/wp-content\/uploads\/2020\/12\/verdun3.jpg\" alt=\"\" class=\"wp-image-30415\"\/><\/a><\/figure>\n\n\n\n<figure class=\"wp-block-image size-full\"><a href=\"https:\/\/ligue-golfgrandest.org\/wp-content\/uploads\/2020\/12\/verdun2.jpg\"><img loading=\"lazy\" decoding=\"async\" width=\"350\" height=\"263\" data-id=\"30414\" src=\"https:\/\/ligue-golfgrandest.org\/wp-content\/uploads\/2020\/12\/verdun2.jpg\" alt=\"\" class=\"wp-image-30414\"\/><\/a><\/figure>\n\n\n\n<figure class=\"wp-block-image size-full\"><a href=\"https:\/\/ligue-golfgrandest.org\/wp-content\/uploads\/2020\/12\/verdun.jpg\"><img loading=\"lazy\" decoding=\"async\" width=\"350\" height=\"263\" data-id=\"30413\" src=\"https:\/\/ligue-golfgrandest.org\/wp-content\/uploads\/2020\/12\/verdun.jpg\" alt=\"\" class=\"wp-image-30413\"\/><\/a><\/figure>\n<\/figure>\n\n\n\n<iframe src=\"https:\/\/www.google.com\/maps\/embed?pb=!1m18!1m12!1m3!1d9230.619146723873!2d5.413529427173411!3d49.16213181713604!2m3!1f0!2f0!3f0!3m2!1i1024!2i768!4f13.1!3m3!1m2!1s0x47eb1eb42bdf454d%3A0xa7ed2a824a411f98!2sAll.%20Desandrouins%2C%2055100%20Verdun!5e0!3m2!1sfr!2sfr!4v1642683706734!5m2!1sfr!2sfr\" width=\"100%\" height=\"450\" style=\"border:0;\" allowfullscreen=\"\" loading=\"lazy\"><\/iframe>\n","protected":false},"excerpt":{"rendered":"<p>Ass. Sportive SAVERDUN Golf (Sport Athl\u00e9tique Verdunois, section Golf)All\u00e9e D\u00e9sandrouins55100 VERDUNPr\u00e9sidente AS : Jocelyne DELVAL 06 66 71 55 05 Le Club 1 Practice : 12 tapis dont 6 couverts,un pitch and puttun putting green synth\u00e9tique et un bunker1 \u00ab\u00a0explanar\u00a0\u00bb (pour am\u00e9lioration du swing)saverdungolf@gmail.comhttp:\/\/sa-verdun.comFacebook : SAV Golf<\/p>\n","protected":false},"author":3,"featured_media":0,"parent":137,"menu_order":7,"comment_status":"closed","ping_status":"closed","template":"page-templates\/page-full-width.php","meta":{"footnotes":""},"class_list":["post-1053","page","type-page","status-publish","hentry"],"_links":{"self":[{"href":"https:\/\/ligue-golfgrandest.org\/index.php\/wp-json\/wp\/v2\/pages\/1053","targetHints":{"allow":["GET"]}}],"collection":[{"href":"https:\/\/ligue-golfgrandest.org\/index.php\/wp-json\/wp\/v2\/pages"}],"about":[{"href":"https:\/\/ligue-golfgrandest.org\/index.php\/wp-json\/wp\/v2\/types\/page"}],"author":[{"embeddable":true,"href":"https:\/\/ligue-golfgrandest.org\/index.php\/wp-json\/wp\/v2\/users\/3"}],"replies":[{"embeddable":true,"href":"https:\/\/ligue-golfgrandest.org\/index.php\/wp-json\/wp\/v2\/comments?post=1053"}],"version-history":[{"count":0,"href":"https:\/\/ligue-golfgrandest.org\/index.php\/wp-json\/wp\/v2\/pages\/1053\/revisions"}],"up":[{"embeddable":true,"href":"https:\/\/ligue-golfgrandest.org\/index.php\/wp-json\/wp\/v2\/pages\/137"}],"wp:attachment":[{"href":"https:\/\/ligue-golfgrandest.org\/index.php\/wp-json\/wp\/v2\/media?parent=1053"}],"curies":[{"name":"wp","href":"https:\/\/api.w.org\/{rel}","templated":true}]}}