{"id":1040,"date":"2017-02-28T13:31:25","date_gmt":"2017-02-28T12:31:25","guid":{"rendered":"http:\/\/ligue-golfgrandest.org\/?page_id=1040"},"modified":"2023-11-19T10:29:31","modified_gmt":"2023-11-19T09:29:31","slug":"golf-combles-en-barrois","status":"publish","type":"page","link":"https:\/\/ligue-golfgrandest.org\/index.php\/clubs\/lorraine\/golf-combles-en-barrois\/","title":{"rendered":"Golf de Combles-en-Barrois"},"content":{"rendered":"\n<div class=\"wp-block-columns is-layout-flex wp-container-core-columns-is-layout-9d6595d7 wp-block-columns-is-layout-flex\">\n<div class=\"wp-block-column is-layout-flow wp-block-column-is-layout-flow\"><div class=\"wp-block-image\">\n<figure class=\"alignleft\"><img loading=\"lazy\" decoding=\"async\" width=\"250\" height=\"160\" src=\"http:\/\/ligue-golfgrandest.org\/wp-content\/uploads\/2017\/02\/05-COMBLES-LOGO-WEB.jpg\" alt=\"\" class=\"wp-image-1050\"\/><\/figure><\/div><\/div>\n\n\n\n<div class=\"wp-block-column is-layout-flow wp-block-column-is-layout-flow\">\n<h3 class=\"wp-block-heading\">Ass. Sportive<\/h3>\n\n\n\n<p>38 rue Basse<br>55000 COMBLES EN BARROIS<br>Pr\u00e9sident AS : Olivier HUVET<\/p>\n\n\n\n<p><a href=\"mailto:ohgolf55@gmail.com\">ohgolf55@gmail.com<\/a><\/p>\n\n\n\n<p><a href=\"https:\/\/golfcomblesenbarrois.fr\/departs\/\">D\u00e9parts comp\u00e9titions<\/a><br><a href=\"https:\/\/pages.ffgolf.org\/resultats\/liste-competitions\/03e4f97a51fa893d90e16a22dfdc950f\" data-type=\"link\" data-id=\"https:\/\/pages.ffgolf.org\/resultats\/liste-competitions\/03e4f97a51fa893d90e16a22dfdc950f\">R\u00e9sultats comp\u00e9titions<\/a><\/p>\n<\/div>\n\n\n\n<div class=\"wp-block-column is-layout-flow wp-block-column-is-layout-flow\">\n<h3 class=\"wp-block-heading\">Le Club<\/h3>\n\n\n\n<p>1 parcours 18 Trous<br>1 g\u00eete de groupe sur le golf<br><a href=\"mailto:golfdecomblesenbarrois@gmail.com\">golfdecomblesenbarrois@gmail.com<\/a><br><a rel=\"noreferrer noopener\" href=\"https:\/\/golfcomblesenbarrois.fr\/\" target=\"_blank\">https:\/\/golfcomblesenbarrois.fr\/<\/a><br>Facebook : <a href=\"https:\/\/www.facebook.com\/pages\/Golf-Combles-En-Barrois\/201613013215618\" data-type=\"link\" data-id=\"https:\/\/www.facebook.com\/pages\/Golf-Combles-En-Barrois\/201613013215618\">Golf Combles-en-Barrois<\/a><br>03 29 45 16 03<\/p>\n<\/div>\n<\/div>\n\n\n\n<figure class=\"wp-block-gallery has-nested-images columns-4 is-cropped wp-block-gallery-1 is-layout-flex wp-block-gallery-is-layout-flex\">\n<figure class=\"wp-block-image size-large\"><a href=\"https:\/\/ligue-golfgrandest.org\/wp-content\/uploads\/2019\/06\/combles-05.jpg\"><img loading=\"lazy\" decoding=\"async\" width=\"1024\" height=\"683\" data-id=\"20710\" src=\"https:\/\/ligue-golfgrandest.org\/wp-content\/uploads\/2019\/06\/combles-05-1024x683.jpg\" alt=\"\" class=\"wp-image-20710\" srcset=\"https:\/\/ligue-golfgrandest.org\/wp-content\/uploads\/2019\/06\/combles-05-1024x683.jpg 1024w, https:\/\/ligue-golfgrandest.org\/wp-content\/uploads\/2019\/06\/combles-05-300x200.jpg 300w, https:\/\/ligue-golfgrandest.org\/wp-content\/uploads\/2019\/06\/combles-05-400x267.jpg 400w, https:\/\/ligue-golfgrandest.org\/wp-content\/uploads\/2019\/06\/combles-05-768x512.jpg 768w, https:\/\/ligue-golfgrandest.org\/wp-content\/uploads\/2019\/06\/combles-05-272x182.jpg 272w, https:\/\/ligue-golfgrandest.org\/wp-content\/uploads\/2019\/06\/combles-05.jpg 1920w\" sizes=\"auto, (max-width: 1024px) 100vw, 1024px\" \/><\/a><\/figure>\n\n\n\n<figure class=\"wp-block-image size-large\"><a href=\"https:\/\/ligue-golfgrandest.org\/wp-content\/uploads\/2017\/02\/05-Combles_069.jpg\"><img loading=\"lazy\" decoding=\"async\" width=\"803\" height=\"600\" data-id=\"1044\" src=\"https:\/\/ligue-golfgrandest.org\/wp-content\/uploads\/2017\/02\/05-Combles_069.jpg\" alt=\"\" class=\"wp-image-1044\" srcset=\"https:\/\/ligue-golfgrandest.org\/wp-content\/uploads\/2017\/02\/05-Combles_069.jpg 803w, https:\/\/ligue-golfgrandest.org\/wp-content\/uploads\/2017\/02\/05-Combles_069-350x262.jpg 350w, https:\/\/ligue-golfgrandest.org\/wp-content\/uploads\/2017\/02\/05-Combles_069-768x574.jpg 768w\" sizes=\"auto, (max-width: 803px) 100vw, 803px\" \/><\/a><\/figure>\n\n\n\n<figure class=\"wp-block-image size-large\"><a href=\"https:\/\/ligue-golfgrandest.org\/wp-content\/uploads\/2017\/02\/05-Combles_057.jpg\"><img loading=\"lazy\" decoding=\"async\" width=\"800\" height=\"600\" data-id=\"1043\" src=\"https:\/\/ligue-golfgrandest.org\/wp-content\/uploads\/2017\/02\/05-Combles_057.jpg\" alt=\"\" class=\"wp-image-1043\" srcset=\"https:\/\/ligue-golfgrandest.org\/wp-content\/uploads\/2017\/02\/05-Combles_057.jpg 800w, https:\/\/ligue-golfgrandest.org\/wp-content\/uploads\/2017\/02\/05-Combles_057-350x263.jpg 350w, https:\/\/ligue-golfgrandest.org\/wp-content\/uploads\/2017\/02\/05-Combles_057-768x576.jpg 768w\" sizes=\"auto, (max-width: 800px) 100vw, 800px\" \/><\/a><\/figure>\n\n\n\n<figure class=\"wp-block-image size-large\"><a href=\"https:\/\/ligue-golfgrandest.org\/wp-content\/uploads\/2017\/02\/05-Combles_036.jpg\"><img loading=\"lazy\" decoding=\"async\" width=\"800\" height=\"600\" data-id=\"1042\" src=\"https:\/\/ligue-golfgrandest.org\/wp-content\/uploads\/2017\/02\/05-Combles_036.jpg\" alt=\"\" class=\"wp-image-1042\" srcset=\"https:\/\/ligue-golfgrandest.org\/wp-content\/uploads\/2017\/02\/05-Combles_036.jpg 800w, https:\/\/ligue-golfgrandest.org\/wp-content\/uploads\/2017\/02\/05-Combles_036-350x263.jpg 350w, https:\/\/ligue-golfgrandest.org\/wp-content\/uploads\/2017\/02\/05-Combles_036-768x576.jpg 768w\" sizes=\"auto, (max-width: 800px) 100vw, 800px\" \/><\/a><\/figure>\n<\/figure>\n\n\n\n<iframe src=\"https:\/\/www.google.com\/maps\/embed?pb=!1m18!1m12!1m3!1d239927.1872633708!2d4.90585241152516!3d48.72888161057831!2m3!1f0!2f0!3f0!3m2!1i1024!2i768!4f13.1!3m3!1m2!1s0x47eb79e528e36c0b%3A0x265616c9f8ea2c1f!2sGolf%20de%20Combles%20en%20Barrois!5e0!3m2!1sfr!2sfr!4v1642683034159!5m2!1sfr!2sfr\" width=\"100%\" height=\"450\" style=\"border:0;\" allowfullscreen=\"\" loading=\"lazy\"><\/iframe>\n","protected":false},"excerpt":{"rendered":"<p>Ass. Sportive 38 rue Basse55000 COMBLES EN BARROISPr\u00e9sident AS : Olivier HUVET ohgolf55@gmail.com D\u00e9parts comp\u00e9titionsR\u00e9sultats comp\u00e9titions Le Club 1 parcours 18 Trous1 g\u00eete de groupe sur le golfgolfdecomblesenbarrois@gmail.comhttps:\/\/golfcomblesenbarrois.fr\/Facebook : Golf Combles-en-Barrois03 29 45 16 03<\/p>\n","protected":false},"author":3,"featured_media":0,"parent":137,"menu_order":5,"comment_status":"closed","ping_status":"closed","template":"page-templates\/page-full-width.php","meta":{"footnotes":""},"class_list":["post-1040","page","type-page","status-publish","hentry"],"_links":{"self":[{"href":"https:\/\/ligue-golfgrandest.org\/index.php\/wp-json\/wp\/v2\/pages\/1040","targetHints":{"allow":["GET"]}}],"collection":[{"href":"https:\/\/ligue-golfgrandest.org\/index.php\/wp-json\/wp\/v2\/pages"}],"about":[{"href":"https:\/\/ligue-golfgrandest.org\/index.php\/wp-json\/wp\/v2\/types\/page"}],"author":[{"embeddable":true,"href":"https:\/\/ligue-golfgrandest.org\/index.php\/wp-json\/wp\/v2\/users\/3"}],"replies":[{"embeddable":true,"href":"https:\/\/ligue-golfgrandest.org\/index.php\/wp-json\/wp\/v2\/comments?post=1040"}],"version-history":[{"count":0,"href":"https:\/\/ligue-golfgrandest.org\/index.php\/wp-json\/wp\/v2\/pages\/1040\/revisions"}],"up":[{"embeddable":true,"href":"https:\/\/ligue-golfgrandest.org\/index.php\/wp-json\/wp\/v2\/pages\/137"}],"wp:attachment":[{"href":"https:\/\/ligue-golfgrandest.org\/index.php\/wp-json\/wp\/v2\/media?parent=1040"}],"curies":[{"name":"wp","href":"https:\/\/api.w.org\/{rel}","templated":true}]}}